{"id":77435,"date":"2025-07-14T15:06:32","date_gmt":"2025-07-14T12:06:32","guid":{"rendered":"https:\/\/demo8.ecube.lv\/sezona.lv\/products\/bikses-marmot-motion-insulated\/"},"modified":"2025-07-14T15:06:32","modified_gmt":"2025-07-14T12:06:32","slug":"bikses-marmot-motion-insulated","status":"publish","type":"product","link":"https:\/\/sezona.lv\/en\/products\/bikses-marmot-motion-insulated\/","title":{"rendered":"Bikses Marmot Motion Insulated"},"content":{"rendered":"<p><span style=\"font-size: x-small\">V\u012brie&scaron;u sl\u0113po&scaron;ans bikses ar siltin\u0101t\u0101ju.<\/span><\/p>\n<p><span style=\"color: #800000;font-size: x-small\"><strong>Specifik\u0101cija:<\/strong><\/span><\/p>\n<p><span style=\"font-size: x-small\"><strong>Pamatmateri\u0101ls:<\/strong>PreCip&reg; 100% Nylon 6.8 oz\/yd&nbsp;<br \/><strong>Oder\u0113jums:&nbsp;<\/strong><\/span><span style=\"font-size: x-small\">100% Polyester Embossed WR 1.8 oz\/yd<br \/><strong>Siltin\u0101t\u0101js:<\/strong><\/span>&nbsp;<span style=\"font-size: x-small\">MarmaLoft<br \/><strong>Svars:<\/strong><\/span>&nbsp;<span style=\"font-size: x-small\">&nbsp; grami<br \/><strong>Kr\u0101sa:<\/strong><\/span>&nbsp;<span style=\"font-size: x-small\">melna<\/span><\/p>\n<p><span style=\"color: #800000;font-size: x-small\"><strong>Raksturojums:<\/strong><\/span><\/p>\n<div><span style=\"font-size: x-small\"><img loading=\"lazy\" decoding=\"async\" src=\"http:\/\/www.virsotne.lv\/userfiles\/image\/ahaa\/marmot_logo_aplisM.gif\" alt=\"\" width=\"15\" height=\"15\" \/>&nbsp;Piln\u012bb\u0101 \u016bdensdro&scaron;as un elpojo&scaron;as<br \/><img loading=\"lazy\" decoding=\"async\" src=\"http:\/\/www.virsotne.lv\/userfiles\/image\/ahaa\/marmot_logo_aplisM.gif\" alt=\"\" width=\"15\" height=\"15\" \/><\/span>&nbsp;<span style=\"font-size: x-small\">Visas v\u012bles ir p\u0101rl\u012bm\u0113tas<br \/><img loading=\"lazy\" decoding=\"async\" src=\"http:\/\/www.virsotne.lv\/userfiles\/image\/ahaa\/marmot_logo_aplisM.gif\" alt=\"\" width=\"15\" height=\"15\" \/><\/span>&nbsp;<span style=\"font-size: x-small\">Ie&scaron;\u016bta bahila &#8211; piem\u0113rota sl\u0113pjzabakiem<\/span><\/div>\n","protected":false},"excerpt":{"rendered":"<p>V\u012brie&scaron;u sl\u0113po&scaron;ans bikses ar siltin\u0101t\u0101ju. Specifik\u0101cija: Pamatmateri\u0101ls:PreCip&reg; 100% Nylon 6.8 oz\/yd&nbsp;Oder\u0113jums:&nbsp;100% Polyester Embossed WR 1.8 oz\/ydSiltin\u0101t\u0101js:&nbsp;MarmaLoftSvars:&nbsp;&nbsp; gramiKr\u0101sa:&nbsp;melna Raksturojums: &nbsp;Piln\u012bb\u0101 \u016bdensdro&scaron;as un elpojo&scaron;as&nbsp;Visas v\u012bles ir p\u0101rl\u012bm\u0113tas&nbsp;Ie&scaron;\u016bta bahila &#8211; piem\u0113rota sl\u0113pjzabakiem<\/p>\n","protected":false},"featured_media":0,"template":"","meta":[],"product_brand":[908],"product_cat":[4619,4640,4909],"product_tag":[],"class_list":{"0":"post-77435","1":"product","2":"type-product","3":"status-publish","5":"product_brand-marmot","6":"product_cat-winter-clothes-recreation","7":"product_cat-recreation","8":"product_cat-ski-clothes-winter-clothes-recreation","10":"first","11":"instock","12":"shipping-taxable","13":"purchasable","14":"product-type-simple"},"_links":{"self":[{"href":"https:\/\/sezona.lv\/en\/wp-json\/wp\/v2\/product\/77435","targetHints":{"allow":["GET"]}}],"collection":[{"href":"https:\/\/sezona.lv\/en\/wp-json\/wp\/v2\/product"}],"about":[{"href":"https:\/\/sezona.lv\/en\/wp-json\/wp\/v2\/types\/product"}],"wp:attachment":[{"href":"https:\/\/sezona.lv\/en\/wp-json\/wp\/v2\/media?parent=77435"}],"wp:term":[{"taxonomy":"product_brand","embeddable":true,"href":"https:\/\/sezona.lv\/en\/wp-json\/wp\/v2\/product_brand?post=77435"},{"taxonomy":"product_cat","embeddable":true,"href":"https:\/\/sezona.lv\/en\/wp-json\/wp\/v2\/product_cat?post=77435"},{"taxonomy":"product_tag","embeddable":true,"href":"https:\/\/sezona.lv\/en\/wp-json\/wp\/v2\/product_tag?post=77435"}],"curies":[{"name":"wp","href":"https:\/\/api.w.org\/{rel}","templated":true}]}}