{"id":77437,"date":"2025-07-14T15:06:33","date_gmt":"2025-07-14T12:06:33","guid":{"rendered":"https:\/\/demo8.ecube.lv\/sezona.lv\/products\/jaka-marmot-tram-line\/"},"modified":"2025-07-14T15:06:33","modified_gmt":"2025-07-14T12:06:33","slug":"jaka-marmot-tram-line","status":"publish","type":"product","link":"https:\/\/sezona.lv\/en\/products\/jaka-marmot-tram-line\/","title":{"rendered":"Jaka Marmot Tram Line"},"content":{"rendered":"<p align=\"justify\"><span style=\"font-size: x-small\">Dodies ziemas piedz\u012bvojumos ar<strong>&nbsp;Marmot Tram Line Jacket<\/strong>&nbsp;jaku. Divu sl\u0101\u0146u&nbsp;<strong>Marmot MemBrain<\/strong>konstrukcija un 100% p\u0101rl\u012bm\u0113tas &scaron;uves sniegs piln\u012bgu komfortu un aizsardz\u012bbu pret \u0101r\u0113j\u0101s vides apst\u0101k\u013ciem. Ne v\u0113j&scaron;, ne mitrums netiks iek&scaron;\u0101! Siltin\u0101ta ar inovat\u012bvo&nbsp;<strong>Marmot Therml R&trade;<\/strong>&nbsp;sint\u0113tisko siltin\u0101t\u0101ju &scaron;\u012b jaka b\u016bs lieliska sl\u0113po&scaron;anai vai snovbordam. Liela kapuce pasarg\u0101s no v\u0113tras, turkl\u0101t zem t\u0101s var pasl\u0113pties ar visu \u0137iveri.<\/span><\/p>\n<p>&nbsp;<\/p>\n<p><span style=\"font-size: x-small\"><strong><span style=\"color: #800000\">Specifik\u0101cija:<\/span><\/strong><\/span><\/p>\n<p>&nbsp;<\/p>\n<p><span style=\"font-size: x-small\"><strong>Materi\u0101ls:&nbsp;<\/strong>MemBrain&reg; 100% Nylon Plain Weave 4.0 oz\/yd<br \/><\/span><span style=\"font-size: x-small\"><strong>Siltin\u0101jums:<\/strong>&nbsp;Thermal R&trade;<br \/><\/span><span style=\"font-size: x-small\"><strong>Piegriezums:<\/strong>&nbsp;Regular Fti<br \/><\/span><span style=\"font-size: x-small\"><strong>Muguras garums:<\/strong>&nbsp;75cm<br \/><\/span><span style=\"font-size: x-small\"><strong>Svars:<\/strong>&nbsp;918 grami<\/span><\/p>\n<p>&nbsp;<\/p>\n<p><span style=\"font-size: x-small\">Raksturojums:<\/span><\/p>\n<p>&nbsp;<\/p>\n<p><span style=\"font-size: x-small\"><img loading=\"lazy\" decoding=\"async\" src=\"http:\/\/www.virsotne.lv\/userfiles\/image\/ahaa\/marmot_logo_aplisM.gif\" alt=\"\" width=\"15\" height=\"15\" \/>&nbsp;Visas &scaron;uves ir 100% p\u0101l\u012bm\u0113tas divu sl\u0101\u0146u konstrukcij\u0101<br \/><\/span><span style=\"font-size: x-small\"><img loading=\"lazy\" decoding=\"async\" src=\"http:\/\/www.virsotne.lv\/userfiles\/image\/ahaa\/marmot_logo_aplisM.gif\" alt=\"\" width=\"15\" height=\"15\" \/>&nbsp;No\u0146emama, ar \u0137iveri sader\u012bga, kapuce ar lamin\u0113tu nadgu<br \/><\/span><span style=\"font-size: x-small\"><img loading=\"lazy\" decoding=\"async\" src=\"http:\/\/www.virsotne.lv\/userfiles\/image\/ahaa\/marmot_logo_aplisM.gif\" alt=\"\" width=\"15\" height=\"15\" \/>&nbsp;Therml R&trade; siltin\u0101jums piedurkn\u0113s<br \/><\/span><span style=\"font-size: x-small\"><img loading=\"lazy\" decoding=\"async\" src=\"http:\/\/www.virsotne.lv\/userfiles\/image\/ahaa\/marmot_logo_aplisM.gif\" alt=\"\" width=\"15\" height=\"15\" \/>&nbsp;Piedurknes sl\u0113po&scaron;anas \u010dipa kabata<br \/><\/span><span style=\"font-size: x-small\"><img loading=\"lazy\" decoding=\"async\" src=\"http:\/\/www.virsotne.lv\/userfiles\/image\/ahaa\/marmot_logo_aplisM.gif\" alt=\"\" width=\"15\" height=\"15\" \/>&nbsp;Sniega kleinti\u0146a<br \/><\/span><span style=\"font-size: x-small\"><img loading=\"lazy\" decoding=\"async\" src=\"http:\/\/www.virsotne.lv\/userfiles\/image\/ahaa\/marmot_logo_aplisM.gif\" alt=\"\" width=\"15\" height=\"15\" \/>&nbsp;Iek&scaron;j\u0101 m\u016bzikas atska\u0146ot\u0101ja kabata<br \/><\/span><span style=\"font-size: x-small\"><img loading=\"lazy\" decoding=\"async\" src=\"http:\/\/www.virsotne.lv\/userfiles\/image\/ahaa\/marmot_logo_aplisM.gif\" alt=\"\" width=\"15\" height=\"15\" \/>&nbsp;Angel-Wing Movement&trade; piegriezums<\/span><\/p>\n","protected":false},"excerpt":{"rendered":"<p>Dodies ziemas piedz\u012bvojumos ar&nbsp;Marmot Tram Line Jacket&nbsp;jaku. Divu sl\u0101\u0146u&nbsp;Marmot MemBrainkonstrukcija un 100% p\u0101rl\u012bm\u0113tas &scaron;uves sniegs piln\u012bgu komfortu un aizsardz\u012bbu pret \u0101r\u0113j\u0101s vides apst\u0101k\u013ciem. Ne v\u0113j&scaron;, ne mitrums netiks iek&scaron;\u0101! Siltin\u0101ta ar inovat\u012bvo&nbsp;Marmot Therml R&trade;&nbsp;sint\u0113tisko siltin\u0101t\u0101ju &scaron;\u012b jaka b\u016bs lieliska sl\u0113po&scaron;anai vai snovbordam. Liela kapuce pasarg\u0101s no v\u0113tras, turkl\u0101t zem t\u0101s var pasl\u0113pties ar visu \u0137iveri. [&hellip;]<\/p>\n","protected":false},"featured_media":0,"template":"","meta":[],"product_brand":[908],"product_cat":[4619,4640,4909],"product_tag":[],"class_list":{"0":"post-77437","1":"product","2":"type-product","3":"status-publish","5":"product_brand-marmot","6":"product_cat-winter-clothes-recreation","7":"product_cat-recreation","8":"product_cat-ski-clothes-winter-clothes-recreation","10":"first","11":"instock","12":"shipping-taxable","13":"purchasable","14":"product-type-simple"},"_links":{"self":[{"href":"https:\/\/sezona.lv\/en\/wp-json\/wp\/v2\/product\/77437","targetHints":{"allow":["GET"]}}],"collection":[{"href":"https:\/\/sezona.lv\/en\/wp-json\/wp\/v2\/product"}],"about":[{"href":"https:\/\/sezona.lv\/en\/wp-json\/wp\/v2\/types\/product"}],"wp:attachment":[{"href":"https:\/\/sezona.lv\/en\/wp-json\/wp\/v2\/media?parent=77437"}],"wp:term":[{"taxonomy":"product_brand","embeddable":true,"href":"https:\/\/sezona.lv\/en\/wp-json\/wp\/v2\/product_brand?post=77437"},{"taxonomy":"product_cat","embeddable":true,"href":"https:\/\/sezona.lv\/en\/wp-json\/wp\/v2\/product_cat?post=77437"},{"taxonomy":"product_tag","embeddable":true,"href":"https:\/\/sezona.lv\/en\/wp-json\/wp\/v2\/product_tag?post=77437"}],"curies":[{"name":"wp","href":"https:\/\/api.w.org\/{rel}","templated":true}]}}