{"id":77438,"date":"2025-07-14T15:06:34","date_gmt":"2025-07-14T12:06:34","guid":{"rendered":"https:\/\/demo8.ecube.lv\/sezona.lv\/products\/jaka-marmot-wms-moonshot\/"},"modified":"2025-07-14T15:06:34","modified_gmt":"2025-07-14T12:06:34","slug":"jaka-marmot-wms-moonshot","status":"publish","type":"product","link":"https:\/\/sezona.lv\/en\/products\/jaka-marmot-wms-moonshot\/","title":{"rendered":"Jaka Marmot Wms Moonshot"},"content":{"rendered":"<p align=\"justify\"><span style=\"font-size: x-small\">Drosm\u012bga, kr\u0101saina un vienm\u0113r gatava piedz\u012bvojumiem,&nbsp;<strong>Wm&#8217;s Moonshot Jakcet<\/strong>&nbsp;sievie&scaron;u sl\u0113po&scaron;anas jaka uztur\u0113s Tevi vienm\u0113r siltu jebkur\u0101 vid\u0113. &Scaron;\u012b jaka ir pild\u012bta ar&nbsp;<strong>Marmot&nbsp;<\/strong>izstr\u0101d\u0101tu sint\u0113tisko siltin\u0101t\u0101ju<strong>Thermla R&trade;<\/strong>, kas ir iek\u013cauts piln\u012bgi \u016bdensdro&scaron;\u0101 un elpojo&scaron;\u0101<strong>&nbsp;Marmot MemBrain&reg;&nbsp;<\/strong>membr\u0101n\u0101. Ja nepat\u012bk sniega kleiti\u0146a, nek\u0101du probl\u0113mu, t\u0101 ir no\u0146emama. \u0100trai un efekt\u012bvai ventil\u0101cijai var izmantot padus\u0113s iestr\u0101d\u0101tus&nbsp;<strong>Pit Zips&trade;<\/strong>&nbsp;r\u0101v\u0113jsl\u0113dz\u0113jus. Cimdus, cepuri vai sl\u0113po&scaron;anas brilles var glab\u0101t liel\u0101 sieti\u0146iek&scaron;kabat\u0101. &Scaron;\u012b jaka b\u016bs laba izv\u0113le, ja pat\u012bk drosm\u012bgi kr\u0101su salikumi ar nevainojamu veiktsp\u0113ju.<\/span><\/p>\n<p>&nbsp;<\/p>\n<p><span style=\"color: #800000;font-size: x-small\"><strong>Specifik\u0101cija:<\/strong><\/span><\/p>\n<p>&nbsp;<\/p>\n<p><span style=\"font-size: x-small\"><strong>Materi\u0101ls:&nbsp;<\/strong>MemBrain&reg;10 2L 100% Nylon Plain Weave 5.0 oz\/yd<br \/><\/span><span style=\"font-size: x-small\"><strong>Siltin\u0101jums:&nbsp;<\/strong>Thermal R&trade;<br \/><\/span><span style=\"font-size: x-small\"><strong>Piegriezums:&nbsp;<\/strong>Regular Fit<br \/><\/span><span style=\"font-size: x-small\"><strong>Muguras garums:<\/strong>&nbsp;70cm<br \/><\/span><span style=\"font-size: x-small\"><strong>Svars:&nbsp;<\/strong>921 grami<\/span><\/p>\n<p>&nbsp;<\/p>\n<p><span style=\"font-size: x-small\"><strong><span style=\"color: #800000\">Raksturojums:<\/span><\/strong><\/span><\/p>\n<p>&nbsp;<\/p>\n<p><span style=\"font-size: x-small\"><img loading=\"lazy\" decoding=\"async\" src=\"http:\/\/www.virsotne.lv\/userfiles\/image\/ahaa\/marmot_logo_aplisM.gif\" alt=\"\" width=\"15\" height=\"15\" \/>&nbsp;100% p\u0101rl\u012bm\u0113tas &scaron;uves<br \/><\/span><span style=\"font-size: x-small\"><img loading=\"lazy\" decoding=\"async\" src=\"http:\/\/www.virsotne.lv\/userfiles\/image\/ahaa\/marmot_logo_aplisM.gif\" alt=\"\" width=\"15\" height=\"15\" \/>&nbsp;No\u0146emama kapuce ar lamin\u0113tu nadzi\u0146u<br \/><\/span><span style=\"font-size: x-small\"><img loading=\"lazy\" decoding=\"async\" src=\"http:\/\/www.virsotne.lv\/userfiles\/image\/ahaa\/marmot_logo_aplisM.gif\" alt=\"\" width=\"15\" height=\"15\" \/>&nbsp;Kr\u016b&scaron;u kabata ar herm\u0113tisko r\u0101v\u0113jsl\u0113dz\u0113ju<br \/><\/span><span style=\"font-size: x-small\"><img loading=\"lazy\" decoding=\"async\" src=\"http:\/\/www.virsotne.lv\/userfiles\/image\/ahaa\/marmot_logo_aplisM.gif\" alt=\"\" width=\"15\" height=\"15\" \/>&nbsp;Nopog\u0101jama sniega kleiti\u0146a<br \/><\/span><span style=\"font-size: x-small\"><img loading=\"lazy\" decoding=\"async\" src=\"http:\/\/www.virsotne.lv\/userfiles\/image\/ahaa\/marmot_logo_aplisM.gif\" alt=\"\" width=\"15\" height=\"15\" \/>&nbsp;Iek&scaron;\u0113j\u0101 multimedija atska\u0146ot\u0101ja kabata<br \/><\/span><span style=\"font-size: x-small\"><img loading=\"lazy\" decoding=\"async\" src=\"http:\/\/www.virsotne.lv\/userfiles\/image\/ahaa\/marmot_logo_aplisM.gif\" alt=\"\" width=\"15\" height=\"15\" \/>&nbsp;Liela sl\u0113po&scaron;anas bri\u013c\u013cu iek&scaron;kabata<br \/><\/span><span style=\"font-size: x-small\"><img loading=\"lazy\" decoding=\"async\" src=\"http:\/\/www.virsotne.lv\/userfiles\/image\/ahaa\/marmot_logo_aplisM.gif\" alt=\"\" width=\"15\" height=\"15\" \/>&nbsp;M\u012bksta auduma apkakle un plecu da\u013ca<\/span><\/p>\n","protected":false},"excerpt":{"rendered":"<p>Drosm\u012bga, kr\u0101saina un vienm\u0113r gatava piedz\u012bvojumiem,&nbsp;Wm&#8217;s Moonshot Jakcet&nbsp;sievie&scaron;u sl\u0113po&scaron;anas jaka uztur\u0113s Tevi vienm\u0113r siltu jebkur\u0101 vid\u0113. &Scaron;\u012b jaka ir pild\u012bta ar&nbsp;Marmot&nbsp;izstr\u0101d\u0101tu sint\u0113tisko siltin\u0101t\u0101juThermla R&trade;, kas ir iek\u013cauts piln\u012bgi \u016bdensdro&scaron;\u0101 un elpojo&scaron;\u0101&nbsp;Marmot MemBrain&reg;&nbsp;membr\u0101n\u0101. Ja nepat\u012bk sniega kleiti\u0146a, nek\u0101du probl\u0113mu, t\u0101 ir no\u0146emama. \u0100trai un efekt\u012bvai ventil\u0101cijai var izmantot padus\u0113s iestr\u0101d\u0101tus&nbsp;Pit Zips&trade;&nbsp;r\u0101v\u0113jsl\u0113dz\u0113jus. Cimdus, cepuri vai sl\u0113po&scaron;anas brilles [&hellip;]<\/p>\n","protected":false},"featured_media":0,"template":"","meta":[],"product_brand":[908],"product_cat":[4619,4640,4909],"product_tag":[],"class_list":{"0":"post-77438","1":"product","2":"type-product","3":"status-publish","5":"product_brand-marmot","6":"product_cat-winter-clothes-recreation","7":"product_cat-recreation","8":"product_cat-ski-clothes-winter-clothes-recreation","10":"first","11":"instock","12":"shipping-taxable","13":"purchasable","14":"product-type-simple"},"_links":{"self":[{"href":"https:\/\/sezona.lv\/en\/wp-json\/wp\/v2\/product\/77438","targetHints":{"allow":["GET"]}}],"collection":[{"href":"https:\/\/sezona.lv\/en\/wp-json\/wp\/v2\/product"}],"about":[{"href":"https:\/\/sezona.lv\/en\/wp-json\/wp\/v2\/types\/product"}],"wp:attachment":[{"href":"https:\/\/sezona.lv\/en\/wp-json\/wp\/v2\/media?parent=77438"}],"wp:term":[{"taxonomy":"product_brand","embeddable":true,"href":"https:\/\/sezona.lv\/en\/wp-json\/wp\/v2\/product_brand?post=77438"},{"taxonomy":"product_cat","embeddable":true,"href":"https:\/\/sezona.lv\/en\/wp-json\/wp\/v2\/product_cat?post=77438"},{"taxonomy":"product_tag","embeddable":true,"href":"https:\/\/sezona.lv\/en\/wp-json\/wp\/v2\/product_tag?post=77438"}],"curies":[{"name":"wp","href":"https:\/\/api.w.org\/{rel}","templated":true}]}}