{"id":77439,"date":"2025-07-14T15:06:35","date_gmt":"2025-07-14T12:06:35","guid":{"rendered":"https:\/\/demo8.ecube.lv\/sezona.lv\/products\/jaka-marmot-wms-free-skier\/"},"modified":"2025-07-14T15:06:35","modified_gmt":"2025-07-14T12:06:35","slug":"jaka-marmot-wms-free-skier","status":"publish","type":"product","link":"https:\/\/sezona.lv\/en\/products\/jaka-marmot-wms-free-skier\/","title":{"rendered":"Jaka Marmot Wms Free Skier"},"content":{"rendered":"<p align=\"justify\">&nbsp;<span style=\"font-size: x-small\">Zema temperat\u016bra nav &scaron;\u0137\u0113rslis siltin\u0101tajai&nbsp;<strong>Wm&#8217;s Free Skier Jakcet<\/strong>&nbsp;jakai. 100% \u016bdensdro&scaron;a un elpojo&scaron;a divu sl\u0101\u0146u&nbsp;<strong>Marmot MemBrain&reg;10 2L<\/strong>&nbsp;membr\u0101na ar inovat\u012bvo&nbsp;<strong>Thermal R&trade;<\/strong>&nbsp;sint\u0113tisko siltin\u0101t\u0101ju g\u0101d\u0101s par nevainojamu komfortu aukst\u0101 laik\u0101. Galvu var\u0113s p\u0101rsegt ar lielo kapuce, turkl\u0101t taj\u0101 ietilps ar\u012b \u0137ivere. Jebkura sieviete nov\u0113rt\u0113s &scaron;\u012bs jakas veiktsp\u0113ju un lielisko piegriezumu.<\/span><\/p>\n<p align=\"justify\">&nbsp;<\/p>\n<p>&nbsp;<\/p>\n<p><span style=\"color: #800000;font-size: x-small\"><strong>Specifik\u0101cija:<\/strong><\/span><\/p>\n<p>&nbsp;<\/p>\n<p><span style=\"font-size: x-small\"><strong>Materi\u0101ls:<\/strong>&nbsp;MemBrain&reg;10 2L 100% Nylon Plain Weave 5.0 oz\/yd<br \/><\/span><span style=\"font-size: x-small\"><strong>Siltin\u0101jums:<\/strong>&nbsp;Thermal R&trade;<br \/><\/span><span style=\"font-size: x-small\"><strong>Piegriezums:<\/strong>&nbsp;Regular Fit<br \/><\/span><span style=\"font-size: x-small\"><strong>Muguras garums:&nbsp;<\/strong>66cm<br \/><\/span><span style=\"font-size: x-small\"><strong>Svars:&nbsp;<\/strong>680 grami<\/span><\/p>\n<p>&nbsp;<\/p>\n<p><span style=\"font-size: x-small\"><strong><span style=\"color: #800000\">Raksturojums:<\/span><\/strong><\/span><\/p>\n<p>&nbsp;<\/p>\n<p><span style=\"font-size: x-small\"><img loading=\"lazy\" decoding=\"async\" src=\"http:\/\/www.virsotne.lv\/userfiles\/image\/ahaa\/marmot_logo_aplisM.gif\" alt=\"\" width=\"15\" height=\"15\" \/>&nbsp;Visas &scaron;uves ir 100% p\u0101rl\u012bm\u0113tas<br \/><\/span><span style=\"font-size: x-small\"><img loading=\"lazy\" decoding=\"async\" src=\"http:\/\/www.virsotne.lv\/userfiles\/image\/ahaa\/marmot_logo_aplisM.gif\" alt=\"\" width=\"15\" height=\"15\" \/>&nbsp;Pie&scaron;\u016bta, ar \u0137iveri sader\u012bga kapuce<br \/><\/span><span style=\"font-size: x-small\"><img loading=\"lazy\" decoding=\"async\" src=\"http:\/\/www.virsotne.lv\/userfiles\/image\/ahaa\/marmot_logo_aplisM.gif\" alt=\"\" width=\"15\" height=\"15\" \/>&nbsp;S\u0101nu kabatas ar herm\u0113tiskiem r\u0101v\u0113jsl\u0113dz\u0113jiem<br \/><\/span><span style=\"font-size: x-small\"><img loading=\"lazy\" decoding=\"async\" src=\"http:\/\/www.virsotne.lv\/userfiles\/image\/ahaa\/marmot_logo_aplisM.gif\" alt=\"\" width=\"15\" height=\"15\" \/>&nbsp;No\u0146emama sniega kleiti\u0146a<br \/><\/span><span style=\"font-size: x-small\"><img loading=\"lazy\" decoding=\"async\" src=\"http:\/\/www.virsotne.lv\/userfiles\/image\/ahaa\/marmot_logo_aplisM.gif\" alt=\"\" width=\"15\" height=\"15\" \/>&nbsp;Iek&scaron;\u0113j\u0101 medeiplejera kabata<br \/><\/span><span style=\"font-size: x-small\"><img loading=\"lazy\" decoding=\"async\" src=\"http:\/\/www.virsotne.lv\/userfiles\/image\/ahaa\/marmot_logo_aplisM.gif\" alt=\"\" width=\"15\" height=\"15\" \/>&nbsp;Liela iek&scaron;\u0113j\u0101 mantu kabata<br \/><\/span><span style=\"font-size: x-small\"><img loading=\"lazy\" decoding=\"async\" src=\"http:\/\/www.virsotne.lv\/userfiles\/image\/ahaa\/marmot_logo_aplisM.gif\" alt=\"\" width=\"15\" height=\"15\" \/>&nbsp;M\u012bksts oder\u0113jums kakla un plecu da\u013c\u0101<br \/><\/span><span style=\"font-size: x-small\"><img loading=\"lazy\" decoding=\"async\" src=\"http:\/\/www.virsotne.lv\/userfiles\/image\/ahaa\/marmot_logo_aplisM.gif\" alt=\"\" width=\"15\" height=\"15\" \/>&nbsp;Speci\u0101la kabata saules brill\u0113m<\/span><\/p>\n","protected":false},"excerpt":{"rendered":"<p>&nbsp;Zema temperat\u016bra nav &scaron;\u0137\u0113rslis siltin\u0101tajai&nbsp;Wm&#8217;s Free Skier Jakcet&nbsp;jakai. 100% \u016bdensdro&scaron;a un elpojo&scaron;a divu sl\u0101\u0146u&nbsp;Marmot MemBrain&reg;10 2L&nbsp;membr\u0101na ar inovat\u012bvo&nbsp;Thermal R&trade;&nbsp;sint\u0113tisko siltin\u0101t\u0101ju g\u0101d\u0101s par nevainojamu komfortu aukst\u0101 laik\u0101. Galvu var\u0113s p\u0101rsegt ar lielo kapuce, turkl\u0101t taj\u0101 ietilps ar\u012b \u0137ivere. Jebkura sieviete nov\u0113rt\u0113s &scaron;\u012bs jakas veiktsp\u0113ju un lielisko piegriezumu. &nbsp; &nbsp; Specifik\u0101cija: &nbsp; Materi\u0101ls:&nbsp;MemBrain&reg;10 2L 100% Nylon Plain [&hellip;]<\/p>\n","protected":false},"featured_media":0,"template":"","meta":[],"product_brand":[908],"product_cat":[4619,4640,4909],"product_tag":[],"class_list":{"0":"post-77439","1":"product","2":"type-product","3":"status-publish","5":"product_brand-marmot","6":"product_cat-winter-clothes-recreation","7":"product_cat-recreation","8":"product_cat-ski-clothes-winter-clothes-recreation","10":"first","11":"instock","12":"shipping-taxable","13":"purchasable","14":"product-type-simple"},"_links":{"self":[{"href":"https:\/\/sezona.lv\/en\/wp-json\/wp\/v2\/product\/77439","targetHints":{"allow":["GET"]}}],"collection":[{"href":"https:\/\/sezona.lv\/en\/wp-json\/wp\/v2\/product"}],"about":[{"href":"https:\/\/sezona.lv\/en\/wp-json\/wp\/v2\/types\/product"}],"wp:attachment":[{"href":"https:\/\/sezona.lv\/en\/wp-json\/wp\/v2\/media?parent=77439"}],"wp:term":[{"taxonomy":"product_brand","embeddable":true,"href":"https:\/\/sezona.lv\/en\/wp-json\/wp\/v2\/product_brand?post=77439"},{"taxonomy":"product_cat","embeddable":true,"href":"https:\/\/sezona.lv\/en\/wp-json\/wp\/v2\/product_cat?post=77439"},{"taxonomy":"product_tag","embeddable":true,"href":"https:\/\/sezona.lv\/en\/wp-json\/wp\/v2\/product_tag?post=77439"}],"curies":[{"name":"wp","href":"https:\/\/api.w.org\/{rel}","templated":true}]}}