{"id":77440,"date":"2025-07-14T15:06:36","date_gmt":"2025-07-14T12:06:36","guid":{"rendered":"https:\/\/demo8.ecube.lv\/sezona.lv\/products\/jaka-marmot-wms-zermatt\/"},"modified":"2025-07-14T15:06:36","modified_gmt":"2025-07-14T12:06:36","slug":"jaka-marmot-wms-zermatt","status":"publish","type":"product","link":"https:\/\/sezona.lv\/en\/products\/jaka-marmot-wms-zermatt\/","title":{"rendered":"Jaka Marmot Wms Zermatt"},"content":{"rendered":"<p align=\"justify\"><span style=\"font-size: x-small\">Veidota no&nbsp;<strong>Marmot MemBrain&reg;<\/strong>&nbsp;membr\u0101nas un pild\u012bta ar&nbsp;<strong>650 FP zosu<\/strong>&nbsp;d\u016bn\u0101m,&nbsp;<strong>Wm&#8217;s Zermat Jacket<\/strong>&nbsp;jaka ir k\u0101 rad\u012bta sal\u012bg\u0101m d\u0101m\u0101m. No\u0146emama, ar d\u016bn\u0101m pild\u012bta kapuce p\u0101rveidos &scaron;o jaku par vienk\u0101r&scaron;u pils\u0113tas jaku ar lieliskiem tehniskajiem r\u0101d\u012bt\u0101jiem. M\u012bksts fl\u012bsa oder\u0113jums kakla un plecu rajon\u0101 padar\u012bs to par \u012bpa&scaron;i omul\u012bgu. Sievie&scaron;u piegriezums izcels gurnus un \u013caus taj\u0101 br\u012bvi justies ziemas aktivit\u0101&scaron;u laik\u0101. &Scaron;\u012b jaka lieliski kalpos gan sl\u0113pot\u0101j\u0101m, gan ar\u012b t\u0101m sieviet\u0113m, kur\u0101m vienk\u0101r&scaron;i pat\u012bk komforts, ejot ziemas pastaig\u0101.<\/span><\/p>\n<p align=\"justify\">&nbsp;<\/p>\n<p><span style=\"color: #800000;font-size: x-small\"><strong>Specifik\u0101cija:<\/strong><\/span><\/p>\n<p><span style=\"font-size: x-small\"><strong>Pamatmateri\u0101ls:<\/strong>&nbsp;MemBrain&reg; 2L 100% Nylon Plain Weave 2.2 oz\/ yd<br \/><\/span><span style=\"font-size: x-small\"><strong>Muguras garums:<\/strong>&nbsp;67 cm (M izm\u0113ram)<br \/><\/span><span style=\"font-size: x-small\"><strong>S<\/strong><strong>iltin\u0101t\u0101js:<\/strong>&nbsp;650 FP zosu d\u016bnas<br \/><\/span><span style=\"font-size: x-small\"><strong>Svars:<\/strong>&nbsp;992 grami<br \/><\/span><span style=\"font-size: x-small\"><strong>Kr\u0101sa:&nbsp;<\/strong>melna ar baltu<span style=\"color: #000000\"><br \/><\/span><\/span><\/p>\n<p><span style=\"color: #800000;font-size: x-small\"><strong>Raksturojums:<\/strong><\/span><\/p>\n<p><span style=\"font-size: x-small\"><img loading=\"lazy\" decoding=\"async\" src=\"http:\/\/www.virsotne.lv\/userfiles\/image\/ahaa\/marmot_logo_aplisM.gif\" alt=\"\" width=\"15\" height=\"15\" \/>&nbsp;\u016adensiztur\u012bga un elpojo&scaron;a<br \/><\/span><span style=\"font-size: x-small\"><img loading=\"lazy\" decoding=\"async\" src=\"http:\/\/www.virsotne.lv\/userfiles\/image\/ahaa\/marmot_logo_aplisM.gif\" alt=\"\" width=\"15\" height=\"15\" \/>&nbsp;Zosu d\u016bnu pild\u012bjums 650 FP&nbsp;<br \/><\/span><span style=\"font-size: x-small\"><img loading=\"lazy\" decoding=\"async\" src=\"http:\/\/www.virsotne.lv\/userfiles\/image\/ahaa\/marmot_logo_aplisM.gif\" alt=\"\" width=\"15\" height=\"15\" \/>&nbsp;Visas &scaron;uves ir p\u0101rl\u012bm\u0113tas<br \/><\/span><span style=\"font-size: x-small\"><img loading=\"lazy\" decoding=\"async\" src=\"http:\/\/www.virsotne.lv\/userfiles\/image\/ahaa\/marmot_logo_aplisM.gif\" alt=\"\" width=\"15\" height=\"15\" \/>&nbsp;No\u0146emama kapuce<\/span><\/p>\n","protected":false},"excerpt":{"rendered":"<p>Veidota no&nbsp;Marmot MemBrain&reg;&nbsp;membr\u0101nas un pild\u012bta ar&nbsp;650 FP zosu&nbsp;d\u016bn\u0101m,&nbsp;Wm&#8217;s Zermat Jacket&nbsp;jaka ir k\u0101 rad\u012bta sal\u012bg\u0101m d\u0101m\u0101m. No\u0146emama, ar d\u016bn\u0101m pild\u012bta kapuce p\u0101rveidos &scaron;o jaku par vienk\u0101r&scaron;u pils\u0113tas jaku ar lieliskiem tehniskajiem r\u0101d\u012bt\u0101jiem. M\u012bksts fl\u012bsa oder\u0113jums kakla un plecu rajon\u0101 padar\u012bs to par \u012bpa&scaron;i omul\u012bgu. Sievie&scaron;u piegriezums izcels gurnus un \u013caus taj\u0101 br\u012bvi justies ziemas aktivit\u0101&scaron;u laik\u0101. [&hellip;]<\/p>\n","protected":false},"featured_media":0,"template":"","meta":[],"product_brand":[908],"product_cat":[4619,4640,4909],"product_tag":[],"class_list":{"0":"post-77440","1":"product","2":"type-product","3":"status-publish","5":"product_brand-marmot","6":"product_cat-winter-clothes-recreation","7":"product_cat-recreation","8":"product_cat-ski-clothes-winter-clothes-recreation","10":"first","11":"instock","12":"shipping-taxable","13":"purchasable","14":"product-type-simple"},"_links":{"self":[{"href":"https:\/\/sezona.lv\/en\/wp-json\/wp\/v2\/product\/77440","targetHints":{"allow":["GET"]}}],"collection":[{"href":"https:\/\/sezona.lv\/en\/wp-json\/wp\/v2\/product"}],"about":[{"href":"https:\/\/sezona.lv\/en\/wp-json\/wp\/v2\/types\/product"}],"wp:attachment":[{"href":"https:\/\/sezona.lv\/en\/wp-json\/wp\/v2\/media?parent=77440"}],"wp:term":[{"taxonomy":"product_brand","embeddable":true,"href":"https:\/\/sezona.lv\/en\/wp-json\/wp\/v2\/product_brand?post=77440"},{"taxonomy":"product_cat","embeddable":true,"href":"https:\/\/sezona.lv\/en\/wp-json\/wp\/v2\/product_cat?post=77440"},{"taxonomy":"product_tag","embeddable":true,"href":"https:\/\/sezona.lv\/en\/wp-json\/wp\/v2\/product_tag?post=77440"}],"curies":[{"name":"wp","href":"https:\/\/api.w.org\/{rel}","templated":true}]}}