{"id":77441,"date":"2025-07-14T15:06:36","date_gmt":"2025-07-14T12:06:36","guid":{"rendered":"https:\/\/demo8.ecube.lv\/sezona.lv\/products\/jaka-marmot-wms-palisades\/"},"modified":"2025-07-14T15:06:36","modified_gmt":"2025-07-14T12:06:36","slug":"jaka-marmot-wms-palisades","status":"publish","type":"product","link":"https:\/\/sezona.lv\/en\/products\/jaka-marmot-wms-palisades\/","title":{"rendered":"Jaka Marmot Wms Palisades"},"content":{"rendered":"<p align=\"justify\"><span style=\"font-size: x-small\">&Scaron;\u012b divu sl\u0101\u0146u GORE-TEX&reg; Performance Shell sporta jaka ar no\u0146emamu kapuci un sniega kleiti\u0146u ir univers\u0101ls ap\u0123\u0113rba gabals, kas der\u0113s k\u0101 kalnu sl\u0113po&scaron;anai, t\u0101 ar\u012b rudens\/ziemas p\u0101rg\u0101jieniem. Angel-Wing Movement&trade; piegriezums \u013caus br\u012bvi kust\u0113ties, neraujot jaku uz aug&scaron;u. Papildus iestr\u0101d\u0101tais Zippin r\u0101v\u0113jsl\u0113dz\u0113js \u013caus iepog\u0101t atbilsto&scaron;u fl\u012bsa vai sint\u0113tisko jaku, padarot to par silto oderi.<\/span><\/p>\n<p align=\"left\"><span style=\"color: #800000;font-size: x-small\"><strong>Specifik\u0101cija:<\/strong><\/span><\/p>\n<p>&nbsp;<\/p>\n<p align=\"left\"><span style=\"font-size: x-small\"><strong>Membr\u0101na:&nbsp;<\/strong><\/span><span style=\"font-size: x-small\"><span style=\"font-size: x-small\">GORE-TEX&reg; Products 2L 100% Polyester 3.4 oz\/yd<br \/><\/span><strong>Odere:<\/strong><\/span>&nbsp;<span style=\"font-size: x-small\"><span style=\"font-size: x-small\">100% Polyester Embossed WR 1.3 oz\/yd<br \/><\/span><strong>Mitrumiztur\u012bba:<\/strong><\/span>&nbsp;<span style=\"font-size: x-small\">40PSI (~20 000 mm)<br \/><strong>Elpojo&scaron;\u0101s \u012bpa&scaron;\u012bbas:<\/strong><\/span>&nbsp;<span style=\"font-size: x-small\">~20 000 g\/m2\/24h<br \/><strong>Piegriezums:&nbsp;<\/strong>Regular Fit<br \/><strong>Svars:<\/strong><\/span>&nbsp;<span style=\"font-size: x-small\">779g<br \/><strong>Muguras garums:<\/strong>&nbsp;68cm (M izm\u0113ram)<br \/><strong>Kr\u0101sas:<\/strong><\/span>&nbsp;<span style=\"font-size: x-small\">tum&scaron;i za\u013ca<\/span><\/p>\n<p align=\"left\"><span style=\"color: #800000;font-size: x-small\"><strong>Raksturojums:<\/strong><\/span><\/p>\n<p>&nbsp;<\/p>\n<p>&nbsp;<\/p>\n<p>&nbsp;<\/p>\n<p align=\"left\"><span style=\"font-size: x-small\"><img loading=\"lazy\" decoding=\"async\" src=\"http:\/\/www.virsotne.lv\/userfiles\/image\/ahaa\/marmot_logo_aplisM.gif\" alt=\"\" width=\"15\" height=\"15\" \/>&nbsp;Visas &scaron;uves ir 100% nol\u012bm\u0113tas<br \/><\/span><span style=\"font-size: x-small\"><img loading=\"lazy\" decoding=\"async\" src=\"http:\/\/www.virsotne.lv\/userfiles\/image\/ahaa\/marmot_logo_aplisM.gif\" alt=\"\" width=\"15\" height=\"15\" \/>&nbsp;Regul\u0113jamas Velcro ma\u017eetes<br \/><\/span><span style=\"font-size: x-small\"><span style=\"font-size: x-small\"><span style=\"font-size: x-small\"><img loading=\"lazy\" decoding=\"async\" src=\"http:\/\/www.virsotne.lv\/userfiles\/image\/ahaa\/marmot_logo_aplisM.gif\" alt=\"\" width=\"15\" height=\"15\" \/><\/span><\/span>&nbsp;Angel-Wing Movement piegriezums<br \/><\/span><span style=\"font-size: x-small\"><img loading=\"lazy\" decoding=\"async\" src=\"http:\/\/www.virsotne.lv\/userfiles\/image\/ahaa\/marmot_logo_aplisM.gif\" alt=\"\" width=\"15\" height=\"15\" \/>&nbsp;Kr\u016b&scaron;u kabata ar herm\u0113tisku r\u0101v\u0113jsl\u0113dz\u0113ju<br \/><\/span><span style=\"font-size: x-small\"><img loading=\"lazy\" decoding=\"async\" src=\"http:\/\/www.virsotne.lv\/userfiles\/image\/ahaa\/marmot_logo_aplisM.gif\" alt=\"\" width=\"15\" height=\"15\" \/>&nbsp;PitZips r\u0101v\u0113jsl\u0113dz\u0113ji padus\u0113s<br \/><\/span><span style=\"font-size: x-small\"><img loading=\"lazy\" decoding=\"async\" src=\"http:\/\/www.virsotne.lv\/userfiles\/image\/ahaa\/marmot_logo_aplisM.gif\" alt=\"\" width=\"15\" height=\"15\" \/>&nbsp;No\u0146emama sniega kleiti\u0146a<br \/><\/span><span style=\"font-size: x-small\"><span style=\"font-size: x-small\"><span style=\"font-size: x-small\"><span style=\"font-size: x-small\"><span style=\"font-size: x-small\"><span style=\"font-size: x-small\"><img loading=\"lazy\" decoding=\"async\" src=\"http:\/\/www.virsotne.lv\/userfiles\/image\/ahaa\/marmot_logo_aplisM.gif\" alt=\"\" width=\"15\" height=\"15\" \/>&nbsp;No\u0146emama kapuce<\/span><\/span><\/span><\/span><\/span><br \/><\/span><span style=\"font-size: x-small\"><img loading=\"lazy\" decoding=\"async\" src=\"http:\/\/www.virsotne.lv\/userfiles\/image\/ahaa\/marmot_logo_aplisM.gif\" alt=\"\" width=\"15\" height=\"15\" \/>&nbsp;Zippin r\u0101v\u0113jsl\u0113dz\u0113js &#8211; fl\u012bsa iepog\u0101&scaron;anai<\/span><\/p>\n","protected":false},"excerpt":{"rendered":"<p>&Scaron;\u012b divu sl\u0101\u0146u GORE-TEX&reg; Performance Shell sporta jaka ar no\u0146emamu kapuci un sniega kleiti\u0146u ir univers\u0101ls ap\u0123\u0113rba gabals, kas der\u0113s k\u0101 kalnu sl\u0113po&scaron;anai, t\u0101 ar\u012b rudens\/ziemas p\u0101rg\u0101jieniem. Angel-Wing Movement&trade; piegriezums \u013caus br\u012bvi kust\u0113ties, neraujot jaku uz aug&scaron;u. Papildus iestr\u0101d\u0101tais Zippin r\u0101v\u0113jsl\u0113dz\u0113js \u013caus iepog\u0101t atbilsto&scaron;u fl\u012bsa vai sint\u0113tisko jaku, padarot to par silto oderi. Specifik\u0101cija: &nbsp; [&hellip;]<\/p>\n","protected":false},"featured_media":0,"template":"","meta":[],"product_brand":[908],"product_cat":[4619,4640,4909],"product_tag":[],"class_list":{"0":"post-77441","1":"product","2":"type-product","3":"status-publish","5":"product_brand-marmot","6":"product_cat-winter-clothes-recreation","7":"product_cat-recreation","8":"product_cat-ski-clothes-winter-clothes-recreation","10":"first","11":"instock","12":"shipping-taxable","13":"purchasable","14":"product-type-simple"},"_links":{"self":[{"href":"https:\/\/sezona.lv\/en\/wp-json\/wp\/v2\/product\/77441","targetHints":{"allow":["GET"]}}],"collection":[{"href":"https:\/\/sezona.lv\/en\/wp-json\/wp\/v2\/product"}],"about":[{"href":"https:\/\/sezona.lv\/en\/wp-json\/wp\/v2\/types\/product"}],"wp:attachment":[{"href":"https:\/\/sezona.lv\/en\/wp-json\/wp\/v2\/media?parent=77441"}],"wp:term":[{"taxonomy":"product_brand","embeddable":true,"href":"https:\/\/sezona.lv\/en\/wp-json\/wp\/v2\/product_brand?post=77441"},{"taxonomy":"product_cat","embeddable":true,"href":"https:\/\/sezona.lv\/en\/wp-json\/wp\/v2\/product_cat?post=77441"},{"taxonomy":"product_tag","embeddable":true,"href":"https:\/\/sezona.lv\/en\/wp-json\/wp\/v2\/product_tag?post=77441"}],"curies":[{"name":"wp","href":"https:\/\/api.w.org\/{rel}","templated":true}]}}