{"id":77443,"date":"2025-07-14T15:06:38","date_gmt":"2025-07-14T12:06:38","guid":{"rendered":"https:\/\/demo8.ecube.lv\/sezona.lv\/products\/jaka-marmot-spire\/"},"modified":"2025-07-14T15:06:38","modified_gmt":"2025-07-14T12:06:38","slug":"jaka-marmot-spire","status":"publish","type":"product","link":"https:\/\/sezona.lv\/en\/products\/jaka-marmot-spire\/","title":{"rendered":"Jaka Marmot Spire"},"content":{"rendered":"<p align=\"justify\"><span style=\"font-size: x-small\">Patiesa tr\u012bs sl\u0101nu&nbsp;<strong>Gore-Tex&reg;<\/strong>&nbsp;aizsardz\u012bba. \u012apa&scaron;i piem\u0113rota augstkalnu eksped\u012bcij\u0101m un kalnu sl\u0113po&scaron;anai. Kapuce ir savietojama ar alp\u012bnisma vai sl\u0113po&scaron;anas \u0137iveri. \u0112rti izvietot\u0101s&nbsp;<strong>Pack Pockets&trade;<\/strong>&nbsp;kabatas netrauc\u0113s piek\u013cut to saturam, pat n\u0113s\u0101jot mugursomu vai ja ir uzvilkta iekare\/sist\u0113ma. Jakai ir no\u0146emam sniega\/v\u0113ja josta.<\/span><\/p>\n<p>&nbsp;<\/p>\n<p><span style=\"color: #800000;font-size: x-small\"><strong>Specifik\u0101cija:<\/strong><\/span><\/p>\n<p>&nbsp;<\/p>\n<p><span style=\"font-size: x-small\"><strong>Materi\u0101ls:<\/strong>&nbsp;Gore-Tex&reg; Products 3L 100% Polyester 4.9 oz\/yd<br \/><\/span><span style=\"font-size: x-small\"><strong>Mitrumiztur\u012bba:<\/strong>&nbsp;40+ PSI<br \/><\/span><span style=\"font-size: x-small\"><strong>Elpojo&scaron;\u0101s \u012bpa&scaron;\u012bbas:<\/strong>&nbsp;Ret 8<br \/><\/span><span style=\"font-size: x-small\"><strong>Muguras garums:<\/strong>&nbsp;73,7 cm<br \/><\/span><span style=\"font-size: x-small\"><strong>Svars:<\/strong>&nbsp;709grami<\/span><span style=\"font-size: x-small\"><br \/><\/span><\/p>\n<p>&nbsp;<\/p>\n<p><span style=\"color: #800000;font-size: x-small\"><strong>Raksturojums:<\/strong><\/span><\/p>\n<p>&nbsp;<\/p>\n<p><span style=\"font-size: x-small\"><img loading=\"lazy\" decoding=\"async\" src=\"http:\/\/www.virsotne.lv\/userfiles\/image\/ahaa\/marmot_logo_aplisM.gif\" alt=\"\" width=\"15\" height=\"15\" \/>&nbsp;Tr\u012bs sl\u0101\u0146u&nbsp;<strong>Gore-Tex<\/strong><strong>&reg; Performance Shell<\/strong><br \/><\/span><span style=\"font-size: x-small\"><img loading=\"lazy\" decoding=\"async\" src=\"http:\/\/www.virsotne.lv\/userfiles\/image\/ahaa\/marmot_logo_aplisM.gif\" alt=\"\" width=\"15\" height=\"15\" \/>&nbsp;Visas &scaron;uves nol\u012bm\u0113tas<br \/><\/span><span style=\"font-size: x-small\"><strong><img loading=\"lazy\" decoding=\"async\" src=\"http:\/\/www.virsotne.lv\/userfiles\/image\/ahaa\/marmot_logo_aplisM.gif\" alt=\"\" width=\"15\" height=\"15\" \/>&nbsp;Pack Pockets&trade;&nbsp;<\/strong>kabatas \u013caus \u0113rt\u0101k piek\u013cut to saturam<br \/><\/span><span style=\"font-size: x-small\"><img loading=\"lazy\" decoding=\"async\" src=\"http:\/\/www.virsotne.lv\/userfiles\/image\/ahaa\/marmot_logo_aplisM.gif\" alt=\"\" width=\"15\" height=\"15\" \/>&nbsp;Padus\u0113s iestr\u0101d\u0101tie&nbsp;<strong>PitZips&trade;<\/strong>&nbsp;r\u0101v\u0113jsl\u0113d\u017eeji nodro&scaron;in\u0101s papildus ventil\u0101ciju<br \/><\/span><span style=\"font-size: x-small\"><img loading=\"lazy\" decoding=\"async\" src=\"http:\/\/www.virsotne.lv\/userfiles\/image\/ahaa\/marmot_logo_aplisM.gif\" alt=\"\" width=\"15\" height=\"15\" \/>&nbsp;No\u0146emam sniega kleiti\u0146a<br \/><\/span><span style=\"font-size: x-small\"><strong><img loading=\"lazy\" decoding=\"async\" src=\"http:\/\/www.virsotne.lv\/userfiles\/image\/ahaa\/marmot_logo_aplisM.gif\" alt=\"\" width=\"15\" height=\"15\" \/>&nbsp;DriClime&reg;<\/strong>&nbsp;r\u0101v\u0113jsl\u0113dz\u0113ja sargs pasarg\u0101s no zoda iev\u0113r&scaron;anas<br \/><\/span><span style=\"font-size: x-small\"><img loading=\"lazy\" decoding=\"async\" src=\"http:\/\/www.virsotne.lv\/userfiles\/image\/ahaa\/marmot_logo_aplisM.gif\" alt=\"\" width=\"15\" height=\"15\" \/>&nbsp;Kapuce ir savietojama ar \u0137iveri<br \/><\/span><span style=\"font-size: x-small\"><strong><img loading=\"lazy\" decoding=\"async\" src=\"http:\/\/www.virsotne.lv\/userfiles\/image\/ahaa\/marmot_logo_aplisM.gif\" alt=\"\" width=\"15\" height=\"15\" \/>&nbsp;Angel-Wing Movement&trade;<\/strong>&nbsp;piegriezums neirobe\u017eos kust\u012bbas<\/span><\/p>\n","protected":false},"excerpt":{"rendered":"<p>Patiesa tr\u012bs sl\u0101nu&nbsp;Gore-Tex&reg;&nbsp;aizsardz\u012bba. \u012apa&scaron;i piem\u0113rota augstkalnu eksped\u012bcij\u0101m un kalnu sl\u0113po&scaron;anai. Kapuce ir savietojama ar alp\u012bnisma vai sl\u0113po&scaron;anas \u0137iveri. \u0112rti izvietot\u0101s&nbsp;Pack Pockets&trade;&nbsp;kabatas netrauc\u0113s piek\u013cut to saturam, pat n\u0113s\u0101jot mugursomu vai ja ir uzvilkta iekare\/sist\u0113ma. Jakai ir no\u0146emam sniega\/v\u0113ja josta. &nbsp; Specifik\u0101cija: &nbsp; Materi\u0101ls:&nbsp;Gore-Tex&reg; Products 3L 100% Polyester 4.9 oz\/ydMitrumiztur\u012bba:&nbsp;40+ PSIElpojo&scaron;\u0101s \u012bpa&scaron;\u012bbas:&nbsp;Ret 8Muguras garums:&nbsp;73,7 cmSvars:&nbsp;709grami &nbsp; Raksturojums: [&hellip;]<\/p>\n","protected":false},"featured_media":0,"template":"","meta":[],"product_brand":[908],"product_cat":[4619,4640,4909],"product_tag":[],"class_list":{"0":"post-77443","1":"product","2":"type-product","3":"status-publish","5":"product_brand-marmot","6":"product_cat-winter-clothes-recreation","7":"product_cat-recreation","8":"product_cat-ski-clothes-winter-clothes-recreation","10":"first","11":"instock","12":"shipping-taxable","13":"purchasable","14":"product-type-simple"},"_links":{"self":[{"href":"https:\/\/sezona.lv\/en\/wp-json\/wp\/v2\/product\/77443","targetHints":{"allow":["GET"]}}],"collection":[{"href":"https:\/\/sezona.lv\/en\/wp-json\/wp\/v2\/product"}],"about":[{"href":"https:\/\/sezona.lv\/en\/wp-json\/wp\/v2\/types\/product"}],"wp:attachment":[{"href":"https:\/\/sezona.lv\/en\/wp-json\/wp\/v2\/media?parent=77443"}],"wp:term":[{"taxonomy":"product_brand","embeddable":true,"href":"https:\/\/sezona.lv\/en\/wp-json\/wp\/v2\/product_brand?post=77443"},{"taxonomy":"product_cat","embeddable":true,"href":"https:\/\/sezona.lv\/en\/wp-json\/wp\/v2\/product_cat?post=77443"},{"taxonomy":"product_tag","embeddable":true,"href":"https:\/\/sezona.lv\/en\/wp-json\/wp\/v2\/product_tag?post=77443"}],"curies":[{"name":"wp","href":"https:\/\/api.w.org\/{rel}","templated":true}]}}