{"id":77444,"date":"2025-07-14T15:06:39","date_gmt":"2025-07-14T12:06:39","guid":{"rendered":"https:\/\/demo8.ecube.lv\/sezona.lv\/products\/jaka-marmot-speed-light\/"},"modified":"2025-07-14T15:06:39","modified_gmt":"2025-07-14T12:06:39","slug":"jaka-marmot-speed-light","status":"publish","type":"product","link":"https:\/\/sezona.lv\/en\/products\/jaka-marmot-speed-light\/","title":{"rendered":"Jaka Marmot Speed Light"},"content":{"rendered":"<p align=\"justify\"><span style=\"font-size: x-small\">Viegla tehniska jaka no tr\u012bs sl\u0101\u0146u GORE-TEX&reg; Pro materi\u0101la. Kapuce ir pietieko&scaron;i liela, lai zem t\u0101s var\u0113tu pavilkt \u0137iveri. Padus\u0113s ir iestr\u0101d\u0101ti \u016bdensdro&scaron;i r\u0101v\u0113jsl\u0113dz\u0113ji, lai nodro&scaron;in\u0101tu papildus ventil\u0101ciju, kad tas ir \u012bpa&scaron;i nepiecie&scaron;ams. Jaka ir ide\u0101li piem\u0113rota vasaras alp\u012bnismam un trekingam.<\/span><\/p>\n<p><span style=\"color: #800000;font-size: x-small\"><strong>Specifik\u0101cija:<\/strong><\/span><\/p>\n<p><span style=\"font-size: x-small\"><strong>Materi\u0101ls:<\/strong>&nbsp;GORE-TEX&reg; Pro Products 3L 100% Nylon Ripstop 3.1 oz\/yd<br \/><strong>Muguras garums:&nbsp;<\/strong>73cm (M izm\u0113ram)<br \/><strong>Svars:<\/strong>&nbsp;411 grami<br \/><strong>Kr\u0101sa:<\/strong>&nbsp;za\u013ca, sarkana<br \/><\/span><\/p>\n<p><span style=\"color: #800000;font-size: x-small\"><strong>Raksturojums:<\/strong><\/span><\/p>\n<p><span style=\"font-size: x-small\"><img loading=\"lazy\" decoding=\"async\" src=\"http:\/\/www.virsotne.lv\/userfiles\/image\/ahaa\/marmot_logo_aplisM.gif\" alt=\"\" width=\"15\" height=\"15\" \/>&nbsp;Tr\u012bs sl\u0101nu&nbsp;<strong>GORE-TEX&reg;<\/strong>&nbsp;Pro audums<br \/><img loading=\"lazy\" decoding=\"async\" src=\"http:\/\/www.virsotne.lv\/userfiles\/image\/ahaa\/marmot_logo_aplisM.gif\" alt=\"\" width=\"15\" height=\"15\" \/>&nbsp;Visas &scaron;uves ir 100% p\u0101rl\u012bm\u0113tas<br \/><img loading=\"lazy\" decoding=\"async\" src=\"http:\/\/www.virsotne.lv\/userfiles\/image\/ahaa\/marmot_logo_aplisM.gif\" alt=\"\" width=\"15\" height=\"15\" \/>&nbsp;Kapuce ir sader\u012bga ar \u0137iveri<br \/><img loading=\"lazy\" decoding=\"async\" src=\"http:\/\/www.virsotne.lv\/userfiles\/image\/ahaa\/marmot_logo_aplisM.gif\" alt=\"\" width=\"15\" height=\"15\" \/>&nbsp;\u016adensdro&scaron;i&nbsp;<strong>PitZips&trade;<\/strong>&nbsp;ventil\u0101cijas r\u0101v\u0113jsl\u0113dz\u0113ji padus\u0113s<br \/><img loading=\"lazy\" decoding=\"async\" src=\"http:\/\/www.virsotne.lv\/userfiles\/image\/ahaa\/marmot_logo_aplisM.gif\" alt=\"\" width=\"15\" height=\"15\" \/>&nbsp;Kerm\u0113tiskie r\u0101v\u0113jsl\u0113dz\u0113ji<br \/><img loading=\"lazy\" decoding=\"async\" src=\"http:\/\/www.virsotne.lv\/userfiles\/image\/ahaa\/marmot_logo_aplisM.gif\" alt=\"\" width=\"15\" height=\"15\" \/>&nbsp;Anatomisks&nbsp;<strong>Angel-Wing Movement&trade;<\/strong>&nbsp;piegriezums<\/span><\/p>\n","protected":false},"excerpt":{"rendered":"<p>Viegla tehniska jaka no tr\u012bs sl\u0101\u0146u GORE-TEX&reg; Pro materi\u0101la. Kapuce ir pietieko&scaron;i liela, lai zem t\u0101s var\u0113tu pavilkt \u0137iveri. Padus\u0113s ir iestr\u0101d\u0101ti \u016bdensdro&scaron;i r\u0101v\u0113jsl\u0113dz\u0113ji, lai nodro&scaron;in\u0101tu papildus ventil\u0101ciju, kad tas ir \u012bpa&scaron;i nepiecie&scaron;ams. Jaka ir ide\u0101li piem\u0113rota vasaras alp\u012bnismam un trekingam. Specifik\u0101cija: Materi\u0101ls:&nbsp;GORE-TEX&reg; Pro Products 3L 100% Nylon Ripstop 3.1 oz\/ydMuguras garums:&nbsp;73cm (M izm\u0113ram)Svars:&nbsp;411 gramiKr\u0101sa:&nbsp;za\u013ca, [&hellip;]<\/p>\n","protected":false},"featured_media":0,"template":"","meta":[],"product_brand":[908],"product_cat":[4619,4640,4909],"product_tag":[],"class_list":{"0":"post-77444","1":"product","2":"type-product","3":"status-publish","5":"product_brand-marmot","6":"product_cat-winter-clothes-recreation","7":"product_cat-recreation","8":"product_cat-ski-clothes-winter-clothes-recreation","10":"first","11":"instock","12":"shipping-taxable","13":"purchasable","14":"product-type-simple"},"_links":{"self":[{"href":"https:\/\/sezona.lv\/en\/wp-json\/wp\/v2\/product\/77444","targetHints":{"allow":["GET"]}}],"collection":[{"href":"https:\/\/sezona.lv\/en\/wp-json\/wp\/v2\/product"}],"about":[{"href":"https:\/\/sezona.lv\/en\/wp-json\/wp\/v2\/types\/product"}],"wp:attachment":[{"href":"https:\/\/sezona.lv\/en\/wp-json\/wp\/v2\/media?parent=77444"}],"wp:term":[{"taxonomy":"product_brand","embeddable":true,"href":"https:\/\/sezona.lv\/en\/wp-json\/wp\/v2\/product_brand?post=77444"},{"taxonomy":"product_cat","embeddable":true,"href":"https:\/\/sezona.lv\/en\/wp-json\/wp\/v2\/product_cat?post=77444"},{"taxonomy":"product_tag","embeddable":true,"href":"https:\/\/sezona.lv\/en\/wp-json\/wp\/v2\/product_tag?post=77444"}],"curies":[{"name":"wp","href":"https:\/\/api.w.org\/{rel}","templated":true}]}}