{"id":77445,"date":"2025-07-14T15:06:40","date_gmt":"2025-07-14T12:06:40","guid":{"rendered":"https:\/\/demo8.ecube.lv\/sezona.lv\/products\/bikses-marmot-bikses-zeal-pant\/"},"modified":"2025-07-14T15:06:40","modified_gmt":"2025-07-14T12:06:40","slug":"bikses-marmot-bikses-zeal-pant","status":"publish","type":"product","link":"https:\/\/sezona.lv\/en\/products\/bikses-marmot-bikses-zeal-pant\/","title":{"rendered":"Bikses Marmot Bikses Zeal Pant"},"content":{"rendered":"<p align=\"justify\"><span style=\"font-size: x-small\">Pat\u012bk izmest k\u0101du l\u012bkumu sv\u0113tdienas r\u012btos?&nbsp;<strong>Marmot Zeal Pant<\/strong>&nbsp;bikses ir k\u0101 rad\u012btas tam &#8211; vieglas un super elpojo&scaron;as sporta bikses, kas ir izgatavotas no staip\u012bga un \u0101tri \u017e\u016bsto&scaron;a auduma ar ultravioleto staru aizsardz\u012bbu&nbsp;<strong>UPF 30<\/strong>. Maksim\u0101lai \u0113rt\u012bbai jost\u0101 ir iestr\u0101d\u0101ta aukla ar kuru var pieregul\u0113t viduk\u013ca apk\u0101rtm\u0113ru; pot\u012bt\u0113s ir r\u0101v\u0113jsl\u0113dz\u0113ji, lai bikses bik&scaron;u stari piegulti tie&scaron;i pie k\u0101j\u0101m. Kabat\u0101 ar r\u0101v\u0113jsl\u0113dz\u0113ju var\u0113s ielikt kred\u012btkarti vai m\u0101jas\/ma&scaron;\u012bnas atsl\u0113gu.<\/span><\/p>\n<p>&nbsp;<\/p>\n<p><span style=\"color: #800000;font-size: x-small\"><strong>Specifik\u0101cija:<\/strong><\/span><\/p>\n<p>&nbsp;<\/p>\n<p><span style=\"font-size: x-small\"><strong>Materi\u0101ls:<\/strong>&nbsp;86% Polyester, 14% Elastane Plain Weave 3.6 oz\/yd<strong><br \/>Piegriezums:<\/strong>&nbsp;Semi-Fitted<br \/><\/span><span style=\"font-size: x-small\"><strong>Svars:&nbsp;<\/strong>299 grami<\/span><\/p>\n<p>&nbsp;<\/p>\n<p><span style=\"color: #800000;font-size: x-small\"><strong>Raksturojums:<\/strong><\/span><\/p>\n<p>&nbsp;<\/p>\n<p><span style=\"font-size: x-small\"><img loading=\"lazy\" decoding=\"async\" src=\"http:\/\/www.virsotne.lv\/userfiles\/image\/ahaa\/marmot_logo_aplisM.gif\" alt=\"\" width=\"15\" height=\"15\" \/>&nbsp;Ultravioleto staru aizsardz\u012bba UPF 30<br \/><\/span><span style=\"font-size: x-small\"><img loading=\"lazy\" decoding=\"async\" src=\"http:\/\/www.virsotne.lv\/userfiles\/image\/ahaa\/marmot_logo_aplisM.gif\" alt=\"\" width=\"15\" height=\"15\" \/>&nbsp; \u0100tri \u017eusto&scaron;as un elpojo&scaron;as<br \/><\/span><span style=\"font-size: x-small\"><img loading=\"lazy\" decoding=\"async\" src=\"http:\/\/www.virsotne.lv\/userfiles\/image\/ahaa\/marmot_logo_aplisM.gif\" alt=\"\" width=\"15\" height=\"15\" \/>&nbsp;Staip\u012bgas<br \/><\/span><span style=\"font-size: x-small\"><img loading=\"lazy\" decoding=\"async\" src=\"http:\/\/www.virsotne.lv\/userfiles\/image\/ahaa\/marmot_logo_aplisM.gif\" alt=\"\" width=\"15\" height=\"15\" \/>&nbsp;Kabatas ar r\u0101v\u0113jsl\u0113dz\u0113ju<br \/><\/span><span style=\"font-size: x-small\"><img loading=\"lazy\" decoding=\"async\" src=\"http:\/\/www.virsotne.lv\/userfiles\/image\/ahaa\/marmot_logo_aplisM.gif\" alt=\"\" width=\"15\" height=\"15\" \/>&nbsp;Pot\u012b&scaron;u r\u0101v\u0113jsl\u0113dz\u0113ji<br \/><\/span><span style=\"font-size: x-small\"><img loading=\"lazy\" decoding=\"async\" src=\"http:\/\/www.virsotne.lv\/userfiles\/image\/ahaa\/marmot_logo_aplisM.gif\" alt=\"\" width=\"15\" height=\"15\" \/>&nbsp;Atstarojo&scaron;i elementi<br \/><\/span><span style=\"font-size: x-small\"><img loading=\"lazy\" decoding=\"async\" src=\"http:\/\/www.virsotne.lv\/userfiles\/image\/ahaa\/marmot_logo_aplisM.gif\" alt=\"\" width=\"15\" height=\"15\" \/>&nbsp;Jostas svilc\u0113jaukla<\/span><\/p>\n","protected":false},"excerpt":{"rendered":"<p>Pat\u012bk izmest k\u0101du l\u012bkumu sv\u0113tdienas r\u012btos?&nbsp;Marmot Zeal Pant&nbsp;bikses ir k\u0101 rad\u012btas tam &#8211; vieglas un super elpojo&scaron;as sporta bikses, kas ir izgatavotas no staip\u012bga un \u0101tri \u017e\u016bsto&scaron;a auduma ar ultravioleto staru aizsardz\u012bbu&nbsp;UPF 30. Maksim\u0101lai \u0113rt\u012bbai jost\u0101 ir iestr\u0101d\u0101ta aukla ar kuru var pieregul\u0113t viduk\u013ca apk\u0101rtm\u0113ru; pot\u012bt\u0113s ir r\u0101v\u0113jsl\u0113dz\u0113ji, lai bikses bik&scaron;u stari piegulti tie&scaron;i pie [&hellip;]<\/p>\n","protected":false},"featured_media":0,"template":"","meta":[],"product_brand":[908],"product_cat":[4619,4640,4910],"product_tag":[],"class_list":{"0":"post-77445","1":"product","2":"type-product","3":"status-publish","5":"product_brand-marmot","6":"product_cat-winter-clothes-recreation","7":"product_cat-recreation","8":"product_cat-jogging-clothes-winter-clothes-recreation","10":"first","11":"instock","12":"shipping-taxable","13":"purchasable","14":"product-type-simple"},"_links":{"self":[{"href":"https:\/\/sezona.lv\/en\/wp-json\/wp\/v2\/product\/77445","targetHints":{"allow":["GET"]}}],"collection":[{"href":"https:\/\/sezona.lv\/en\/wp-json\/wp\/v2\/product"}],"about":[{"href":"https:\/\/sezona.lv\/en\/wp-json\/wp\/v2\/types\/product"}],"wp:attachment":[{"href":"https:\/\/sezona.lv\/en\/wp-json\/wp\/v2\/media?parent=77445"}],"wp:term":[{"taxonomy":"product_brand","embeddable":true,"href":"https:\/\/sezona.lv\/en\/wp-json\/wp\/v2\/product_brand?post=77445"},{"taxonomy":"product_cat","embeddable":true,"href":"https:\/\/sezona.lv\/en\/wp-json\/wp\/v2\/product_cat?post=77445"},{"taxonomy":"product_tag","embeddable":true,"href":"https:\/\/sezona.lv\/en\/wp-json\/wp\/v2\/product_tag?post=77445"}],"curies":[{"name":"wp","href":"https:\/\/api.w.org\/{rel}","templated":true}]}}