{"id":77446,"date":"2025-07-14T15:06:40","date_gmt":"2025-07-14T12:06:40","guid":{"rendered":"https:\/\/demo8.ecube.lv\/sezona.lv\/products\/sorti-marmot-wms-catalyst-3-4-reversible-tight\/"},"modified":"2025-07-14T15:06:40","modified_gmt":"2025-07-14T12:06:40","slug":"sorti-marmot-wms-catalyst-3-4-reversible-tight","status":"publish","type":"product","link":"https:\/\/sezona.lv\/en\/products\/sorti-marmot-wms-catalyst-3-4-reversible-tight\/","title":{"rendered":"\u0160orti Marmot Wms Catalyst 3\/4 Reversible Tight"},"content":{"rendered":"<p align=\"justify\"><span style=\"font-size: x-small\">Nevari izv\u0113l\u0113ties kr\u0101su?&nbsp;<strong>Wm&#8217;s Catalyst &frac34; Reversible Tight<\/strong>&nbsp;skrie&scaron;anas &scaron;orti ir dom\u0101ti tie&scaron;i tev. Tos var izv\u0113rt uz otru pusi un tie b\u016bs cit\u0101 kr\u0101s\u0101. Lieliskais vid\u0113ja biezuma audums ar augstu mitruma izvad\u012b&scaron;anas un \u017e\u016b&scaron;anas sp\u0113ju nodro&scaron;in\u0101s lielisku komfortu sportojot. Turkl\u0101t &scaron;is audums ir \u013coti pat\u012bkams uz miesas, jo p\u0113c saj\u016bt\u0101m atg\u0101dina augstas kvalit\u0101tes kokvilnu. &Scaron;ie &scaron;orti ir apr\u012bkoti ar\u012b ar nelielu atsl\u0113gu kabati\u0146u.<\/span><\/p>\n<p>&nbsp;<\/p>\n<p><span style=\"color: #800000;font-size: x-small\"><strong>Specifik\u0101cija:<\/strong><\/span><\/p>\n<p>&nbsp;<\/p>\n<p><span style=\"font-size: x-small\"><strong>Materi\u0101ls:<\/strong>&nbsp;85% Polyester, 15% Elastane Reversible Double Knit 8.7 oz\/yd<br \/><\/span><span style=\"font-size: x-small\"><strong>Svars:<\/strong>&nbsp;215 grami (M izm\u0113rs)<br \/><\/span><span style=\"font-size: x-small\"><strong>Stara garums:<\/strong>&nbsp;43 cm<br \/><\/span><span style=\"font-size: x-small\"><strong>Kr\u0101sa:<\/strong>&nbsp;sarkana (melna), gai&scaron;i zila (pel\u0113ka)<br \/><\/span><\/p>\n<p>&nbsp;<\/p>\n<p><span style=\"color: #800000;font-size: x-small\"><strong>Raksturojums:<\/strong><\/span><\/p>\n<p>&nbsp;<\/p>\n<p><span style=\"font-size: x-small\"><img loading=\"lazy\" decoding=\"async\" src=\"http:\/\/www.virsotne.lv\/userfiles\/image\/ahaa\/marmot_logo_aplisM.gif\" alt=\"\" width=\"15\" height=\"15\" \/>&nbsp;<strong>Bluesigne&reg;<\/strong>&nbsp;standarta apstiprin\u0101ts audums<br \/><\/span><span style=\"font-size: x-small\"><img loading=\"lazy\" decoding=\"async\" src=\"http:\/\/www.virsotne.lv\/userfiles\/image\/ahaa\/marmot_logo_aplisM.gif\" alt=\"\" width=\"15\" height=\"15\" \/>&nbsp;Vid\u0113ja biezuma, elpojo&scaron;s audums<br \/><\/span><span style=\"font-size: x-small\"><img loading=\"lazy\" decoding=\"async\" src=\"http:\/\/www.virsotne.lv\/userfiles\/image\/ahaa\/marmot_logo_aplisM.gif\" alt=\"\" width=\"15\" height=\"15\" \/>&nbsp;<strong>UPF 50&nbsp;<\/strong>ultravioleto staru aizsardz\u012bba<br \/><\/span><span style=\"font-size: x-small\"><img loading=\"lazy\" decoding=\"async\" src=\"http:\/\/www.virsotne.lv\/userfiles\/image\/ahaa\/marmot_logo_aplisM.gif\" alt=\"\" width=\"15\" height=\"15\" \/>&nbsp;Mitruma izvado&scaron;s un \u0101tri \u017eusto&scaron;s materi\u0101ls<br \/><\/span><span style=\"font-size: x-small\"><img loading=\"lazy\" decoding=\"async\" src=\"http:\/\/www.virsotne.lv\/userfiles\/image\/ahaa\/marmot_logo_aplisM.gif\" alt=\"\" width=\"15\" height=\"15\" \/>&nbsp;Izveramas otr\u0101d\u0101k<br \/><\/span><span style=\"font-size: x-small\"><img loading=\"lazy\" decoding=\"async\" src=\"http:\/\/www.virsotne.lv\/userfiles\/image\/ahaa\/marmot_logo_aplisM.gif\" alt=\"\" width=\"15\" height=\"15\" \/>&nbsp;Plakano v\u012b\u013cu konstrukcija<br \/><\/span><span style=\"font-size: x-small\"><img loading=\"lazy\" decoding=\"async\" src=\"http:\/\/www.virsotne.lv\/userfiles\/image\/ahaa\/marmot_logo_aplisM.gif\" alt=\"\" width=\"15\" height=\"15\" \/>&nbsp;Atstarojo&scaron;i logotipi<br \/><\/span><span style=\"font-size: x-small\"><img loading=\"lazy\" decoding=\"async\" src=\"http:\/\/www.virsotne.lv\/userfiles\/image\/ahaa\/marmot_logo_aplisM.gif\" alt=\"\" width=\"15\" height=\"15\" \/>&nbsp;Maza kabati\u0146a<\/span><\/p>\n","protected":false},"excerpt":{"rendered":"<p>Nevari izv\u0113l\u0113ties kr\u0101su?&nbsp;Wm&#8217;s Catalyst &frac34; Reversible Tight&nbsp;skrie&scaron;anas &scaron;orti ir dom\u0101ti tie&scaron;i tev. Tos var izv\u0113rt uz otru pusi un tie b\u016bs cit\u0101 kr\u0101s\u0101. Lieliskais vid\u0113ja biezuma audums ar augstu mitruma izvad\u012b&scaron;anas un \u017e\u016b&scaron;anas sp\u0113ju nodro&scaron;in\u0101s lielisku komfortu sportojot. Turkl\u0101t &scaron;is audums ir \u013coti pat\u012bkams uz miesas, jo p\u0113c saj\u016bt\u0101m atg\u0101dina augstas kvalit\u0101tes kokvilnu. &Scaron;ie &scaron;orti [&hellip;]<\/p>\n","protected":false},"featured_media":0,"template":"","meta":[],"product_brand":[908],"product_cat":[4619,4640,4910],"product_tag":[],"class_list":{"0":"post-77446","1":"product","2":"type-product","3":"status-publish","5":"product_brand-marmot","6":"product_cat-winter-clothes-recreation","7":"product_cat-recreation","8":"product_cat-jogging-clothes-winter-clothes-recreation","10":"first","11":"instock","12":"shipping-taxable","13":"purchasable","14":"product-type-simple"},"_links":{"self":[{"href":"https:\/\/sezona.lv\/en\/wp-json\/wp\/v2\/product\/77446","targetHints":{"allow":["GET"]}}],"collection":[{"href":"https:\/\/sezona.lv\/en\/wp-json\/wp\/v2\/product"}],"about":[{"href":"https:\/\/sezona.lv\/en\/wp-json\/wp\/v2\/types\/product"}],"wp:attachment":[{"href":"https:\/\/sezona.lv\/en\/wp-json\/wp\/v2\/media?parent=77446"}],"wp:term":[{"taxonomy":"product_brand","embeddable":true,"href":"https:\/\/sezona.lv\/en\/wp-json\/wp\/v2\/product_brand?post=77446"},{"taxonomy":"product_cat","embeddable":true,"href":"https:\/\/sezona.lv\/en\/wp-json\/wp\/v2\/product_cat?post=77446"},{"taxonomy":"product_tag","embeddable":true,"href":"https:\/\/sezona.lv\/en\/wp-json\/wp\/v2\/product_tag?post=77446"}],"curies":[{"name":"wp","href":"https:\/\/api.w.org\/{rel}","templated":true}]}}