{"id":77447,"date":"2025-07-14T15:06:41","date_gmt":"2025-07-14T12:06:41","guid":{"rendered":"https:\/\/demo8.ecube.lv\/sezona.lv\/products\/sorti-marmot-wms-trail-breeze-short\/"},"modified":"2025-07-14T15:06:41","modified_gmt":"2025-07-14T12:06:41","slug":"sorti-marmot-wms-trail-breeze-short","status":"publish","type":"product","link":"https:\/\/sezona.lv\/en\/products\/sorti-marmot-wms-trail-breeze-short\/","title":{"rendered":"\u0160orti Marmot Wms Trail Breeze Short"},"content":{"rendered":"<p><span style=\"font-size: x-small\">\u0112rti un viegli sievie&scaron;u sporta &scaron;orti. \u0100tri \u017eusto&scaron;i un sataip\u012bgi. Izgatavot no nodilumiztur\u012bga un viegla neilona ar lielisku sviedru smaku neuzs\u016bco&scaron;u \u012bpa&scaron;\u012bbu.<\/span><\/p>\n<p><span style=\"color: #800000;font-size: x-small\"><strong>Specifik\u0101cija:<\/strong><\/span><\/p>\n<p><span style=\"font-size: x-small\"><strong>Materi\u0101ls:<\/strong>&nbsp;77% Nylon Tactel, 23% Elastane Single Jersey 7.0 oz\/yd<br \/><strong>Svars:<\/strong><\/span><span style=\"font-size: x-small\">&nbsp;170 grami (M izm\u0113rs)<br \/><strong>Stara garums:<\/strong>&nbsp;27 cm<br \/><strong>Kr\u0101sa:<\/strong>&nbsp;tum&scaron;i pel\u0113ka<\/span><\/p>\n<p><span style=\"color: #800000;font-size: x-small\"><strong>Raksturojums:<\/strong><\/span><\/p>\n<p><span style=\"font-size: x-small\"><img loading=\"lazy\" decoding=\"async\" src=\"http:\/\/www.virsotne.lv\/userfiles\/image\/ahaa\/marmot_logo_aplisM.gif\" alt=\"\" width=\"15\" height=\"15\" \/>&nbsp;Viegls un elpoj&scaron;s staip\u012bgs neilona audums<br \/><img loading=\"lazy\" decoding=\"async\" src=\"http:\/\/www.virsotne.lv\/userfiles\/image\/ahaa\/marmot_logo_aplisM.gif\" alt=\"\" width=\"15\" height=\"15\" \/>&nbsp;UPF 30 ultrovioleto staru aizsardz\u012bba<br \/><img loading=\"lazy\" decoding=\"async\" src=\"http:\/\/www.virsotne.lv\/userfiles\/image\/ahaa\/marmot_logo_aplisM.gif\" alt=\"\" width=\"15\" height=\"15\" \/>&nbsp;\u0100tri \u017eusto&scaron;s audums ar Coolmax&reg; oder\u0113jumu<br \/><img loading=\"lazy\" decoding=\"async\" src=\"http:\/\/www.virsotne.lv\/userfiles\/image\/ahaa\/marmot_logo_aplisM.gif\" alt=\"\" width=\"15\" height=\"15\" \/>&nbsp;Maza kabai\u0146a<br \/><img loading=\"lazy\" decoding=\"async\" src=\"http:\/\/www.virsotne.lv\/userfiles\/image\/ahaa\/marmot_logo_aplisM.gif\" alt=\"\" width=\"15\" height=\"15\" \/>&nbsp;Sievie&scaron;u piegriezums<br \/><img loading=\"lazy\" decoding=\"async\" src=\"http:\/\/www.virsotne.lv\/userfiles\/image\/ahaa\/marmot_logo_aplisM.gif\" alt=\"\" width=\"15\" height=\"15\" \/>&nbsp;Atstarojo&scaron;i logotipi<\/span><\/p>\n","protected":false},"excerpt":{"rendered":"<p>\u0112rti un viegli sievie&scaron;u sporta &scaron;orti. \u0100tri \u017eusto&scaron;i un sataip\u012bgi. Izgatavot no nodilumiztur\u012bga un viegla neilona ar lielisku sviedru smaku neuzs\u016bco&scaron;u \u012bpa&scaron;\u012bbu. Specifik\u0101cija: Materi\u0101ls:&nbsp;77% Nylon Tactel, 23% Elastane Single Jersey 7.0 oz\/ydSvars:&nbsp;170 grami (M izm\u0113rs)Stara garums:&nbsp;27 cmKr\u0101sa:&nbsp;tum&scaron;i pel\u0113ka Raksturojums: &nbsp;Viegls un elpoj&scaron;s staip\u012bgs neilona audums&nbsp;UPF 30 ultrovioleto staru aizsardz\u012bba&nbsp;\u0100tri \u017eusto&scaron;s audums ar Coolmax&reg; oder\u0113jumu&nbsp;Maza kabai\u0146a&nbsp;Sievie&scaron;u [&hellip;]<\/p>\n","protected":false},"featured_media":0,"template":"","meta":[],"product_brand":[908],"product_cat":[4619,4640,4910],"product_tag":[],"class_list":{"0":"post-77447","1":"product","2":"type-product","3":"status-publish","5":"product_brand-marmot","6":"product_cat-winter-clothes-recreation","7":"product_cat-recreation","8":"product_cat-jogging-clothes-winter-clothes-recreation","10":"first","11":"instock","12":"shipping-taxable","13":"purchasable","14":"product-type-simple"},"_links":{"self":[{"href":"https:\/\/sezona.lv\/en\/wp-json\/wp\/v2\/product\/77447","targetHints":{"allow":["GET"]}}],"collection":[{"href":"https:\/\/sezona.lv\/en\/wp-json\/wp\/v2\/product"}],"about":[{"href":"https:\/\/sezona.lv\/en\/wp-json\/wp\/v2\/types\/product"}],"wp:attachment":[{"href":"https:\/\/sezona.lv\/en\/wp-json\/wp\/v2\/media?parent=77447"}],"wp:term":[{"taxonomy":"product_brand","embeddable":true,"href":"https:\/\/sezona.lv\/en\/wp-json\/wp\/v2\/product_brand?post=77447"},{"taxonomy":"product_cat","embeddable":true,"href":"https:\/\/sezona.lv\/en\/wp-json\/wp\/v2\/product_cat?post=77447"},{"taxonomy":"product_tag","embeddable":true,"href":"https:\/\/sezona.lv\/en\/wp-json\/wp\/v2\/product_tag?post=77447"}],"curies":[{"name":"wp","href":"https:\/\/api.w.org\/{rel}","templated":true}]}}