{"id":77448,"date":"2025-07-14T15:06:42","date_gmt":"2025-07-14T12:06:42","guid":{"rendered":"https:\/\/demo8.ecube.lv\/sezona.lv\/products\/krekls-marmot-interval-sleeveless\/"},"modified":"2025-07-14T15:06:42","modified_gmt":"2025-07-14T12:06:42","slug":"krekls-marmot-interval-sleeveless","status":"publish","type":"product","link":"https:\/\/sezona.lv\/en\/products\/krekls-marmot-interval-sleeveless\/","title":{"rendered":"Krekls Marmot Interval Sleeveless"},"content":{"rendered":"<p align=\"justify\"><span style=\"font-size: x-small\">\u0100tri \u017e\u016bsto&scaron;s krekls bez piedurkn\u0113m. S\u0101nos ir iestr\u0101d\u0101ts sieti\u0146audums papildus ventil\u0101cijai. Materi\u0101ls ir apstr\u0101d\u0101ts pret UV starojumu<\/span><\/p>\n<p><span style=\"color: #800000;font-size: x-small\"><strong>Specifik\u0101cija:<\/strong><\/span><\/p>\n<p><span style=\"font-size: x-small\"><strong>Materi\u0101ls:<\/strong>&nbsp;<\/span><span style=\"font-size: x-small\">100% Polyester Interlock 2.9 oz\/yd<br \/><strong>Ielaides:<\/strong>&nbsp;95% Polyester, 5% Elastane Pique Mesh 4.0 oz\/yd&nbsp;<br \/><strong>Svars:<\/strong>&nbsp;119 grami<br \/><strong>Kr\u0101sa:<\/strong>&nbsp;sarkana, gai&scaron;i zila<br \/><\/span><\/p>\n<p><span style=\"color: #800000;font-size: x-small\"><strong>Raksturojums:<\/strong><\/span><\/p>\n<p><span style=\"font-size: x-small\"><img loading=\"lazy\" decoding=\"async\" src=\"http:\/\/www.virsotne.lv\/userfiles\/image\/ahaa\/marmot_logo_aplisM.gif\" alt=\"\" width=\"15\" height=\"15\" \/>&nbsp;<\/span><span style=\"font-size: x-small\">Maigs, elpojo&scaron;s un viegls materi\u0101ls<br \/><\/span><span style=\"font-size: x-small\"><img loading=\"lazy\" decoding=\"async\" src=\"http:\/\/www.virsotne.lv\/userfiles\/image\/ahaa\/marmot_logo_aplisM.gif\" alt=\"\" width=\"15\" height=\"15\" \/><\/span><span style=\"font-size: x-small\">&nbsp;Ultraviolet\u0101 starojuma aizsardz\u012bba&nbsp;<strong>(UPF) 30<br \/><\/strong><\/span><span style=\"font-size: x-small\"><img loading=\"lazy\" decoding=\"async\" src=\"http:\/\/www.virsotne.lv\/userfiles\/image\/ahaa\/marmot_logo_aplisM.gif\" alt=\"\" width=\"15\" height=\"15\" \/>&nbsp;\u0100tri \u017eusto&scaron;s<\/span><span style=\"font-size: x-small\"><br \/><\/span><span style=\"font-size: x-small\"><img loading=\"lazy\" decoding=\"async\" src=\"http:\/\/www.virsotne.lv\/userfiles\/image\/ahaa\/marmot_logo_aplisM.gif\" alt=\"\" width=\"15\" height=\"15\" \/>&nbsp;Atsarojo&scaron;i logotipi<\/span><\/p>\n","protected":false},"excerpt":{"rendered":"<p>\u0100tri \u017e\u016bsto&scaron;s krekls bez piedurkn\u0113m. S\u0101nos ir iestr\u0101d\u0101ts sieti\u0146audums papildus ventil\u0101cijai. Materi\u0101ls ir apstr\u0101d\u0101ts pret UV starojumu Specifik\u0101cija: Materi\u0101ls:&nbsp;100% Polyester Interlock 2.9 oz\/ydIelaides:&nbsp;95% Polyester, 5% Elastane Pique Mesh 4.0 oz\/yd&nbsp;Svars:&nbsp;119 gramiKr\u0101sa:&nbsp;sarkana, gai&scaron;i zila Raksturojums: &nbsp;Maigs, elpojo&scaron;s un viegls materi\u0101ls&nbsp;Ultraviolet\u0101 starojuma aizsardz\u012bba&nbsp;(UPF) 30&nbsp;\u0100tri \u017eusto&scaron;s&nbsp;Atsarojo&scaron;i logotipi<\/p>\n","protected":false},"featured_media":0,"template":"","meta":[],"product_brand":[908],"product_cat":[4619,4640,4910],"product_tag":[],"class_list":{"0":"post-77448","1":"product","2":"type-product","3":"status-publish","5":"product_brand-marmot","6":"product_cat-winter-clothes-recreation","7":"product_cat-recreation","8":"product_cat-jogging-clothes-winter-clothes-recreation","10":"first","11":"instock","12":"shipping-taxable","13":"purchasable","14":"product-type-simple"},"_links":{"self":[{"href":"https:\/\/sezona.lv\/en\/wp-json\/wp\/v2\/product\/77448","targetHints":{"allow":["GET"]}}],"collection":[{"href":"https:\/\/sezona.lv\/en\/wp-json\/wp\/v2\/product"}],"about":[{"href":"https:\/\/sezona.lv\/en\/wp-json\/wp\/v2\/types\/product"}],"wp:attachment":[{"href":"https:\/\/sezona.lv\/en\/wp-json\/wp\/v2\/media?parent=77448"}],"wp:term":[{"taxonomy":"product_brand","embeddable":true,"href":"https:\/\/sezona.lv\/en\/wp-json\/wp\/v2\/product_brand?post=77448"},{"taxonomy":"product_cat","embeddable":true,"href":"https:\/\/sezona.lv\/en\/wp-json\/wp\/v2\/product_cat?post=77448"},{"taxonomy":"product_tag","embeddable":true,"href":"https:\/\/sezona.lv\/en\/wp-json\/wp\/v2\/product_tag?post=77448"}],"curies":[{"name":"wp","href":"https:\/\/api.w.org\/{rel}","templated":true}]}}