{"id":77450,"date":"2025-07-14T15:06:43","date_gmt":"2025-07-14T12:06:43","guid":{"rendered":"https:\/\/demo8.ecube.lv\/sezona.lv\/products\/krekls-marmot-stride-ss\/"},"modified":"2025-07-14T15:06:43","modified_gmt":"2025-07-14T12:06:43","slug":"krekls-marmot-stride-ss","status":"publish","type":"product","link":"https:\/\/sezona.lv\/en\/products\/krekls-marmot-stride-ss\/","title":{"rendered":"Krekls Marmot Stride SS"},"content":{"rendered":"<p><span style=\"font-size: x-small\">\u0100tri \u017e\u016bsto&scaron;s krekls ar \u012bs\u0101m piedurkn\u0113m. S\u0101nos ir iestr\u0101d\u0101ts sieti\u0146audums papildus ventil\u0101cijai. Materi\u0101ls ir apstr\u0101d\u0101ts pret UV starojumu<\/span><\/p>\n<p><span style=\"color: #800000;font-size: x-small\"><strong>Specifik\u0101cija:<\/strong><\/span><\/p>\n<p><span style=\"font-size: x-small\"><strong>Materi\u0101ls:<\/strong>&nbsp;100% Polyester 3.7oz\/yd<br \/><strong>Svars:<\/strong>&nbsp;110 grami<br \/><strong>Kr\u0101sa:<\/strong>&nbsp;sarkana, peleka, zila<\/span><\/p>\n<p><span style=\"color: #800000;font-size: x-small\"><strong>Raksturojums:<\/strong><\/span><\/p>\n<p><span style=\"font-size: x-small\"><img loading=\"lazy\" decoding=\"async\" src=\"http:\/\/www.virsotne.lv\/userfiles\/image\/ahaa\/marmot_logo_aplisM.gif\" alt=\"\" width=\"15\" height=\"15\" \/>&nbsp;<\/span><span style=\"font-size: x-small\">Maigs, elpojo&scaron;s un viegls materi\u0101ls<br \/><\/span><span style=\"font-size: x-small\"><img loading=\"lazy\" decoding=\"async\" src=\"http:\/\/www.virsotne.lv\/userfiles\/image\/ahaa\/marmot_logo_aplisM.gif\" alt=\"\" width=\"15\" height=\"15\" \/><\/span><span style=\"font-size: x-small\">&nbsp;Ultraviolet\u0101 starojuma aizsardz\u012bba&nbsp;<strong>(UPF) 30<br \/><\/strong><\/span><span style=\"font-size: x-small\"><img loading=\"lazy\" decoding=\"async\" src=\"http:\/\/www.virsotne.lv\/userfiles\/image\/ahaa\/marmot_logo_aplisM.gif\" alt=\"\" width=\"15\" height=\"15\" \/>&nbsp;\u0100tri \u017eusto&scaron;s<\/span><span style=\"font-size: x-small\"><br \/><\/span><span style=\"font-size: x-small\"><img loading=\"lazy\" decoding=\"async\" src=\"http:\/\/www.virsotne.lv\/userfiles\/image\/ahaa\/marmot_logo_aplisM.gif\" alt=\"\" width=\"15\" height=\"15\" \/>&nbsp;Plakano &scaron;uvju konsturkcija (bez&scaron;uvju)<\/span><span style=\"font-size: x-small\"><br \/><\/span><span style=\"font-size: x-small\"><img loading=\"lazy\" decoding=\"async\" src=\"http:\/\/www.virsotne.lv\/userfiles\/image\/ahaa\/marmot_logo_aplisM.gif\" alt=\"\" width=\"15\" height=\"15\" \/>&nbsp;Sieti\u0146veida ie&scaron;uves lab\u0101kai ventil\u0101cijai<\/span><span style=\"font-size: x-small\"><br \/><\/span><span style=\"font-size: x-small\"><img loading=\"lazy\" decoding=\"async\" src=\"http:\/\/www.virsotne.lv\/userfiles\/image\/ahaa\/marmot_logo_aplisM.gif\" alt=\"\" width=\"15\" height=\"15\" \/>&nbsp;Atsarojo&scaron;i logotipi<\/span><\/p>\n","protected":false},"excerpt":{"rendered":"<p>\u0100tri \u017e\u016bsto&scaron;s krekls ar \u012bs\u0101m piedurkn\u0113m. S\u0101nos ir iestr\u0101d\u0101ts sieti\u0146audums papildus ventil\u0101cijai. Materi\u0101ls ir apstr\u0101d\u0101ts pret UV starojumu Specifik\u0101cija: Materi\u0101ls:&nbsp;100% Polyester 3.7oz\/ydSvars:&nbsp;110 gramiKr\u0101sa:&nbsp;sarkana, peleka, zila Raksturojums: &nbsp;Maigs, elpojo&scaron;s un viegls materi\u0101ls&nbsp;Ultraviolet\u0101 starojuma aizsardz\u012bba&nbsp;(UPF) 30&nbsp;\u0100tri \u017eusto&scaron;s&nbsp;Plakano &scaron;uvju konsturkcija (bez&scaron;uvju)&nbsp;Sieti\u0146veida ie&scaron;uves lab\u0101kai ventil\u0101cijai&nbsp;Atsarojo&scaron;i logotipi<\/p>\n","protected":false},"featured_media":0,"template":"","meta":[],"product_brand":[908],"product_cat":[4619,4640,4910],"product_tag":[],"class_list":{"0":"post-77450","1":"product","2":"type-product","3":"status-publish","5":"product_brand-marmot","6":"product_cat-winter-clothes-recreation","7":"product_cat-recreation","8":"product_cat-jogging-clothes-winter-clothes-recreation","10":"first","11":"instock","12":"shipping-taxable","13":"purchasable","14":"product-type-simple"},"_links":{"self":[{"href":"https:\/\/sezona.lv\/en\/wp-json\/wp\/v2\/product\/77450","targetHints":{"allow":["GET"]}}],"collection":[{"href":"https:\/\/sezona.lv\/en\/wp-json\/wp\/v2\/product"}],"about":[{"href":"https:\/\/sezona.lv\/en\/wp-json\/wp\/v2\/types\/product"}],"wp:attachment":[{"href":"https:\/\/sezona.lv\/en\/wp-json\/wp\/v2\/media?parent=77450"}],"wp:term":[{"taxonomy":"product_brand","embeddable":true,"href":"https:\/\/sezona.lv\/en\/wp-json\/wp\/v2\/product_brand?post=77450"},{"taxonomy":"product_cat","embeddable":true,"href":"https:\/\/sezona.lv\/en\/wp-json\/wp\/v2\/product_cat?post=77450"},{"taxonomy":"product_tag","embeddable":true,"href":"https:\/\/sezona.lv\/en\/wp-json\/wp\/v2\/product_tag?post=77450"}],"curies":[{"name":"wp","href":"https:\/\/api.w.org\/{rel}","templated":true}]}}