{"id":77451,"date":"2025-07-14T15:06:46","date_gmt":"2025-07-14T12:06:46","guid":{"rendered":"https:\/\/demo8.ecube.lv\/sezona.lv\/products\/krekls-marmot-wms-crystal-ss\/"},"modified":"2025-07-14T15:06:46","modified_gmt":"2025-07-14T12:06:46","slug":"krekls-marmot-wms-crystal-ss","status":"publish","type":"product","link":"https:\/\/sezona.lv\/en\/products\/krekls-marmot-wms-crystal-ss\/","title":{"rendered":"Krekls Marmot Wms Crystal SS"},"content":{"rendered":"<p align=\"justify\"><span style=\"font-size: x-small\">Viegls un \u0113rts sievie&scaron;u vasaras krekli\u0146&scaron; ar \u012bs\u0101m piedurkn\u0113m. Pateicoties audumam ar ultravioleto staru aizsardz\u012bbu, &scaron;is krekli\u0146&scaron; pasarg\u0101 \u0101du un saules apdeguma.&nbsp;<br \/><\/span><\/p>\n<p>&nbsp;<\/p>\n<p><span style=\"color: #800000;font-size: x-small\"><strong>Specifik\u0101cija:<\/strong><\/span><\/p>\n<p>&nbsp;<\/p>\n<p><span style=\"font-size: x-small\"><strong>Materi\u0101ls:&nbsp;<\/strong>100% Polyester 3.7oz\/yd<br \/><\/span><span style=\"font-size: x-small\"><strong>Ielaidumi:&nbsp;<\/strong>100% Polyester Mesh 3.0 oz\/yd&nbsp;<br \/><\/span><span style=\"font-size: x-small\"><strong>Svars:<\/strong>&nbsp;79 grami (M izm\u0113ram)<\/span><\/p>\n<p>&nbsp;<\/p>\n<p><span style=\"color: #800000;font-size: x-small\"><strong>Raksturojums:<\/strong><\/span><\/p>\n<p>&nbsp;<\/p>\n<p><span style=\"font-size: x-small\"><img loading=\"lazy\" decoding=\"async\" src=\"http:\/\/www.virsotne.lv\/userfiles\/image\/ahaa\/marmot_logo_aplisM.gif\" alt=\"\" width=\"15\" height=\"15\" \/>&nbsp;M\u012bksts, elpojo&scaron;s un \u013coti funkcion\u0101ls Supplex neilons<br \/><\/span><span style=\"font-size: x-small\"><img loading=\"lazy\" decoding=\"async\" src=\"http:\/\/www.virsotne.lv\/userfiles\/image\/ahaa\/marmot_logo_aplisM.gif\" alt=\"\" width=\"15\" height=\"15\" \/>&nbsp;Smalka t\u012bkli\u0146a ie&scaron;uvumi papildus elpo&scaron;anai<br \/><\/span><span style=\"font-size: x-small\"><img loading=\"lazy\" decoding=\"async\" src=\"http:\/\/www.virsotne.lv\/userfiles\/image\/ahaa\/marmot_logo_aplisM.gif\" alt=\"\" width=\"15\" height=\"15\" \/>&nbsp;UPF 50 ultravioleto staru aizsardz\u012bba<br \/><\/span><span style=\"font-size: x-small\"><img loading=\"lazy\" decoding=\"async\" src=\"http:\/\/www.virsotne.lv\/userfiles\/image\/ahaa\/marmot_logo_aplisM.gif\" alt=\"\" width=\"15\" height=\"15\" \/>&nbsp;Sievie&scaron;u piegriezums<\/span><\/p>\n","protected":false},"excerpt":{"rendered":"<p>Viegls un \u0113rts sievie&scaron;u vasaras krekli\u0146&scaron; ar \u012bs\u0101m piedurkn\u0113m. Pateicoties audumam ar ultravioleto staru aizsardz\u012bbu, &scaron;is krekli\u0146&scaron; pasarg\u0101 \u0101du un saules apdeguma.&nbsp; &nbsp; Specifik\u0101cija: &nbsp; Materi\u0101ls:&nbsp;100% Polyester 3.7oz\/ydIelaidumi:&nbsp;100% Polyester Mesh 3.0 oz\/yd&nbsp;Svars:&nbsp;79 grami (M izm\u0113ram) &nbsp; Raksturojums: &nbsp; &nbsp;M\u012bksts, elpojo&scaron;s un \u013coti funkcion\u0101ls Supplex neilons&nbsp;Smalka t\u012bkli\u0146a ie&scaron;uvumi papildus elpo&scaron;anai&nbsp;UPF 50 ultravioleto staru aizsardz\u012bba&nbsp;Sievie&scaron;u piegriezums<\/p>\n","protected":false},"featured_media":0,"template":"","meta":[],"product_brand":[908],"product_cat":[4619,4640,4910],"product_tag":[],"class_list":{"0":"post-77451","1":"product","2":"type-product","3":"status-publish","5":"product_brand-marmot","6":"product_cat-winter-clothes-recreation","7":"product_cat-recreation","8":"product_cat-jogging-clothes-winter-clothes-recreation","10":"first","11":"instock","12":"shipping-taxable","13":"purchasable","14":"product-type-simple"},"_links":{"self":[{"href":"https:\/\/sezona.lv\/en\/wp-json\/wp\/v2\/product\/77451","targetHints":{"allow":["GET"]}}],"collection":[{"href":"https:\/\/sezona.lv\/en\/wp-json\/wp\/v2\/product"}],"about":[{"href":"https:\/\/sezona.lv\/en\/wp-json\/wp\/v2\/types\/product"}],"wp:attachment":[{"href":"https:\/\/sezona.lv\/en\/wp-json\/wp\/v2\/media?parent=77451"}],"wp:term":[{"taxonomy":"product_brand","embeddable":true,"href":"https:\/\/sezona.lv\/en\/wp-json\/wp\/v2\/product_brand?post=77451"},{"taxonomy":"product_cat","embeddable":true,"href":"https:\/\/sezona.lv\/en\/wp-json\/wp\/v2\/product_cat?post=77451"},{"taxonomy":"product_tag","embeddable":true,"href":"https:\/\/sezona.lv\/en\/wp-json\/wp\/v2\/product_tag?post=77451"}],"curies":[{"name":"wp","href":"https:\/\/api.w.org\/{rel}","templated":true}]}}