{"id":77454,"date":"2025-07-14T15:06:49","date_gmt":"2025-07-14T12:06:49","guid":{"rendered":"https:\/\/demo8.ecube.lv\/sezona.lv\/products\/krekls-marmot-wms-crystal-ls\/"},"modified":"2025-07-14T15:06:49","modified_gmt":"2025-07-14T12:06:49","slug":"krekls-marmot-wms-crystal-ls","status":"publish","type":"product","link":"https:\/\/sezona.lv\/en\/products\/krekls-marmot-wms-crystal-ls\/","title":{"rendered":"Krekls Marmot Wms Crystal LS"},"content":{"rendered":"<p align=\"justify\"><span style=\"font-size: x-small\">Viegls un \u0113rts sievie&scaron;u vasaras krekl\u012b\u0146&scaron; ar gar\u0101m piedurkn\u0113m.&nbsp;<br \/><\/span><\/p>\n<p><span style=\"color: #800000;font-size: x-small\"><strong>Specifik\u0101cija:<\/strong><\/span><\/p>\n<p><span style=\"font-size: x-small\"><strong>Pamatmateri\u0101ls:&nbsp;<\/strong>100% Polyester 3.7oz\/yd&nbsp;<strong><br \/>Ielaidumi:<\/strong>&nbsp;100% Polyester Mesh 3.0 oz\/yd&nbsp;<strong><br \/>Svars:<\/strong>&nbsp;<span style=\"font-size: x-small\">199<\/span>&nbsp;grami (M izm\u0113ram)<strong><br \/>Kr\u0101sa:<\/strong>&nbsp;zila, oran\u017ea<br \/><\/span><\/p>\n<p><span style=\"color: #800000;font-size: x-small\"><strong>Raksturojums:<\/strong><\/span><\/p>\n<p><span style=\"font-size: x-small\"><img loading=\"lazy\" decoding=\"async\" src=\"http:\/\/www.virsotne.lv\/userfiles\/image\/ahaa\/marmot_logo_aplisM.gif\" alt=\"\" width=\"15\" height=\"15\" \/>&nbsp;Viegls, elpojo&scaron;s un \u0101rti \u017e\u016bsto&scaron;s audums<br \/><\/span><span style=\"font-size: x-small\"><img loading=\"lazy\" decoding=\"async\" src=\"http:\/\/www.virsotne.lv\/userfiles\/image\/ahaa\/marmot_logo_aplisM.gif\" alt=\"\" width=\"15\" height=\"15\" \/>&nbsp;Smalka t\u012bkli\u0146a ie&scaron;uvumi papildus elpo&scaron;anai<br \/><\/span><span style=\"font-size: x-small\"><img loading=\"lazy\" decoding=\"async\" src=\"http:\/\/www.virsotne.lv\/userfiles\/image\/ahaa\/marmot_logo_aplisM.gif\" alt=\"\" width=\"15\" height=\"15\" \/>&nbsp;<strong>UPF 50&nbsp;<\/strong>ultravioleto staru aizsardz\u012bba<br \/><\/span><span style=\"font-size: x-small\"><img loading=\"lazy\" decoding=\"async\" src=\"http:\/\/www.virsotne.lv\/userfiles\/image\/ahaa\/marmot_logo_aplisM.gif\" alt=\"\" width=\"15\" height=\"15\" \/>&nbsp;Nav kakla birkas<br \/><\/span><span style=\"font-size: x-small\"><span style=\"font-size: x-small\"><span style=\"font-size: x-small\"><img loading=\"lazy\" decoding=\"async\" src=\"http:\/\/www.virsotne.lv\/userfiles\/image\/ahaa\/marmot_logo_aplisM.gif\" alt=\"\" width=\"15\" height=\"15\" \/>&nbsp;Atstarojo&scaron;i elementi<\/span><\/span><br \/><\/span><span style=\"font-size: x-small\"><img loading=\"lazy\" decoding=\"async\" src=\"http:\/\/www.virsotne.lv\/userfiles\/image\/ahaa\/marmot_logo_aplisM.gif\" alt=\"\" width=\"15\" height=\"15\" \/>&nbsp;Sievie&scaron;u piegriezums<\/span><\/p>\n","protected":false},"excerpt":{"rendered":"<p>Viegls un \u0113rts sievie&scaron;u vasaras krekl\u012b\u0146&scaron; ar gar\u0101m piedurkn\u0113m.&nbsp; Specifik\u0101cija: Pamatmateri\u0101ls:&nbsp;100% Polyester 3.7oz\/yd&nbsp;Ielaidumi:&nbsp;100% Polyester Mesh 3.0 oz\/yd&nbsp;Svars:&nbsp;199&nbsp;grami (M izm\u0113ram)Kr\u0101sa:&nbsp;zila, oran\u017ea Raksturojums: &nbsp;Viegls, elpojo&scaron;s un \u0101rti \u017e\u016bsto&scaron;s audums&nbsp;Smalka t\u012bkli\u0146a ie&scaron;uvumi papildus elpo&scaron;anai&nbsp;UPF 50&nbsp;ultravioleto staru aizsardz\u012bba&nbsp;Nav kakla birkas&nbsp;Atstarojo&scaron;i elementi&nbsp;Sievie&scaron;u piegriezums<\/p>\n","protected":false},"featured_media":0,"template":"","meta":[],"product_brand":[908],"product_cat":[4619,4640,4910],"product_tag":[],"class_list":{"0":"post-77454","1":"product","2":"type-product","3":"status-publish","5":"product_brand-marmot","6":"product_cat-winter-clothes-recreation","7":"product_cat-recreation","8":"product_cat-jogging-clothes-winter-clothes-recreation","10":"first","11":"instock","12":"shipping-taxable","13":"purchasable","14":"product-type-simple"},"_links":{"self":[{"href":"https:\/\/sezona.lv\/en\/wp-json\/wp\/v2\/product\/77454","targetHints":{"allow":["GET"]}}],"collection":[{"href":"https:\/\/sezona.lv\/en\/wp-json\/wp\/v2\/product"}],"about":[{"href":"https:\/\/sezona.lv\/en\/wp-json\/wp\/v2\/types\/product"}],"wp:attachment":[{"href":"https:\/\/sezona.lv\/en\/wp-json\/wp\/v2\/media?parent=77454"}],"wp:term":[{"taxonomy":"product_brand","embeddable":true,"href":"https:\/\/sezona.lv\/en\/wp-json\/wp\/v2\/product_brand?post=77454"},{"taxonomy":"product_cat","embeddable":true,"href":"https:\/\/sezona.lv\/en\/wp-json\/wp\/v2\/product_cat?post=77454"},{"taxonomy":"product_tag","embeddable":true,"href":"https:\/\/sezona.lv\/en\/wp-json\/wp\/v2\/product_tag?post=77454"}],"curies":[{"name":"wp","href":"https:\/\/api.w.org\/{rel}","templated":true}]}}