{"id":77455,"date":"2025-07-14T15:06:50","date_gmt":"2025-07-14T12:06:50","guid":{"rendered":"https:\/\/demo8.ecube.lv\/sezona.lv\/products\/krekls-marmot-wms-interval-1-2-zip-ls\/"},"modified":"2025-07-14T15:06:50","modified_gmt":"2025-07-14T12:06:50","slug":"krekls-marmot-wms-interval-1-2-zip-ls","status":"publish","type":"product","link":"https:\/\/sezona.lv\/en\/products\/krekls-marmot-wms-interval-1-2-zip-ls\/","title":{"rendered":"Krekls Marmot Wms Interval 1\/2 Zip LS"},"content":{"rendered":"<p align=\"justify\"><span style=\"font-size: x-small\">Dienas ir siltas, bet r\u012bt ir dzestri &#8211; tas ir ide\u0101ls laiks lai izm\u0113\u0123in\u0101tu vieglo&nbsp;<strong>Wm&#8217;s Interval&nbsp;<\/strong><strong>&frac12; Zip Long Sleeve<\/strong>&nbsp;kreklu. Izgatavots no viegla, mitruma izvado&scaron;a un elpojo&scaron;a auduma. Staip\u012bgais un \u0101tri \u017e\u016bsto&scaron;ais materi\u0101ls b\u016bs \u013coti komfortabls r\u012bta skr\u0113jieniem. Atl\u0113tiskais piegriezums un pagarin\u0101t\u0101s piedurknes ar \u012bk&scaron;\u0137a caurumiem un pagarin\u0101tu muguras da\u013cu nodro&scaron;in\u0101s maksim\u0101lu kust\u012bbas br\u012bv\u012bbu. Turkl\u0101t &scaron;im skrie&scaron;anas kreklam ir neliela kabati\u0146a mugurpus\u0113, kur\u0101 var ielikt atsl\u0113gas vai k\u0101du sporta \u017eeleju.<br \/><\/span><\/p>\n<p><span style=\"color: #800000;font-size: x-small\"><strong>Specifik\u0101cija:<\/strong><\/span><\/p>\n<p><span style=\"font-size: x-small\"><strong>Pamatmateri\u0101ls:&nbsp;<\/strong>100% Polyester Jersey 5.2 oz\/yd<br \/><\/span><span style=\"font-size: x-small\"><strong>Ielaidumi:<\/strong>&nbsp;92% Polyester, 8% Elastane Mesh 3.9 oz\/yd<br \/><\/span><span style=\"font-size: x-small\"><strong>Svars:<\/strong>&nbsp;195 grami (M izm\u0113ram)<strong><br \/>Kr\u0101sa:<\/strong>&nbsp;sarkans, zils<br \/><\/span><\/p>\n<p><span style=\"color: #800000;font-size: x-small\"><strong>Raksturojums:<\/strong><\/span><\/p>\n<p><span style=\"font-size: x-small\"><img loading=\"lazy\" decoding=\"async\" src=\"http:\/\/www.virsotne.lv\/userfiles\/image\/ahaa\/marmot_logo_aplisM.gif\" alt=\"\" width=\"15\" height=\"15\" \/>&nbsp;Viegls, elpojo&scaron;s un \u0101tri z\u016bsto&scaron;s audums<br \/><\/span><span style=\"font-size: x-small\"><img loading=\"lazy\" decoding=\"async\" src=\"http:\/\/www.virsotne.lv\/userfiles\/image\/ahaa\/marmot_logo_aplisM.gif\" alt=\"\" width=\"15\" height=\"15\" \/>&nbsp;Smalka t\u012bkli\u0146a ie&scaron;uvumi papildus elpo&scaron;anai<br \/><\/span><span style=\"font-size: x-small\"><img loading=\"lazy\" decoding=\"async\" src=\"http:\/\/www.virsotne.lv\/userfiles\/image\/ahaa\/marmot_logo_aplisM.gif\" alt=\"\" width=\"15\" height=\"15\" \/>&nbsp;<strong>UPF 30&nbsp;<\/strong>ultravioleto staru aizsardz\u012bba<br \/><\/span><span style=\"font-size: x-small\"><img loading=\"lazy\" decoding=\"async\" src=\"http:\/\/www.virsotne.lv\/userfiles\/image\/ahaa\/marmot_logo_aplisM.gif\" alt=\"\" width=\"15\" height=\"15\" \/>&nbsp;Pagarin\u0101ta muguras da\u013ca<br \/><\/span><span style=\"font-size: x-small\"><img loading=\"lazy\" decoding=\"async\" src=\"http:\/\/www.virsotne.lv\/userfiles\/image\/ahaa\/marmot_logo_aplisM.gif\" alt=\"\" width=\"15\" height=\"15\" \/>&nbsp;Ik&scaron;\u0137u caurumi<br \/><\/span><span style=\"font-size: x-small\"><img loading=\"lazy\" decoding=\"async\" src=\"http:\/\/www.virsotne.lv\/userfiles\/image\/ahaa\/marmot_logo_aplisM.gif\" alt=\"\" width=\"15\" height=\"15\" \/>&nbsp;Atstarot\u0101ji<br \/><\/span><span style=\"font-size: x-small\"><img loading=\"lazy\" decoding=\"async\" src=\"http:\/\/www.virsotne.lv\/userfiles\/image\/ahaa\/marmot_logo_aplisM.gif\" alt=\"\" width=\"15\" height=\"15\" \/>&nbsp;Nav kakla birkas<br \/><\/span><span style=\"font-size: x-small\"><img loading=\"lazy\" decoding=\"async\" src=\"http:\/\/www.virsotne.lv\/userfiles\/image\/ahaa\/marmot_logo_aplisM.gif\" alt=\"\" width=\"15\" height=\"15\" \/>&nbsp;Sievie&scaron;u piegriezums<\/span><\/p>\n","protected":false},"excerpt":{"rendered":"<p>Dienas ir siltas, bet r\u012bt ir dzestri &#8211; tas ir ide\u0101ls laiks lai izm\u0113\u0123in\u0101tu vieglo&nbsp;Wm&#8217;s Interval&nbsp;&frac12; Zip Long Sleeve&nbsp;kreklu. Izgatavots no viegla, mitruma izvado&scaron;a un elpojo&scaron;a auduma. Staip\u012bgais un \u0101tri \u017e\u016bsto&scaron;ais materi\u0101ls b\u016bs \u013coti komfortabls r\u012bta skr\u0113jieniem. Atl\u0113tiskais piegriezums un pagarin\u0101t\u0101s piedurknes ar \u012bk&scaron;\u0137a caurumiem un pagarin\u0101tu muguras da\u013cu nodro&scaron;in\u0101s maksim\u0101lu kust\u012bbas br\u012bv\u012bbu. Turkl\u0101t &scaron;im [&hellip;]<\/p>\n","protected":false},"featured_media":0,"template":"","meta":[],"product_brand":[908],"product_cat":[4619,4640,4910],"product_tag":[],"class_list":{"0":"post-77455","1":"product","2":"type-product","3":"status-publish","5":"product_brand-marmot","6":"product_cat-winter-clothes-recreation","7":"product_cat-recreation","8":"product_cat-jogging-clothes-winter-clothes-recreation","10":"first","11":"instock","12":"shipping-taxable","13":"purchasable","14":"product-type-simple"},"_links":{"self":[{"href":"https:\/\/sezona.lv\/en\/wp-json\/wp\/v2\/product\/77455","targetHints":{"allow":["GET"]}}],"collection":[{"href":"https:\/\/sezona.lv\/en\/wp-json\/wp\/v2\/product"}],"about":[{"href":"https:\/\/sezona.lv\/en\/wp-json\/wp\/v2\/types\/product"}],"wp:attachment":[{"href":"https:\/\/sezona.lv\/en\/wp-json\/wp\/v2\/media?parent=77455"}],"wp:term":[{"taxonomy":"product_brand","embeddable":true,"href":"https:\/\/sezona.lv\/en\/wp-json\/wp\/v2\/product_brand?post=77455"},{"taxonomy":"product_cat","embeddable":true,"href":"https:\/\/sezona.lv\/en\/wp-json\/wp\/v2\/product_cat?post=77455"},{"taxonomy":"product_tag","embeddable":true,"href":"https:\/\/sezona.lv\/en\/wp-json\/wp\/v2\/product_tag?post=77455"}],"curies":[{"name":"wp","href":"https:\/\/api.w.org\/{rel}","templated":true}]}}