{"id":77457,"date":"2025-07-14T15:06:51","date_gmt":"2025-07-14T12:06:51","guid":{"rendered":"https:\/\/demo8.ecube.lv\/sezona.lv\/products\/veste-marmot-stride-vest\/"},"modified":"2025-07-14T15:06:51","modified_gmt":"2025-07-14T12:06:51","slug":"veste-marmot-stride-vest","status":"publish","type":"product","link":"https:\/\/sezona.lv\/en\/products\/veste-marmot-stride-vest\/","title":{"rendered":"Veste Marmot Stride Vest"},"content":{"rendered":"<p><span style=\"font-size: x-small\">Viegla un funkcion\u0101la aizsardz\u012bba no v\u0113ja un smalka lietus. \u0112rts un erganomisks piegriezums. Pateicoties<\/span><span style=\"font-size: x-small\"><strong>DriClime&reg;<\/strong>&nbsp;mitruma izvado&scaron;ajam oder\u0113jumam un mitruma atgr\u016bdo&scaron;ajai virspusei&nbsp;<strong>Stride Vest<\/strong>&nbsp;veste ir lieliska krie&scaron;anas vai vasaras trekinag vest\u012bte, kas ir \u013coti kompakta! Tai ir kr\u016b&scaron;u kabata ar austi\u0146u vada caurumu. Un lai dro&scaron;\u0101k justos uz ce\u013ca tum&scaron;aj\u0101 dienakts laik\u0101, tad vestei ir iestr\u0101d\u0101ti atstarojo&scaron;i logotipi.<br \/><\/span><\/p>\n<p>&nbsp;<\/p>\n<p><span style=\"color: #800000;font-size: x-small\"><strong>Specifik\u0101cija:<\/strong><\/span><\/p>\n<p>&nbsp;<\/p>\n<p><span style=\"font-size: x-small\"><strong>Materi\u0101ls:<\/strong>&nbsp;100% Polyester Ripstop DWR 1.5 oz\/yd&nbsp;<br \/><\/span><span style=\"font-size: x-small\"><strong>Muguras garums:<\/strong>&nbsp;72cm (M izm\u0113ram)<br \/><\/span><span style=\"font-size: x-small\"><strong>Svars:&nbsp;<\/strong>150 grami<br \/><\/span><span style=\"font-size: x-small\"><strong>Kr\u0101sa:&nbsp;<\/strong>zila, melna<\/span><\/p>\n<p>&nbsp;<\/p>\n<p><span style=\"color: #800000;font-size: x-small\"><strong>Raksturojums:<\/strong><\/span><\/p>\n<p>&nbsp;<\/p>\n<p><span style=\"font-size: x-small\"><img loading=\"lazy\" decoding=\"async\" src=\"http:\/\/www.virsotne.lv\/userfiles\/image\/ahaa\/marmot_logo_aplisM.gif\" alt=\"\" width=\"15\" height=\"15\" \/>&nbsp;Viegls v\u0113ja iztur\u012bgs uadums<br \/><\/span><span style=\"font-size: x-small\"><img loading=\"lazy\" decoding=\"async\" src=\"http:\/\/www.virsotne.lv\/userfiles\/image\/ahaa\/marmot_logo_aplisM.gif\" alt=\"\" width=\"15\" height=\"15\" \/>&nbsp;Savilc\u0113jaukla apak&scaron;da\u013c\u0101<br \/><\/span><span style=\"font-size: x-small\"><img loading=\"lazy\" decoding=\"async\" src=\"http:\/\/www.virsotne.lv\/userfiles\/image\/ahaa\/marmot_logo_aplisM.gif\" alt=\"\" width=\"15\" height=\"15\" \/>&nbsp;Roku kabatas ar r\u0101v\u0113jsl\u0113dz\u0113ju<br \/><\/span><span style=\"font-size: x-small\"><img loading=\"lazy\" decoding=\"async\" src=\"http:\/\/www.virsotne.lv\/userfiles\/image\/ahaa\/marmot_logo_aplisM.gif\" alt=\"\" width=\"15\" height=\"15\" \/>&nbsp;Atstarojo&scaron;i logotipi<\/span><\/p>\n","protected":false},"excerpt":{"rendered":"<p>Viegla un funkcion\u0101la aizsardz\u012bba no v\u0113ja un smalka lietus. \u0112rts un erganomisks piegriezums. PateicotiesDriClime&reg;&nbsp;mitruma izvado&scaron;ajam oder\u0113jumam un mitruma atgr\u016bdo&scaron;ajai virspusei&nbsp;Stride Vest&nbsp;veste ir lieliska krie&scaron;anas vai vasaras trekinag vest\u012bte, kas ir \u013coti kompakta! Tai ir kr\u016b&scaron;u kabata ar austi\u0146u vada caurumu. Un lai dro&scaron;\u0101k justos uz ce\u013ca tum&scaron;aj\u0101 dienakts laik\u0101, tad vestei ir iestr\u0101d\u0101ti atstarojo&scaron;i logotipi. [&hellip;]<\/p>\n","protected":false},"featured_media":0,"template":"","meta":[],"product_brand":[908],"product_cat":[4619,4640,4910],"product_tag":[],"class_list":{"0":"post-77457","1":"product","2":"type-product","3":"status-publish","5":"product_brand-marmot","6":"product_cat-winter-clothes-recreation","7":"product_cat-recreation","8":"product_cat-jogging-clothes-winter-clothes-recreation","10":"first","11":"instock","12":"shipping-taxable","13":"purchasable","14":"product-type-simple"},"_links":{"self":[{"href":"https:\/\/sezona.lv\/en\/wp-json\/wp\/v2\/product\/77457","targetHints":{"allow":["GET"]}}],"collection":[{"href":"https:\/\/sezona.lv\/en\/wp-json\/wp\/v2\/product"}],"about":[{"href":"https:\/\/sezona.lv\/en\/wp-json\/wp\/v2\/types\/product"}],"wp:attachment":[{"href":"https:\/\/sezona.lv\/en\/wp-json\/wp\/v2\/media?parent=77457"}],"wp:term":[{"taxonomy":"product_brand","embeddable":true,"href":"https:\/\/sezona.lv\/en\/wp-json\/wp\/v2\/product_brand?post=77457"},{"taxonomy":"product_cat","embeddable":true,"href":"https:\/\/sezona.lv\/en\/wp-json\/wp\/v2\/product_cat?post=77457"},{"taxonomy":"product_tag","embeddable":true,"href":"https:\/\/sezona.lv\/en\/wp-json\/wp\/v2\/product_tag?post=77457"}],"curies":[{"name":"wp","href":"https:\/\/api.w.org\/{rel}","templated":true}]}}