{"id":77459,"date":"2025-07-14T15:06:53","date_gmt":"2025-07-14T12:06:53","guid":{"rendered":"https:\/\/demo8.ecube.lv\/sezona.lv\/products\/krekls-marmot-wms-erin-tank\/"},"modified":"2025-07-14T15:06:53","modified_gmt":"2025-07-14T12:06:53","slug":"krekls-marmot-wms-erin-tank","status":"publish","type":"product","link":"https:\/\/sezona.lv\/en\/products\/krekls-marmot-wms-erin-tank\/","title":{"rendered":"Krekls Marmot Wms Erin Tank"},"content":{"rendered":"<p><span style=\"font-size: x-small\">Marmot Erin Tank ir sievie&scaron;u sporta un fitnesa krekls. Tas vienl\u012bdz labi noder\u0113s gan skrienot, vingrojot, gan ar\u012b nodarbojoties ar klin&scaron;u k\u0101p&scaron;anu. Viegls, elpojo&scaron;s un \u0101tri \u017e\u016bsto&scaron;s materi\u0101ls. Materi\u0101ls ir staip\u012bgs, lai tas nodro&scaron;in\u0101tu kust\u012bbu br\u012bv\u012bbu. Kreklam ir UPF 50 aizsardz\u012bba pret UV stariem.<\/span><br \/><span style=\"font-size: x-small\"><br \/><strong><span style=\"color: #800000\">Specifik\u0101cija:<\/span><\/strong><br \/><strong>Materi\u0101ls:<\/strong>&nbsp;92% Nylon Supplex, 8% Elastane<br \/><strong>Svars:<\/strong>&nbsp;280 grami<br \/><strong>Kr\u0101sa:<\/strong>&nbsp;Oran\u017es, zils<\/span><\/p>\n","protected":false},"excerpt":{"rendered":"<p>Marmot Erin Tank ir sievie&scaron;u sporta un fitnesa krekls. Tas vienl\u012bdz labi noder\u0113s gan skrienot, vingrojot, gan ar\u012b nodarbojoties ar klin&scaron;u k\u0101p&scaron;anu. Viegls, elpojo&scaron;s un \u0101tri \u017e\u016bsto&scaron;s materi\u0101ls. Materi\u0101ls ir staip\u012bgs, lai tas nodro&scaron;in\u0101tu kust\u012bbu br\u012bv\u012bbu. Kreklam ir UPF 50 aizsardz\u012bba pret UV stariem.Specifik\u0101cija:Materi\u0101ls:&nbsp;92% Nylon Supplex, 8% ElastaneSvars:&nbsp;280 gramiKr\u0101sa:&nbsp;Oran\u017es, zils<\/p>\n","protected":false},"featured_media":0,"template":"","meta":[],"product_brand":[908],"product_cat":[4619,4640,4910],"product_tag":[],"class_list":{"0":"post-77459","1":"product","2":"type-product","3":"status-publish","5":"product_brand-marmot","6":"product_cat-winter-clothes-recreation","7":"product_cat-recreation","8":"product_cat-jogging-clothes-winter-clothes-recreation","10":"first","11":"instock","12":"shipping-taxable","13":"purchasable","14":"product-type-simple"},"_links":{"self":[{"href":"https:\/\/sezona.lv\/en\/wp-json\/wp\/v2\/product\/77459","targetHints":{"allow":["GET"]}}],"collection":[{"href":"https:\/\/sezona.lv\/en\/wp-json\/wp\/v2\/product"}],"about":[{"href":"https:\/\/sezona.lv\/en\/wp-json\/wp\/v2\/types\/product"}],"wp:attachment":[{"href":"https:\/\/sezona.lv\/en\/wp-json\/wp\/v2\/media?parent=77459"}],"wp:term":[{"taxonomy":"product_brand","embeddable":true,"href":"https:\/\/sezona.lv\/en\/wp-json\/wp\/v2\/product_brand?post=77459"},{"taxonomy":"product_cat","embeddable":true,"href":"https:\/\/sezona.lv\/en\/wp-json\/wp\/v2\/product_cat?post=77459"},{"taxonomy":"product_tag","embeddable":true,"href":"https:\/\/sezona.lv\/en\/wp-json\/wp\/v2\/product_tag?post=77459"}],"curies":[{"name":"wp","href":"https:\/\/api.w.org\/{rel}","templated":true}]}}