{"id":77460,"date":"2025-07-14T15:06:54","date_gmt":"2025-07-14T12:06:54","guid":{"rendered":"https:\/\/demo8.ecube.lv\/sezona.lv\/products\/sorti-marmot-wms-jump-start-capri\/"},"modified":"2025-07-14T15:06:54","modified_gmt":"2025-07-14T12:06:54","slug":"sorti-marmot-wms-jump-start-capri","status":"publish","type":"product","link":"https:\/\/sezona.lv\/en\/products\/sorti-marmot-wms-jump-start-capri\/","title":{"rendered":"\u0160orti Marmot Wms Jump Start Capri"},"content":{"rendered":"<p align=\"justify\"><span style=\"font-size: x-small\">Marmot Jump Start Capri ir piegu\u013co&scaron;i sievie&scaron;u &scaron;orti fitnesam un skrie&scaron;anai. Ar tiem b\u016bs vienl\u012bdz \u0113rti gan skriet pa kalnu tak\u0101m, gan ar\u012b vingrot vai doties sportisk\u0101 pastaig\u0101 gar j\u016bru. Materi\u0101ls ir piegu\u013co&scaron;s un elast\u012bgs, t\u0101d\u0113j\u0101di nodro&scaron;inot jums maksim\u0101lu kust\u012bbu br\u012bv\u012bbu. Tas ir \u013coti labi elpojo&scaron;s un \u0101tri \u017e\u016bsto&scaron;s. Coolmax oder\u0113jums nodro&scaron;in\u0101s lab\u0101ku sviedru izvad\u012b&scaron;anu. Materi\u0101lam ir UPF 50 aizsardz\u012bba pret UV stariem.<\/span><\/p>\n<p align=\"justify\"><span style=\"font-size: x-small\"><strong><span style=\"color: #800000\">Specifik\u0101cija:<\/span><\/strong><br \/><strong>Materi\u0101ls:<\/strong>&nbsp;88% Polyester, 12% Elastane Single Jersey<br \/><strong>Kr\u0101sa:<\/strong>&nbsp;Melna, violeta<br \/><strong>Svars:<\/strong>&nbsp;208 grami<\/span><\/p>\n","protected":false},"excerpt":{"rendered":"<p>Marmot Jump Start Capri ir piegu\u013co&scaron;i sievie&scaron;u &scaron;orti fitnesam un skrie&scaron;anai. Ar tiem b\u016bs vienl\u012bdz \u0113rti gan skriet pa kalnu tak\u0101m, gan ar\u012b vingrot vai doties sportisk\u0101 pastaig\u0101 gar j\u016bru. Materi\u0101ls ir piegu\u013co&scaron;s un elast\u012bgs, t\u0101d\u0113j\u0101di nodro&scaron;inot jums maksim\u0101lu kust\u012bbu br\u012bv\u012bbu. Tas ir \u013coti labi elpojo&scaron;s un \u0101tri \u017e\u016bsto&scaron;s. Coolmax oder\u0113jums nodro&scaron;in\u0101s lab\u0101ku sviedru izvad\u012b&scaron;anu. [&hellip;]<\/p>\n","protected":false},"featured_media":0,"template":"","meta":[],"product_brand":[908],"product_cat":[4619,4640,4910],"product_tag":[],"class_list":{"0":"post-77460","1":"product","2":"type-product","3":"status-publish","5":"product_brand-marmot","6":"product_cat-winter-clothes-recreation","7":"product_cat-recreation","8":"product_cat-jogging-clothes-winter-clothes-recreation","10":"first","11":"instock","12":"shipping-taxable","13":"purchasable","14":"product-type-simple"},"_links":{"self":[{"href":"https:\/\/sezona.lv\/en\/wp-json\/wp\/v2\/product\/77460","targetHints":{"allow":["GET"]}}],"collection":[{"href":"https:\/\/sezona.lv\/en\/wp-json\/wp\/v2\/product"}],"about":[{"href":"https:\/\/sezona.lv\/en\/wp-json\/wp\/v2\/types\/product"}],"wp:attachment":[{"href":"https:\/\/sezona.lv\/en\/wp-json\/wp\/v2\/media?parent=77460"}],"wp:term":[{"taxonomy":"product_brand","embeddable":true,"href":"https:\/\/sezona.lv\/en\/wp-json\/wp\/v2\/product_brand?post=77460"},{"taxonomy":"product_cat","embeddable":true,"href":"https:\/\/sezona.lv\/en\/wp-json\/wp\/v2\/product_cat?post=77460"},{"taxonomy":"product_tag","embeddable":true,"href":"https:\/\/sezona.lv\/en\/wp-json\/wp\/v2\/product_tag?post=77460"}],"curies":[{"name":"wp","href":"https:\/\/api.w.org\/{rel}","templated":true}]}}