{"id":77461,"date":"2025-07-14T15:06:55","date_gmt":"2025-07-14T12:06:55","guid":{"rendered":"https:\/\/demo8.ecube.lv\/sezona.lv\/products\/skriesanas-bikses-marmot-propel-tight\/"},"modified":"2025-07-14T15:06:55","modified_gmt":"2025-07-14T12:06:55","slug":"skriesanas-bikses-marmot-propel-tight","status":"publish","type":"product","link":"https:\/\/sezona.lv\/en\/products\/skriesanas-bikses-marmot-propel-tight\/","title":{"rendered":"Skrie\u0161anas bikses Marmot Propel Tight"},"content":{"rendered":"<p align=\"justify\"><span style=\"font-size: x-small\">Vid\u0113ja siltuma skrie&scaron;anas bikses, kas b\u016bs ide\u0101las v\u0113s\u0101kos vasaras r\u012btos, k\u0101 ar\u012b ruden\u012b un pavasar\u012b. Biks\u0113m ir atstarojo&scaron;ie elementi, lai tum&scaron;aj\u0101 diennakts laik\u0101 skr\u0113j\u0113js b\u016btu viegl\u0101k paman\u0101ms. Ir maza kabati\u0146a kur ievietot atsl\u0113gu trenni\u0146a laik\u0101.<br \/><\/span><\/p>\n<p align=\"justify\"><span style=\"color: #800000;font-size: x-small\"><strong>Specifik\u0101cija:<\/strong><\/span><\/p>\n<p align=\"justify\"><span style=\"font-size: x-small\"><strong>Materi\u0101ls:<\/strong>&nbsp;88% Polyester, 12% Elastane Single Jersey 8.5 oz\/yd&nbsp;<br \/><strong>Svars:<\/strong>&nbsp;272g<\/span><\/p>\n<p align=\"justify\"><span style=\"color: #800000;font-size: x-small\"><strong>Raksturojums:<\/strong><\/span><\/p>\n<p align=\"justify\"><span style=\"font-size: x-small\"><img loading=\"lazy\" decoding=\"async\" src=\"http:\/\/www.virsotne.lv\/userfiles\/image\/ahaa\/marmot_logo_aplisM.gif\" alt=\"\" width=\"15\" height=\"15\" \/>&nbsp;Ultravioleto staru aizsardz\u012bba UPF 50<br \/><img loading=\"lazy\" decoding=\"async\" src=\"http:\/\/www.virsotne.lv\/userfiles\/image\/ahaa\/marmot_logo_aplisM.gif\" alt=\"\" width=\"15\" height=\"15\" \/>&nbsp;\u0100tri \u017eusto&scaron;as un elpojo&scaron;as<br \/><img loading=\"lazy\" decoding=\"async\" src=\"http:\/\/www.virsotne.lv\/userfiles\/image\/ahaa\/marmot_logo_aplisM.gif\" alt=\"\" width=\"15\" height=\"15\" \/>&nbsp;Staip\u012bgas<br \/><img loading=\"lazy\" decoding=\"async\" src=\"http:\/\/www.virsotne.lv\/userfiles\/image\/ahaa\/marmot_logo_aplisM.gif\" alt=\"\" width=\"15\" height=\"15\" \/>&nbsp;Kabata atsl\u0113gai<br \/><img loading=\"lazy\" decoding=\"async\" src=\"http:\/\/www.virsotne.lv\/userfiles\/image\/ahaa\/marmot_logo_aplisM.gif\" alt=\"\" width=\"15\" height=\"15\" \/>&nbsp;Pot\u012b&scaron;u r\u0101v\u0113jsl\u0113dz\u0113ji<br \/><img loading=\"lazy\" decoding=\"async\" src=\"http:\/\/www.virsotne.lv\/userfiles\/image\/ahaa\/marmot_logo_aplisM.gif\" alt=\"\" width=\"15\" height=\"15\" \/>&nbsp;Atstarojo&scaron;i elementi<br \/><img loading=\"lazy\" decoding=\"async\" src=\"http:\/\/www.virsotne.lv\/userfiles\/image\/ahaa\/marmot_logo_aplisM.gif\" alt=\"\" width=\"15\" height=\"15\" \/>&nbsp;Jostas svilc\u0113jaukla<\/span><\/p>\n","protected":false},"excerpt":{"rendered":"<p>Vid\u0113ja siltuma skrie&scaron;anas bikses, kas b\u016bs ide\u0101las v\u0113s\u0101kos vasaras r\u012btos, k\u0101 ar\u012b ruden\u012b un pavasar\u012b. Biks\u0113m ir atstarojo&scaron;ie elementi, lai tum&scaron;aj\u0101 diennakts laik\u0101 skr\u0113j\u0113js b\u016btu viegl\u0101k paman\u0101ms. Ir maza kabati\u0146a kur ievietot atsl\u0113gu trenni\u0146a laik\u0101. Specifik\u0101cija: Materi\u0101ls:&nbsp;88% Polyester, 12% Elastane Single Jersey 8.5 oz\/yd&nbsp;Svars:&nbsp;272g Raksturojums: &nbsp;Ultravioleto staru aizsardz\u012bba UPF 50&nbsp;\u0100tri \u017eusto&scaron;as un elpojo&scaron;as&nbsp;Staip\u012bgas&nbsp;Kabata atsl\u0113gai&nbsp;Pot\u012b&scaron;u r\u0101v\u0113jsl\u0113dz\u0113ji&nbsp;Atstarojo&scaron;i [&hellip;]<\/p>\n","protected":false},"featured_media":0,"template":"","meta":[],"product_brand":[908],"product_cat":[4619,4640,4910],"product_tag":[],"class_list":{"0":"post-77461","1":"product","2":"type-product","3":"status-publish","5":"product_brand-marmot","6":"product_cat-winter-clothes-recreation","7":"product_cat-recreation","8":"product_cat-jogging-clothes-winter-clothes-recreation","10":"first","11":"instock","12":"shipping-taxable","13":"purchasable","14":"product-type-simple"},"_links":{"self":[{"href":"https:\/\/sezona.lv\/en\/wp-json\/wp\/v2\/product\/77461","targetHints":{"allow":["GET"]}}],"collection":[{"href":"https:\/\/sezona.lv\/en\/wp-json\/wp\/v2\/product"}],"about":[{"href":"https:\/\/sezona.lv\/en\/wp-json\/wp\/v2\/types\/product"}],"wp:attachment":[{"href":"https:\/\/sezona.lv\/en\/wp-json\/wp\/v2\/media?parent=77461"}],"wp:term":[{"taxonomy":"product_brand","embeddable":true,"href":"https:\/\/sezona.lv\/en\/wp-json\/wp\/v2\/product_brand?post=77461"},{"taxonomy":"product_cat","embeddable":true,"href":"https:\/\/sezona.lv\/en\/wp-json\/wp\/v2\/product_cat?post=77461"},{"taxonomy":"product_tag","embeddable":true,"href":"https:\/\/sezona.lv\/en\/wp-json\/wp\/v2\/product_tag?post=77461"}],"curies":[{"name":"wp","href":"https:\/\/api.w.org\/{rel}","templated":true}]}}