{"id":77463,"date":"2025-07-14T15:06:56","date_gmt":"2025-07-14T12:06:56","guid":{"rendered":"https:\/\/demo8.ecube.lv\/sezona.lv\/products\/membranu-jaka-marmot-minimalist-jacket\/"},"modified":"2025-07-14T15:06:56","modified_gmt":"2025-07-14T12:06:56","slug":"membranu-jaka-marmot-minimalist-jacket","status":"publish","type":"product","link":"https:\/\/sezona.lv\/en\/products\/membranu-jaka-marmot-minimalist-jacket\/","title":{"rendered":"Membr\u0101nu jaka Marmot Minimalist Jacket"},"content":{"rendered":"<div>\n<p><span style=\"font-size: x-small\">Viegla un iztur\u012bga v\u012brie&scaron;u membr\u0101njaka, izgatavota no augstas tehnolo\u0123ijas membr\u0101nas auduma&nbsp;<strong>GORE-TEX&reg; Paclite<\/strong><strong>&reg;<\/strong><strong>.<\/strong><strong>&nbsp;<\/strong>Jaka paredz\u0113ta t\u016brismam, atp\u016btai dab\u0101 un pils\u0113tas apst\u0101k\u013ciem. Augsta \u016bdensiztur\u012bba un elpojo&scaron;\u0101s \u012bpa&scaron;\u012bbas. T\u0101s mazais svars un kompaktums \u013cauj to izmantot ar\u012b daudzdienu piedz\u012bvojumu sac\u012bkst\u0113s.<br \/><\/span><\/p>\n<p><span style=\"color: #800000;font-size: x-small\"><strong>Specifik\u0101cija:<\/strong><\/span><\/p>\n<\/div>\n<p align=\"left\"><span style=\"font-size: x-small\"><strong>Membr\u0101na:&nbsp;<\/strong>Gore-Tex&reg; Paclite&reg; 100% Polyester 102g\/m2<br \/><strong>Mitrumiztur\u012bba:<\/strong><\/span>&nbsp;<span style=\"font-size: x-small\">40PSI (~20 000 mm)<br \/><strong>Elpojo&scaron;\u0101s \u012bpa&scaron;\u012bbas:<\/strong><\/span>&nbsp;<span style=\"font-size: x-small\">~20 000 g\/m2\/24h<br \/><strong>Svars:<\/strong><\/span>&nbsp;<span style=\"font-size: x-small\">425g&nbsp;<br \/><strong>Muguras garums:<\/strong>&nbsp;7<span style=\"font-size: x-small\">1<\/span>cm (M izm\u0113ram)<\/span><span style=\"font-size: x-small\"><br \/><\/span><\/p>\n<p align=\"left\"><span style=\"color: #800000\"><strong><span style=\"font-size: x-small\">Raksturojums:<\/span><\/strong><\/span><\/p>\n<p align=\"left\"><span style=\"font-size: x-small\"><img loading=\"lazy\" decoding=\"async\" src=\"http:\/\/www.virsotne.lv\/userfiles\/image\/ahaa\/marmot_logo_aplisM.gif\" alt=\"\" width=\"15\" height=\"15\" \/>&nbsp;Visas &scaron;uves p\u0101rl\u012bm\u0113tas, \u016bdensdro&scaron;i r\u0101v\u0113jsl\u0113dz\u0113ji<br \/><img loading=\"lazy\" decoding=\"async\" src=\"http:\/\/www.virsotne.lv\/userfiles\/image\/ahaa\/marmot_logo_aplisM.gif\" alt=\"\" width=\"15\" height=\"15\" \/>&nbsp;Padus\u0113s ir r\u0101v\u0113jsl\u0113dz\u0113js papildus ventil\u0101cijai<br \/><img loading=\"lazy\" decoding=\"async\" src=\"http:\/\/www.virsotne.lv\/userfiles\/image\/ahaa\/marmot_logo_aplisM.gif\" alt=\"\" width=\"15\" height=\"15\" \/>&nbsp;Kompakta un viegla<br \/><img loading=\"lazy\" decoding=\"async\" src=\"http:\/\/www.virsotne.lv\/userfiles\/image\/ahaa\/marmot_logo_aplisM.gif\" alt=\"\" width=\"15\" height=\"15\" \/>&nbsp;Augsta nodilumiztur\u012bba<\/span><\/p>\n","protected":false},"excerpt":{"rendered":"<p>Viegla un iztur\u012bga v\u012brie&scaron;u membr\u0101njaka, izgatavota no augstas tehnolo\u0123ijas membr\u0101nas auduma&nbsp;GORE-TEX&reg; Paclite&reg;.&nbsp;Jaka paredz\u0113ta t\u016brismam, atp\u016btai dab\u0101 un pils\u0113tas apst\u0101k\u013ciem. Augsta \u016bdensiztur\u012bba un elpojo&scaron;\u0101s \u012bpa&scaron;\u012bbas. T\u0101s mazais svars un kompaktums \u013cauj to izmantot ar\u012b daudzdienu piedz\u012bvojumu sac\u012bkst\u0113s. Specifik\u0101cija: Membr\u0101na:&nbsp;Gore-Tex&reg; Paclite&reg; 100% Polyester 102g\/m2Mitrumiztur\u012bba:&nbsp;40PSI (~20 000 mm)Elpojo&scaron;\u0101s \u012bpa&scaron;\u012bbas:&nbsp;~20 000 g\/m2\/24hSvars:&nbsp;425g&nbsp;Muguras garums:&nbsp;71cm (M izm\u0113ram) Raksturojums: &nbsp;Visas &scaron;uves p\u0101rl\u012bm\u0113tas, [&hellip;]<\/p>\n","protected":false},"featured_media":0,"template":"","meta":[],"product_brand":[908],"product_cat":[4619,4640,4710],"product_tag":[],"class_list":{"0":"post-77463","1":"product","2":"type-product","3":"status-publish","5":"product_brand-marmot","6":"product_cat-winter-clothes-recreation","7":"product_cat-recreation","8":"product_cat-membrane-jackets-winter-clothes-recreation","10":"first","11":"instock","12":"shipping-taxable","13":"purchasable","14":"product-type-simple"},"_links":{"self":[{"href":"https:\/\/sezona.lv\/en\/wp-json\/wp\/v2\/product\/77463","targetHints":{"allow":["GET"]}}],"collection":[{"href":"https:\/\/sezona.lv\/en\/wp-json\/wp\/v2\/product"}],"about":[{"href":"https:\/\/sezona.lv\/en\/wp-json\/wp\/v2\/types\/product"}],"wp:attachment":[{"href":"https:\/\/sezona.lv\/en\/wp-json\/wp\/v2\/media?parent=77463"}],"wp:term":[{"taxonomy":"product_brand","embeddable":true,"href":"https:\/\/sezona.lv\/en\/wp-json\/wp\/v2\/product_brand?post=77463"},{"taxonomy":"product_cat","embeddable":true,"href":"https:\/\/sezona.lv\/en\/wp-json\/wp\/v2\/product_cat?post=77463"},{"taxonomy":"product_tag","embeddable":true,"href":"https:\/\/sezona.lv\/en\/wp-json\/wp\/v2\/product_tag?post=77463"}],"curies":[{"name":"wp","href":"https:\/\/api.w.org\/{rel}","templated":true}]}}