{"id":77464,"date":"2025-07-14T15:06:57","date_gmt":"2025-07-14T12:06:57","guid":{"rendered":"https:\/\/demo8.ecube.lv\/sezona.lv\/products\/membranu-jaka-marmot-sieviesu-super-mica-jacket\/"},"modified":"2025-07-14T15:06:57","modified_gmt":"2025-07-14T12:06:57","slug":"membranu-jaka-marmot-sieviesu-super-mica-jacket","status":"publish","type":"product","link":"https:\/\/sezona.lv\/en\/products\/membranu-jaka-marmot-sieviesu-super-mica-jacket\/","title":{"rendered":"Membr\u0101nu jaka Marmot sievie\u0161u Super Mica Jacket"},"content":{"rendered":"<p align=\"justify\"><span style=\"font-size: x-small\">Vai popul\u0101r\u0101&nbsp;<strong>Super Mica Jacket<\/strong>&nbsp;lietus jaka no&nbsp;<strong>Marmot ultralight<\/strong>&nbsp;kolekcijas var b\u016bs v\u0113l lab\u0101ka? Var! Ar jauno 2.5 sl\u0101\u0146u&nbsp;<strong>NanoPro&trade; Membrain&reg;&nbsp;<\/strong>membr\u0101nu t\u0101 ir k\u013cuvusi vair\u0101k nek\u0101 divreiz elpojo&scaron;\u0101ka, sasniedzot&nbsp;<strong>47 000 g\/m\/24h<\/strong>&nbsp;r\u0101d\u012bt\u0101ju. Viss p\u0101r\u0113jais ir palicis k\u0101 iepriek&scaron;. Nodilumiztur\u012bgie pastiprin\u0101jumi uz pleciem un gurnie pasarag\u0101s no mugursomas lenc\u0113m. Augst\u0101k izvietot\u0101s&nbsp;<strong>PackPockets&trade;&nbsp;<\/strong>kabats nodro&scaron;in\u0101s piek\u013cuvu to saturam tad, kad ir aizspr\u0101dz\u0113ta mugursomas gurnu lence. K\u0101 ar\u012b&nbsp;<strong>PitZips&trade;<\/strong>r\u0101v\u0113jsl\u0113dz\u0113ji padus\u0113s g\u0101d\u0101s par pietiekamu ventil\u0101ciju pie \u013coti lielas aktivit\u0101tes! Dari ko vien v\u0113lies un dodies kur vien v\u0113lies, tikai neatst\u0101j m\u0101j\u0101s &scaron;o vieglo un kompakto jaku!&nbsp;<\/span><\/p>\n<p><span style=\"font-size: x-small\"><strong><span style=\"color: #800000\">Specifik\u0101cija:<\/span><\/strong><\/span><\/p>\n<p><span style=\"font-size: x-small\"><strong>Membr\u0101na:<\/strong>&nbsp;NanoPro&trade; MemBrain&reg; 100% Nylon Ripstop 2.5 oz\/yd<br \/><\/span><span style=\"font-size: x-small\"><strong>Mitrumiztur\u012bba:<\/strong>&nbsp;20 000 mm<br \/><\/span><span style=\"font-size: x-small\"><strong>Elpojo&scaron;\u0101s \u012bpa&scaron;\u012bbas:<\/strong>&nbsp;47 000 g\/m2\/24h<br \/><\/span><span style=\"font-size: x-small\"><strong>Svars:<\/strong>&nbsp;246 grami<br \/><\/span><span style=\"font-size: x-small\"><strong>Muguras garums:<\/strong>&nbsp;68cm (M izm\u0113ram)<br \/><\/span><span style=\"font-size: x-small\"><strong>Kr\u0101sas:&nbsp;<\/strong>laima, zila, dzeltena<br \/><\/span><\/p>\n<p><span style=\"color: #800000;font-size: x-small\"><strong>Raksturojums:<\/strong><\/span><\/p>\n<p><span style=\"font-size: x-small\"><img loading=\"lazy\" decoding=\"async\" src=\"http:\/\/www.virsotne.lv\/userfiles\/image\/ahaa\/marmot_logo_aplisM.gif\" alt=\"\" width=\"15\" height=\"15\" \/>&nbsp;<strong>Angel-Wing Movement&trade;<\/strong>&nbsp;piegriezums<br \/><img loading=\"lazy\" decoding=\"async\" src=\"http:\/\/www.virsotne.lv\/userfiles\/image\/ahaa\/marmot_logo_aplisM.gif\" alt=\"\" width=\"15\" height=\"15\" \/>&nbsp;Asimetriskas piedurknes ar Velcro aizdari<br \/><img loading=\"lazy\" decoding=\"async\" src=\"http:\/\/www.virsotne.lv\/userfiles\/image\/ahaa\/marmot_logo_aplisM.gif\" alt=\"\" width=\"15\" height=\"15\" \/>&nbsp;<strong>Duralite&trade;<\/strong>&nbsp;pastiprin\u0101jumi plecu un gurnu da\u013c\u0101<br \/><img loading=\"lazy\" decoding=\"async\" src=\"http:\/\/www.virsotne.lv\/userfiles\/image\/ahaa\/marmot_logo_aplisM.gif\" alt=\"\" width=\"15\" height=\"15\" \/>&nbsp;Savilc\u0113jaukla jakas apak&scaron;da\u013c\u0101<br \/><img loading=\"lazy\" decoding=\"async\" src=\"http:\/\/www.virsotne.lv\/userfiles\/image\/ahaa\/marmot_logo_aplisM.gif\" alt=\"\" width=\"15\" height=\"15\" \/>&nbsp;<strong>Marmot NanoPro&trade;<\/strong>&nbsp;\u016bdensiztur\u012bga un elpojo&scaron;a membr\u0101na<br \/><img loading=\"lazy\" decoding=\"async\" src=\"http:\/\/www.virsotne.lv\/userfiles\/image\/ahaa\/marmot_logo_aplisM.gif\" alt=\"\" width=\"15\" height=\"15\" \/>&nbsp;Micro&scaron;uves. 100% visas ir p\u0101rl\u012bm\u0113tas<br \/><img loading=\"lazy\" decoding=\"async\" src=\"http:\/\/www.virsotne.lv\/userfiles\/image\/ahaa\/marmot_logo_aplisM.gif\" alt=\"\" width=\"15\" height=\"15\" \/>&nbsp;<strong>PackPockets&trade;<\/strong>&nbsp;s\u0101nu kabatas<br \/><img loading=\"lazy\" decoding=\"async\" src=\"http:\/\/www.virsotne.lv\/userfiles\/image\/ahaa\/marmot_logo_aplisM.gif\" alt=\"\" width=\"15\" height=\"15\" \/>&nbsp;<strong>PitZips&trade;&nbsp;<\/strong>r\u0101v\u0113jsl\u0113dz\u0113ju padus\u0113s ar \u016bdensdro&scaron;u r\u0101v\u0113jsl\u0113dz\u0113ju<br \/><\/span><span style=\"font-size: x-small\"><img loading=\"lazy\" decoding=\"async\" src=\"http:\/\/www.virsotne.lv\/userfiles\/image\/ahaa\/marmot_logo_aplisM.gif\" alt=\"\" width=\"15\" height=\"15\" \/>&nbsp;Sievie&scaron;u piegriezums<\/span><\/p>\n","protected":false},"excerpt":{"rendered":"<p>Vai popul\u0101r\u0101&nbsp;Super Mica Jacket&nbsp;lietus jaka no&nbsp;Marmot ultralight&nbsp;kolekcijas var b\u016bs v\u0113l lab\u0101ka? Var! Ar jauno 2.5 sl\u0101\u0146u&nbsp;NanoPro&trade; Membrain&reg;&nbsp;membr\u0101nu t\u0101 ir k\u013cuvusi vair\u0101k nek\u0101 divreiz elpojo&scaron;\u0101ka, sasniedzot&nbsp;47 000 g\/m\/24h&nbsp;r\u0101d\u012bt\u0101ju. Viss p\u0101r\u0113jais ir palicis k\u0101 iepriek&scaron;. Nodilumiztur\u012bgie pastiprin\u0101jumi uz pleciem un gurnie pasarag\u0101s no mugursomas lenc\u0113m. Augst\u0101k izvietot\u0101s&nbsp;PackPockets&trade;&nbsp;kabats nodro&scaron;in\u0101s piek\u013cuvu to saturam tad, kad ir aizspr\u0101dz\u0113ta mugursomas gurnu [&hellip;]<\/p>\n","protected":false},"featured_media":0,"template":"","meta":[],"product_brand":[908],"product_cat":[4619,4640,4710],"product_tag":[],"class_list":{"0":"post-77464","1":"product","2":"type-product","3":"status-publish","5":"product_brand-marmot","6":"product_cat-winter-clothes-recreation","7":"product_cat-recreation","8":"product_cat-membrane-jackets-winter-clothes-recreation","10":"first","11":"instock","12":"shipping-taxable","13":"purchasable","14":"product-type-simple"},"_links":{"self":[{"href":"https:\/\/sezona.lv\/en\/wp-json\/wp\/v2\/product\/77464","targetHints":{"allow":["GET"]}}],"collection":[{"href":"https:\/\/sezona.lv\/en\/wp-json\/wp\/v2\/product"}],"about":[{"href":"https:\/\/sezona.lv\/en\/wp-json\/wp\/v2\/types\/product"}],"wp:attachment":[{"href":"https:\/\/sezona.lv\/en\/wp-json\/wp\/v2\/media?parent=77464"}],"wp:term":[{"taxonomy":"product_brand","embeddable":true,"href":"https:\/\/sezona.lv\/en\/wp-json\/wp\/v2\/product_brand?post=77464"},{"taxonomy":"product_cat","embeddable":true,"href":"https:\/\/sezona.lv\/en\/wp-json\/wp\/v2\/product_cat?post=77464"},{"taxonomy":"product_tag","embeddable":true,"href":"https:\/\/sezona.lv\/en\/wp-json\/wp\/v2\/product_tag?post=77464"}],"curies":[{"name":"wp","href":"https:\/\/api.w.org\/{rel}","templated":true}]}}