{"id":77466,"date":"2025-07-14T15:06:59","date_gmt":"2025-07-14T12:06:59","guid":{"rendered":"https:\/\/demo8.ecube.lv\/sezona.lv\/products\/membranu-jaka-marmot-alpinist-jacket\/"},"modified":"2025-07-14T15:06:59","modified_gmt":"2025-07-14T12:06:59","slug":"membranu-jaka-marmot-alpinist-jacket","status":"publish","type":"product","link":"https:\/\/sezona.lv\/en\/products\/membranu-jaka-marmot-alpinist-jacket\/","title":{"rendered":"Membr\u0101nu jaka Marmot Alpinist Jacket"},"content":{"rendered":"<p align=\"justify\"><span style=\"font-size: x-small\">Marmot pati advanc\u0113t\u0101k\u0101 membr\u0101nu jaka. \u012asts tehnolo\u0123iju meistardarbs.&nbsp;<strong>Alpinist Jacket<\/strong>&nbsp;ir izgatavota no jaun\u0101k\u0101s paaudze&nbsp;<strong>Gore-Tex&reg;Pro<\/strong>&nbsp;auduma, kas ir \u0137luvis v\u0113l viegl\u0101ks, nezaud\u0113jot iztur\u012bbu! Super elpojo&scaron;a un piln\u012bgi \u016bdens iztur\u012bga \u012bpa&scaron;\u012bba \u013caju &scaron;o jaku lietot jebkuros apst\u0101k\u013cos un aktivit\u0101t\u0113s.<\/span><\/p>\n<p>&nbsp;<\/p>\n<p><span style=\"color: #800000;font-size: x-small\"><strong>Specifik\u0101cija:<\/strong><\/span><\/p>\n<p>&nbsp;<\/p>\n<p><span style=\"font-size: x-small\"><strong>Materi\u0101ls:<\/strong>&nbsp;GORE-TEX&reg; Pro Products 3L 100% Nylon 3.9 oz\/yd<br \/><\/span><span style=\"font-size: x-small\"><strong>Piegriezums:<\/strong>&nbsp;Athletic Fit<br \/><\/span><span style=\"font-size: x-small\"><strong>Muguras garums:<\/strong>&nbsp;76cm<br \/><\/span><span style=\"font-size: x-small\"><strong>Svars:&nbsp;<\/strong>725 grami<br \/><\/span><span style=\"font-size: x-small\"><strong>Kr\u0101sa:<\/strong>&nbsp;Sarkana<\/span><\/p>\n<p>&nbsp;<\/p>\n<p><span style=\"color: #800000;font-size: x-small\"><strong>Raksturojums:<\/strong><\/span><\/p>\n<p>&nbsp;<\/p>\n<p><span style=\"font-size: x-small\"><img loading=\"lazy\" decoding=\"async\" src=\"http:\/\/www.virsotne.lv\/userfiles\/image\/ahaa\/marmot_logo_aplisM.gif\" alt=\"\" width=\"15\" height=\"15\" \/>&nbsp;Visas &scaron;uves 100% p\u0101rl\u012bm\u0113tas<br \/><\/span><span style=\"font-size: x-small\"><img loading=\"lazy\" decoding=\"async\" src=\"http:\/\/www.virsotne.lv\/userfiles\/image\/ahaa\/marmot_logo_aplisM.gif\" alt=\"\" width=\"15\" height=\"15\" \/>&nbsp;Core PitZip herm\u0113tiskie r\u0101v\u0113jsl\u0113dz\u0113ji padus\u0113s<br \/><\/span><span style=\"font-size: x-small\"><img loading=\"lazy\" decoding=\"async\" src=\"http:\/\/www.virsotne.lv\/userfiles\/image\/ahaa\/marmot_logo_aplisM.gif\" alt=\"\" width=\"15\" height=\"15\" \/>&nbsp;Jaun\u0101k\u0101s paaudze Gore-Tex Pro audums<br \/><\/span><span style=\"font-size: x-small\"><img loading=\"lazy\" decoding=\"async\" src=\"http:\/\/www.virsotne.lv\/userfiles\/image\/ahaa\/marmot_logo_aplisM.gif\" alt=\"\" width=\"15\" height=\"15\" \/>&nbsp;Liela \u0137iverei piem\u0113rota kapuce<br \/><\/span><span style=\"font-size: x-small\"><img loading=\"lazy\" decoding=\"async\" src=\"http:\/\/www.virsotne.lv\/userfiles\/image\/ahaa\/marmot_logo_aplisM.gif\" alt=\"\" width=\"15\" height=\"15\" \/>&nbsp;Liela iek&scaron;kabata cepurei vai cimdiem<br \/><\/span><span style=\"font-size: x-small\"><img loading=\"lazy\" decoding=\"async\" src=\"http:\/\/www.virsotne.lv\/userfiles\/image\/ahaa\/marmot_logo_aplisM.gif\" alt=\"\" width=\"15\" height=\"15\" \/>&nbsp;Iek&scaron;kabata ar r\u0101v\u0113jsl\u0113dz\u0113ju<br \/><\/span><span style=\"font-size: x-small\"><img loading=\"lazy\" decoding=\"async\" src=\"http:\/\/www.virsotne.lv\/userfiles\/image\/ahaa\/marmot_logo_aplisM.gif\" alt=\"\" width=\"15\" height=\"15\" \/>&nbsp;Divas kr\u016b&scaron;u kabatas ar herm\u0113tiskiem r\u0101v\u0113jsl\u0113dz\u0113jiem<br \/><\/span><span style=\"font-size: x-small\"><img loading=\"lazy\" decoding=\"async\" src=\"http:\/\/www.virsotne.lv\/userfiles\/image\/ahaa\/marmot_logo_aplisM.gif\" alt=\"\" width=\"15\" height=\"15\" \/>&nbsp;Pack pockets s\u0101nu kabatas, kas netrauc\u0113s mugursomai<\/span><\/p>\n","protected":false},"excerpt":{"rendered":"<p>Marmot pati advanc\u0113t\u0101k\u0101 membr\u0101nu jaka. \u012asts tehnolo\u0123iju meistardarbs.&nbsp;Alpinist Jacket&nbsp;ir izgatavota no jaun\u0101k\u0101s paaudze&nbsp;Gore-Tex&reg;Pro&nbsp;auduma, kas ir \u0137luvis v\u0113l viegl\u0101ks, nezaud\u0113jot iztur\u012bbu! Super elpojo&scaron;a un piln\u012bgi \u016bdens iztur\u012bga \u012bpa&scaron;\u012bba \u013caju &scaron;o jaku lietot jebkuros apst\u0101k\u013cos un aktivit\u0101t\u0113s. &nbsp; Specifik\u0101cija: &nbsp; Materi\u0101ls:&nbsp;GORE-TEX&reg; Pro Products 3L 100% Nylon 3.9 oz\/ydPiegriezums:&nbsp;Athletic FitMuguras garums:&nbsp;76cmSvars:&nbsp;725 gramiKr\u0101sa:&nbsp;Sarkana &nbsp; Raksturojums: &nbsp; &nbsp;Visas &scaron;uves 100% [&hellip;]<\/p>\n","protected":false},"featured_media":0,"template":"","meta":[],"product_brand":[908],"product_cat":[4619,4640,4710],"product_tag":[],"class_list":{"0":"post-77466","1":"product","2":"type-product","3":"status-publish","5":"product_brand-marmot","6":"product_cat-winter-clothes-recreation","7":"product_cat-recreation","8":"product_cat-membrane-jackets-winter-clothes-recreation","10":"first","11":"instock","12":"shipping-taxable","13":"purchasable","14":"product-type-simple"},"_links":{"self":[{"href":"https:\/\/sezona.lv\/en\/wp-json\/wp\/v2\/product\/77466","targetHints":{"allow":["GET"]}}],"collection":[{"href":"https:\/\/sezona.lv\/en\/wp-json\/wp\/v2\/product"}],"about":[{"href":"https:\/\/sezona.lv\/en\/wp-json\/wp\/v2\/types\/product"}],"wp:attachment":[{"href":"https:\/\/sezona.lv\/en\/wp-json\/wp\/v2\/media?parent=77466"}],"wp:term":[{"taxonomy":"product_brand","embeddable":true,"href":"https:\/\/sezona.lv\/en\/wp-json\/wp\/v2\/product_brand?post=77466"},{"taxonomy":"product_cat","embeddable":true,"href":"https:\/\/sezona.lv\/en\/wp-json\/wp\/v2\/product_cat?post=77466"},{"taxonomy":"product_tag","embeddable":true,"href":"https:\/\/sezona.lv\/en\/wp-json\/wp\/v2\/product_tag?post=77466"}],"curies":[{"name":"wp","href":"https:\/\/api.w.org\/{rel}","templated":true}]}}