{"id":77471,"date":"2025-07-14T15:07:05","date_gmt":"2025-07-14T12:07:05","guid":{"rendered":"https:\/\/demo8.ecube.lv\/sezona.lv\/products\/membranu-jaka-marmot-sieviesu-essence-jacket\/"},"modified":"2025-07-14T15:07:05","modified_gmt":"2025-07-14T12:07:05","slug":"membranu-jaka-marmot-sieviesu-essence-jacket","status":"publish","type":"product","link":"https:\/\/sezona.lv\/en\/products\/membranu-jaka-marmot-sieviesu-essence-jacket\/","title":{"rendered":"Membr\u0101nu jaka Marmot sievie\u0161u Essence Jacket"},"content":{"rendered":"<p align=\"justify\"><span style=\"font-size: x-small\">Kalnu gidu test\u0113ta n iecien\u012bt\u0101&nbsp;<strong>Essence Jacket<\/strong>&nbsp;lietus jaka no&nbsp;<strong>Marmot ultralight<\/strong>&nbsp;kolekcijas k\u013cuva v\u0113l lab\u0101ka! Pateicoties jaunajai 2.5 sl\u0101\u0146u&nbsp;<strong>NanoPro&trade; Membrain&reg;&nbsp;<\/strong>membr\u0101nai t\u0101 ir k\u013cuvusi vair\u0101k nek\u0101 divreiz elpojo&scaron;\u0101ka, sasniedzot&nbsp;<strong>47 000 g\/m\/24h<\/strong>&nbsp;r\u0101d\u012bt\u0101ju. Viss p\u0101r\u0113jais ir palicis k\u0101 iepriek&scaron; &#8211; nek\u0101 lieka, tiaki aizsardz\u012bba no v\u0113ja un lietus ar minim\u0101lu svaru.<br \/><\/span><\/p>\n<p>&nbsp;<\/p>\n<p><span style=\"font-size: x-small\"><strong><span style=\"color: #800000\">Specifik\u0101cija:<\/span><\/strong><\/span><\/p>\n<p>&nbsp;<\/p>\n<p><span style=\"font-size: x-small\"><strong>Membr\u0101na:<\/strong>&nbsp;NanoPro&trade; MemBrain&reg; 100% Nylon Ripstop 1.5 oz\/ yd&nbsp;<br \/><\/span><span style=\"font-size: x-small\"><strong>Mitrumiztur\u012bba:<\/strong>&nbsp;20 000 mm<br \/><\/span><span style=\"font-size: x-small\"><strong>Elpojo&scaron;\u0101s \u012bpa&scaron;\u012bbas:<\/strong>&nbsp;47 000 g\/m2\/24h<br \/><\/span><span style=\"font-size: x-small\"><strong>Svars:<\/strong>&nbsp;142grami<br \/><\/span><span style=\"font-size: x-small\"><strong>Muguras garums:<\/strong>&nbsp;68,5cm (M izm\u0113ram)<br \/><\/span><span style=\"font-size: x-small\"><strong>Kr\u0101sas:&nbsp;<\/strong>zila, dzeltena<br \/><\/span><\/p>\n<p>&nbsp;<\/p>\n<p><span style=\"color: #800000;font-size: x-small\"><strong>Raksturojums:<\/strong><\/span><\/p>\n<p>&nbsp;<\/p>\n<p><span style=\"font-size: x-small\"><img loading=\"lazy\" decoding=\"async\" src=\"http:\/\/www.virsotne.lv\/userfiles\/image\/ahaa\/marmot_logo_aplisM.gif\" alt=\"\" width=\"15\" height=\"15\" \/>&nbsp;<strong>Angel-Wing Movement&trade;<\/strong>&nbsp;piegriezums<br \/><\/span><span style=\"font-size: x-small\"><img loading=\"lazy\" decoding=\"async\" src=\"http:\/\/www.virsotne.lv\/userfiles\/image\/ahaa\/marmot_logo_aplisM.gif\" alt=\"\" width=\"15\" height=\"15\" \/>&nbsp;Asimetriskas piedurknes ar Velcro aizdari<br \/><\/span><span style=\"font-size: x-small\"><img loading=\"lazy\" decoding=\"async\" src=\"http:\/\/www.virsotne.lv\/userfiles\/image\/ahaa\/marmot_logo_aplisM.gif\" alt=\"\" width=\"15\" height=\"15\" \/>&nbsp;Savilc\u0113jaukla jakas apak&scaron;da\u013c\u0101<br \/><\/span><span style=\"font-size: x-small\"><img loading=\"lazy\" decoding=\"async\" src=\"http:\/\/www.virsotne.lv\/userfiles\/image\/ahaa\/marmot_logo_aplisM.gif\" alt=\"\" width=\"15\" height=\"15\" \/>&nbsp;superveigla 12 denu&nbsp;<strong>Marmot NanoPro&trade;<\/strong>&nbsp;\u016bdensiztur\u012bga un elpojo&scaron;a membr\u0101na<br \/><\/span><span style=\"font-size: x-small\"><img loading=\"lazy\" decoding=\"async\" src=\"http:\/\/www.virsotne.lv\/userfiles\/image\/ahaa\/marmot_logo_aplisM.gif\" alt=\"\" width=\"15\" height=\"15\" \/>&nbsp;Micro&scaron;uves. 100% visas ir p\u0101rl\u012bm\u0113tas<br \/><img loading=\"lazy\" decoding=\"async\" src=\"http:\/\/www.virsotne.lv\/userfiles\/image\/ahaa\/marmot_logo_aplisM.gif\" alt=\"\" width=\"15\" height=\"15\" \/>&nbsp;Atstarot\u0101ji no vis\u0101m pus\u0113m<br \/><img loading=\"lazy\" decoding=\"async\" src=\"http:\/\/www.virsotne.lv\/userfiles\/image\/ahaa\/marmot_logo_aplisM.gif\" alt=\"\" width=\"15\" height=\"15\" \/>&nbsp;Kr\u016b&scaron;u kabata ar herm\u0113tisku r\u0101v\u0113jsl\u0113dz\u0113ju<br \/><img loading=\"lazy\" decoding=\"async\" src=\"http:\/\/www.virsotne.lv\/userfiles\/image\/ahaa\/marmot_logo_aplisM.gif\" alt=\"\" width=\"15\" height=\"15\" \/>&nbsp;Ventil\u0101cijas atveres<\/span><span style=\"font-size: x-small\"><br \/><\/span><span style=\"font-size: x-small\"><img loading=\"lazy\" decoding=\"async\" src=\"http:\/\/www.virsotne.lv\/userfiles\/image\/ahaa\/marmot_logo_aplisM.gif\" alt=\"\" width=\"15\" height=\"15\" \/>&nbsp;Sievie&scaron;u piegriezums<\/span><\/p>\n","protected":false},"excerpt":{"rendered":"<p>Kalnu gidu test\u0113ta n iecien\u012bt\u0101&nbsp;Essence Jacket&nbsp;lietus jaka no&nbsp;Marmot ultralight&nbsp;kolekcijas k\u013cuva v\u0113l lab\u0101ka! Pateicoties jaunajai 2.5 sl\u0101\u0146u&nbsp;NanoPro&trade; Membrain&reg;&nbsp;membr\u0101nai t\u0101 ir k\u013cuvusi vair\u0101k nek\u0101 divreiz elpojo&scaron;\u0101ka, sasniedzot&nbsp;47 000 g\/m\/24h&nbsp;r\u0101d\u012bt\u0101ju. Viss p\u0101r\u0113jais ir palicis k\u0101 iepriek&scaron; &#8211; nek\u0101 lieka, tiaki aizsardz\u012bba no v\u0113ja un lietus ar minim\u0101lu svaru. &nbsp; Specifik\u0101cija: &nbsp; Membr\u0101na:&nbsp;NanoPro&trade; MemBrain&reg; 100% Nylon Ripstop 1.5 oz\/ [&hellip;]<\/p>\n","protected":false},"featured_media":0,"template":"","meta":[],"product_brand":[908],"product_cat":[4619,4640,4710],"product_tag":[],"class_list":{"0":"post-77471","1":"product","2":"type-product","3":"status-publish","5":"product_brand-marmot","6":"product_cat-winter-clothes-recreation","7":"product_cat-recreation","8":"product_cat-membrane-jackets-winter-clothes-recreation","10":"first","11":"instock","12":"shipping-taxable","13":"purchasable","14":"product-type-simple"},"_links":{"self":[{"href":"https:\/\/sezona.lv\/en\/wp-json\/wp\/v2\/product\/77471","targetHints":{"allow":["GET"]}}],"collection":[{"href":"https:\/\/sezona.lv\/en\/wp-json\/wp\/v2\/product"}],"about":[{"href":"https:\/\/sezona.lv\/en\/wp-json\/wp\/v2\/types\/product"}],"wp:attachment":[{"href":"https:\/\/sezona.lv\/en\/wp-json\/wp\/v2\/media?parent=77471"}],"wp:term":[{"taxonomy":"product_brand","embeddable":true,"href":"https:\/\/sezona.lv\/en\/wp-json\/wp\/v2\/product_brand?post=77471"},{"taxonomy":"product_cat","embeddable":true,"href":"https:\/\/sezona.lv\/en\/wp-json\/wp\/v2\/product_cat?post=77471"},{"taxonomy":"product_tag","embeddable":true,"href":"https:\/\/sezona.lv\/en\/wp-json\/wp\/v2\/product_tag?post=77471"}],"curies":[{"name":"wp","href":"https:\/\/api.w.org\/{rel}","templated":true}]}}