{"id":77473,"date":"2025-07-14T15:07:07","date_gmt":"2025-07-14T12:07:07","guid":{"rendered":"https:\/\/demo8.ecube.lv\/sezona.lv\/products\/membranu-jaka-marmot-sieviesu-ridgerock-jacket\/"},"modified":"2025-07-14T15:07:07","modified_gmt":"2025-07-14T12:07:07","slug":"membranu-jaka-marmot-sieviesu-ridgerock-jacket","status":"publish","type":"product","link":"https:\/\/sezona.lv\/en\/products\/membranu-jaka-marmot-sieviesu-ridgerock-jacket\/","title":{"rendered":"Membr\u0101nu jaka Marmot sievie\u0161u Ridgerock Jacket"},"content":{"rendered":"<div>\n<p><span style=\"font-size: x-small\">Viegla un elpojo&scaron;a sievie&scaron;u&nbsp;<strong>Gore-TEX&reg;<\/strong>&nbsp;membr\u0101ntipa jaka, izgatavota no augsti tehnolo\u0123iska membr\u0101nas auduma<strong>.<\/strong>&nbsp;Jaka paredz\u0113ta p\u0101rg\u0101jieniem, trekingam, atp\u016btais dab\u0101, k\u0101 ar\u012b ikdienas pils\u0113tas videi. Augsta \u016bdensiztur\u012bba un elpojo&scaron;\u0101s \u012bpa&scaron;\u012bbas.&nbsp;<br \/><\/span><\/p>\n<p><span style=\"color: #800000;font-size: x-small\"><strong>Specifik\u0101cija:<\/strong><\/span><\/p>\n<\/div>\n<p align=\"left\"><span style=\"font-size: x-small\"><strong>Membr\u0101na:&nbsp;<\/strong>GORE-TEX&reg; GORE-TEX&reg; Products 2L 100% Polyester 3.4 oz\/yd<br \/><\/span><span style=\"font-size: x-small\"><strong>Svars:<\/strong>&nbsp;547g&nbsp;<br \/><\/span><span style=\"font-size: x-small\"><strong>Muguras garums:<\/strong>&nbsp;68.5cm (M izm\u0113ram)<br \/><\/span><span style=\"font-size: x-small\"><strong>Kr\u0101sas:<\/strong>&nbsp;sarkana<br \/><\/span><\/p>\n<p align=\"left\"><span style=\"color: #800000;font-size: x-small\"><strong>Raksturojums:<\/strong><\/span><\/p>\n<p align=\"left\"><span style=\"font-size: x-small\"><img loading=\"lazy\" decoding=\"async\" src=\"http:\/\/www.virsotne.lv\/userfiles\/image\/ahaa\/marmot_logo_aplisM.gif\" alt=\"\" width=\"15\" height=\"15\" \/>&nbsp;Visas &scaron;uves p\u0101rl\u012bm\u0113tas, \u016bdensdro&scaron;i r\u0101v\u0113jsl\u0113dz\u0113ji<br \/><\/span><span style=\"font-size: x-small\"><img loading=\"lazy\" decoding=\"async\" src=\"http:\/\/www.virsotne.lv\/userfiles\/image\/ahaa\/marmot_logo_aplisM.gif\" alt=\"\" width=\"15\" height=\"15\" \/>&nbsp;Padus\u0113s ir r\u0101v\u0113jsl\u0113dz\u0113js papildus ventil\u0101cijai<br \/><\/span><span style=\"font-size: x-small\"><img loading=\"lazy\" decoding=\"async\" src=\"http:\/\/www.virsotne.lv\/userfiles\/image\/ahaa\/marmot_logo_aplisM.gif\" alt=\"\" width=\"15\" height=\"15\" \/>&nbsp;Augsta nodilumiztur\u012bba<br \/><\/span><span style=\"font-size: x-small\"><img loading=\"lazy\" decoding=\"async\" src=\"http:\/\/www.virsotne.lv\/userfiles\/image\/ahaa\/marmot_logo_aplisM.gif\" alt=\"\" width=\"15\" height=\"15\" \/>&nbsp;Kapuce ir sader\u012bga ar \u0137iveri<br \/><\/span><span style=\"font-size: x-small\"><img loading=\"lazy\" decoding=\"async\" src=\"http:\/\/www.virsotne.lv\/userfiles\/image\/ahaa\/marmot_logo_aplisM.gif\" alt=\"\" width=\"15\" height=\"15\" \/>&nbsp;Angel-Wing Movement piegriezums<\/span><\/p>\n","protected":false},"excerpt":{"rendered":"<p>Viegla un elpojo&scaron;a sievie&scaron;u&nbsp;Gore-TEX&reg;&nbsp;membr\u0101ntipa jaka, izgatavota no augsti tehnolo\u0123iska membr\u0101nas auduma.&nbsp;Jaka paredz\u0113ta p\u0101rg\u0101jieniem, trekingam, atp\u016btais dab\u0101, k\u0101 ar\u012b ikdienas pils\u0113tas videi. Augsta \u016bdensiztur\u012bba un elpojo&scaron;\u0101s \u012bpa&scaron;\u012bbas.&nbsp; Specifik\u0101cija: Membr\u0101na:&nbsp;GORE-TEX&reg; GORE-TEX&reg; Products 2L 100% Polyester 3.4 oz\/ydSvars:&nbsp;547g&nbsp;Muguras garums:&nbsp;68.5cm (M izm\u0113ram)Kr\u0101sas:&nbsp;sarkana Raksturojums: &nbsp;Visas &scaron;uves p\u0101rl\u012bm\u0113tas, \u016bdensdro&scaron;i r\u0101v\u0113jsl\u0113dz\u0113ji&nbsp;Padus\u0113s ir r\u0101v\u0113jsl\u0113dz\u0113js papildus ventil\u0101cijai&nbsp;Augsta nodilumiztur\u012bba&nbsp;Kapuce ir sader\u012bga ar \u0137iveri&nbsp;Angel-Wing Movement piegriezums<\/p>\n","protected":false},"featured_media":0,"template":"","meta":[],"product_brand":[908],"product_cat":[4619,4640,4710],"product_tag":[],"class_list":{"0":"post-77473","1":"product","2":"type-product","3":"status-publish","5":"product_brand-marmot","6":"product_cat-winter-clothes-recreation","7":"product_cat-recreation","8":"product_cat-membrane-jackets-winter-clothes-recreation","10":"first","11":"instock","12":"shipping-taxable","13":"purchasable","14":"product-type-simple"},"_links":{"self":[{"href":"https:\/\/sezona.lv\/en\/wp-json\/wp\/v2\/product\/77473","targetHints":{"allow":["GET"]}}],"collection":[{"href":"https:\/\/sezona.lv\/en\/wp-json\/wp\/v2\/product"}],"about":[{"href":"https:\/\/sezona.lv\/en\/wp-json\/wp\/v2\/types\/product"}],"wp:attachment":[{"href":"https:\/\/sezona.lv\/en\/wp-json\/wp\/v2\/media?parent=77473"}],"wp:term":[{"taxonomy":"product_brand","embeddable":true,"href":"https:\/\/sezona.lv\/en\/wp-json\/wp\/v2\/product_brand?post=77473"},{"taxonomy":"product_cat","embeddable":true,"href":"https:\/\/sezona.lv\/en\/wp-json\/wp\/v2\/product_cat?post=77473"},{"taxonomy":"product_tag","embeddable":true,"href":"https:\/\/sezona.lv\/en\/wp-json\/wp\/v2\/product_tag?post=77473"}],"curies":[{"name":"wp","href":"https:\/\/api.w.org\/{rel}","templated":true}]}}