{"id":77474,"date":"2025-07-14T15:07:08","date_gmt":"2025-07-14T12:07:08","guid":{"rendered":"https:\/\/demo8.ecube.lv\/sezona.lv\/products\/membranu-jaka-marmot-sieviesu-nano-as-jacket\/"},"modified":"2025-07-14T15:07:08","modified_gmt":"2025-07-14T12:07:08","slug":"membranu-jaka-marmot-sieviesu-nano-as-jacket","status":"publish","type":"product","link":"https:\/\/sezona.lv\/en\/products\/membranu-jaka-marmot-sieviesu-nano-as-jacket\/","title":{"rendered":"Membr\u0101nu jaka Marmot sievie\u0161u Nano AS jacket"},"content":{"rendered":"<div>\n<p><span style=\"font-size: x-small\">Super viegla un elpojo&scaron;a sievie&scaron;u Gore-TEX<strong>&reg;<\/strong>&nbsp;membr\u0101ntipa jaka, izgatavota no augsti tehnolo\u0123iska membr\u0101nas auduma&nbsp;<strong>GORE-TEX&reg; ActiveShell<\/strong><strong>&reg;<\/strong><strong>.<\/strong><strong>&nbsp;<\/strong>&Scaron;\u012b membr\u0101na ir elpojo&scaron;\u0101k\u0101 membr\u0101na no Gore-Tex membr\u0101nu kl\u0101sta. Jaka paredz\u0113ta skrie&scaron;anai, rite\u0146brauk&scaron;anai, akt\u012bvam t\u016brismam, k\u0101 ar\u012b atp\u016btai dab\u0101. Augsta \u016bdensiztur\u012bba un elpojo&scaron;\u0101s \u012bpa&scaron;\u012bbas. T\u0101s mazais svars un kompaktums \u013cauj to izmantot ar\u012b daudzdienu piedz\u012bvojumu sac\u012bkst\u0113s.<br \/><\/span><\/p>\n<p><span style=\"color: #800000;font-size: x-small\"><strong>Specifik\u0101cija:<\/strong><\/span><\/p>\n<\/div>\n<p>&nbsp;<\/p>\n<p align=\"left\"><span style=\"font-size: x-small\"><strong>Membr\u0101na:&nbsp;<\/strong>GORE-TEX&reg; Active Product 100% Polyester Plain Weave 3.0 oz\/yd<br \/><\/span><span style=\"font-size: x-small\"><strong>Svars:<\/strong>&nbsp;306g&nbsp;<br \/><\/span><span style=\"font-size: x-small\"><strong>Muguras garums:<\/strong>&nbsp;67cm (M izm\u0113ram)<\/span><span style=\"font-size: x-small\"><br \/><\/span><\/p>\n<p>&nbsp;<\/p>\n<p align=\"left\"><span style=\"color: #800000;font-size: x-small\"><strong>Raksturojums:<\/strong><\/span><\/p>\n<p>&nbsp;<\/p>\n<p align=\"left\"><span style=\"font-size: x-small\"><img loading=\"lazy\" decoding=\"async\" src=\"http:\/\/www.virsotne.lv\/userfiles\/image\/ahaa\/marmot_logo_aplisM.gif\" alt=\"\" width=\"15\" height=\"15\" \/>&nbsp;Visas &scaron;uves p\u0101rl\u012bm\u0113tas, \u016bdensdro&scaron;i r\u0101v\u0113jsl\u0113dz\u0113ji<br \/><\/span><span style=\"font-size: x-small\"><img loading=\"lazy\" decoding=\"async\" src=\"http:\/\/www.virsotne.lv\/userfiles\/image\/ahaa\/marmot_logo_aplisM.gif\" alt=\"\" width=\"15\" height=\"15\" \/>&nbsp;Padus\u0113s ir r\u0101v\u0113jsl\u0113dz\u0113js papildus ventil\u0101cijai<br \/><\/span><span style=\"font-size: x-small\"><img loading=\"lazy\" decoding=\"async\" src=\"http:\/\/www.virsotne.lv\/userfiles\/image\/ahaa\/marmot_logo_aplisM.gif\" alt=\"\" width=\"15\" height=\"15\" \/>&nbsp;Kompakta un viegla<br \/><\/span><span style=\"font-size: x-small\"><img loading=\"lazy\" decoding=\"async\" src=\"http:\/\/www.virsotne.lv\/userfiles\/image\/ahaa\/marmot_logo_aplisM.gif\" alt=\"\" width=\"15\" height=\"15\" \/>&nbsp;Augsta nodilumiztur\u012bba<br \/><\/span><span style=\"font-size: x-small\"><img loading=\"lazy\" decoding=\"async\" src=\"http:\/\/www.virsotne.lv\/userfiles\/image\/ahaa\/marmot_logo_aplisM.gif\" alt=\"\" width=\"15\" height=\"15\" \/>&nbsp;Kapuce ir sader\u012bga ar \u0137iveri<br \/><\/span><span style=\"font-size: x-small\"><img loading=\"lazy\" decoding=\"async\" src=\"http:\/\/www.virsotne.lv\/userfiles\/image\/ahaa\/marmot_logo_aplisM.gif\" alt=\"\" width=\"15\" height=\"15\" \/>&nbsp;Angel-Wing Movement piegriezums<\/span><\/p>\n","protected":false},"excerpt":{"rendered":"<p>Super viegla un elpojo&scaron;a sievie&scaron;u Gore-TEX&reg;&nbsp;membr\u0101ntipa jaka, izgatavota no augsti tehnolo\u0123iska membr\u0101nas auduma&nbsp;GORE-TEX&reg; ActiveShell&reg;.&nbsp;&Scaron;\u012b membr\u0101na ir elpojo&scaron;\u0101k\u0101 membr\u0101na no Gore-Tex membr\u0101nu kl\u0101sta. Jaka paredz\u0113ta skrie&scaron;anai, rite\u0146brauk&scaron;anai, akt\u012bvam t\u016brismam, k\u0101 ar\u012b atp\u016btai dab\u0101. Augsta \u016bdensiztur\u012bba un elpojo&scaron;\u0101s \u012bpa&scaron;\u012bbas. T\u0101s mazais svars un kompaktums \u013cauj to izmantot ar\u012b daudzdienu piedz\u012bvojumu sac\u012bkst\u0113s. Specifik\u0101cija: &nbsp; Membr\u0101na:&nbsp;GORE-TEX&reg; Active Product 100% [&hellip;]<\/p>\n","protected":false},"featured_media":0,"template":"","meta":[],"product_brand":[908],"product_cat":[4619,4640,4710],"product_tag":[],"class_list":{"0":"post-77474","1":"product","2":"type-product","3":"status-publish","5":"product_brand-marmot","6":"product_cat-winter-clothes-recreation","7":"product_cat-recreation","8":"product_cat-membrane-jackets-winter-clothes-recreation","10":"first","11":"instock","12":"shipping-taxable","13":"purchasable","14":"product-type-simple"},"_links":{"self":[{"href":"https:\/\/sezona.lv\/en\/wp-json\/wp\/v2\/product\/77474","targetHints":{"allow":["GET"]}}],"collection":[{"href":"https:\/\/sezona.lv\/en\/wp-json\/wp\/v2\/product"}],"about":[{"href":"https:\/\/sezona.lv\/en\/wp-json\/wp\/v2\/types\/product"}],"wp:attachment":[{"href":"https:\/\/sezona.lv\/en\/wp-json\/wp\/v2\/media?parent=77474"}],"wp:term":[{"taxonomy":"product_brand","embeddable":true,"href":"https:\/\/sezona.lv\/en\/wp-json\/wp\/v2\/product_brand?post=77474"},{"taxonomy":"product_cat","embeddable":true,"href":"https:\/\/sezona.lv\/en\/wp-json\/wp\/v2\/product_cat?post=77474"},{"taxonomy":"product_tag","embeddable":true,"href":"https:\/\/sezona.lv\/en\/wp-json\/wp\/v2\/product_tag?post=77474"}],"curies":[{"name":"wp","href":"https:\/\/api.w.org\/{rel}","templated":true}]}}