{"id":77476,"date":"2025-07-14T15:07:09","date_gmt":"2025-07-14T12:07:09","guid":{"rendered":"https:\/\/demo8.ecube.lv\/sezona.lv\/products\/membranu-jaka-marmot-sieviesu-tamarack-jacket\/"},"modified":"2025-07-14T15:07:09","modified_gmt":"2025-07-14T12:07:09","slug":"membranu-jaka-marmot-sieviesu-tamarack-jacket","status":"publish","type":"product","link":"https:\/\/sezona.lv\/en\/products\/membranu-jaka-marmot-sieviesu-tamarack-jacket\/","title":{"rendered":"Membr\u0101nu jaka Marmot sievie\u0161u Tamarack Jacket"},"content":{"rendered":"<p align=\"justify\"><span style=\"font-size: x-small\">Iztur\u012bga sievie&scaron;u membr\u0101njaka, izgatavota no augstas tehnolo\u0123ijas membr\u0101nas auduma MemBrain&reg; 2L kombin\u0113jot to ar MemBrain&reg;10 papildus nodilumiztur\u012bbai. Jaka paredz\u0113ta sl\u0113po&scaron;anai, t\u016brismam, atp\u016btai dab\u0101 un pils\u0113tas apst\u0101k\u013ciem. Augsta \u016bdensiztur\u012bba un elpojo&scaron;\u0101s \u012bpa&scaron;\u012bbas.<\/span><\/p>\n<p><span style=\"color: #800000;font-size: x-small\"><strong>Specifik\u0101cija:<\/strong><\/span><\/p>\n<p><span style=\"font-size: x-small\"><strong>Membr\u0101na:&nbsp;<\/strong><\/span><span style=\"font-size: x-small\">MemBrain&reg;10 2L 100% Nylon 4.6 oz\/yd<br \/><strong>Odere:<\/strong>&nbsp;100% Polyester Embossed WR 1.3 oz\/yd&nbsp;<br \/><\/span><span style=\"font-size: x-small\"><strong>Mitrumiztur\u012bba:&nbsp;<\/strong>minimums 10 000 mm&nbsp;<br \/><\/span><span style=\"font-size: x-small\"><strong>Elpojo&scaron;\u0101s \u012bpa&scaron;\u012bbas:&nbsp;<\/strong>minimums 10 000 g\/m2\/24h<br \/><\/span><span style=\"font-size: x-small\"><strong>Svars:&nbsp;<\/strong>504g&nbsp;<br \/><\/span><span style=\"font-size: x-small\"><strong>Kr\u0101sas:<\/strong>&nbsp;gai&scaron;i zila, melna<br \/><\/span><\/p>\n<p><span style=\"color: #800000;font-size: x-small\"><strong>Raksturojums:<\/strong><\/span><\/p>\n<p><span style=\"font-size: x-small\"><img loading=\"lazy\" decoding=\"async\" src=\"http:\/\/www.virsotne.lv\/userfiles\/image\/ahaa\/marmot_logo_aplisM.gif\" alt=\"\" width=\"15\" height=\"15\" \/>&nbsp;Visas &scaron;uves p\u0101rl\u012bm\u0113tas, \u016bdensdro&scaron;i r\u0101v\u0113jsl\u0113dz\u0113ji<br \/><\/span><span style=\"font-size: x-small\"><img loading=\"lazy\" decoding=\"async\" src=\"http:\/\/www.virsotne.lv\/userfiles\/image\/ahaa\/marmot_logo_aplisM.gif\" alt=\"\" width=\"15\" height=\"15\" \/>&nbsp;Padus\u0113s ir r\u0101v\u0113jsl\u0113dz\u0113js papildus ventil\u0101cijai<br \/><img loading=\"lazy\" decoding=\"async\" src=\"http:\/\/www.virsotne.lv\/userfiles\/image\/ahaa\/marmot_logo_aplisM.gif\" alt=\"\" width=\"15\" height=\"15\" \/>&nbsp;No\u0146emama kapuce<br \/><img loading=\"lazy\" decoding=\"async\" src=\"http:\/\/www.virsotne.lv\/userfiles\/image\/ahaa\/marmot_logo_aplisM.gif\" alt=\"\" width=\"15\" height=\"15\" \/>&nbsp;Ir papildus r\u0101v\u0113jsl\u0113dz\u0113js, lai pievienotu d\u017eemperi<br \/><img loading=\"lazy\" decoding=\"async\" src=\"http:\/\/www.virsotne.lv\/userfiles\/image\/ahaa\/marmot_logo_aplisM.gif\" alt=\"\" width=\"15\" height=\"15\" \/>&nbsp;No\u0146emama sniega kleiti\u0146a<\/span><\/p>\n","protected":false},"excerpt":{"rendered":"<p>Iztur\u012bga sievie&scaron;u membr\u0101njaka, izgatavota no augstas tehnolo\u0123ijas membr\u0101nas auduma MemBrain&reg; 2L kombin\u0113jot to ar MemBrain&reg;10 papildus nodilumiztur\u012bbai. Jaka paredz\u0113ta sl\u0113po&scaron;anai, t\u016brismam, atp\u016btai dab\u0101 un pils\u0113tas apst\u0101k\u013ciem. Augsta \u016bdensiztur\u012bba un elpojo&scaron;\u0101s \u012bpa&scaron;\u012bbas. Specifik\u0101cija: Membr\u0101na:&nbsp;MemBrain&reg;10 2L 100% Nylon 4.6 oz\/ydOdere:&nbsp;100% Polyester Embossed WR 1.3 oz\/yd&nbsp;Mitrumiztur\u012bba:&nbsp;minimums 10 000 mm&nbsp;Elpojo&scaron;\u0101s \u012bpa&scaron;\u012bbas:&nbsp;minimums 10 000 g\/m2\/24hSvars:&nbsp;504g&nbsp;Kr\u0101sas:&nbsp;gai&scaron;i zila, melna Raksturojums: &nbsp;Visas &scaron;uves [&hellip;]<\/p>\n","protected":false},"featured_media":0,"template":"","meta":[],"product_brand":[908],"product_cat":[4619,4640,4710],"product_tag":[],"class_list":{"0":"post-77476","1":"product","2":"type-product","3":"status-publish","5":"product_brand-marmot","6":"product_cat-winter-clothes-recreation","7":"product_cat-recreation","8":"product_cat-membrane-jackets-winter-clothes-recreation","10":"first","11":"instock","12":"shipping-taxable","13":"purchasable","14":"product-type-simple"},"_links":{"self":[{"href":"https:\/\/sezona.lv\/en\/wp-json\/wp\/v2\/product\/77476","targetHints":{"allow":["GET"]}}],"collection":[{"href":"https:\/\/sezona.lv\/en\/wp-json\/wp\/v2\/product"}],"about":[{"href":"https:\/\/sezona.lv\/en\/wp-json\/wp\/v2\/types\/product"}],"wp:attachment":[{"href":"https:\/\/sezona.lv\/en\/wp-json\/wp\/v2\/media?parent=77476"}],"wp:term":[{"taxonomy":"product_brand","embeddable":true,"href":"https:\/\/sezona.lv\/en\/wp-json\/wp\/v2\/product_brand?post=77476"},{"taxonomy":"product_cat","embeddable":true,"href":"https:\/\/sezona.lv\/en\/wp-json\/wp\/v2\/product_cat?post=77476"},{"taxonomy":"product_tag","embeddable":true,"href":"https:\/\/sezona.lv\/en\/wp-json\/wp\/v2\/product_tag?post=77476"}],"curies":[{"name":"wp","href":"https:\/\/api.w.org\/{rel}","templated":true}]}}