{"id":77479,"date":"2025-07-14T15:07:18","date_gmt":"2025-07-14T12:07:18","guid":{"rendered":"https:\/\/demo8.ecube.lv\/sezona.lv\/products\/membranu-jaka-marmot-sieviesu-terminus\/"},"modified":"2025-07-14T15:07:18","modified_gmt":"2025-07-14T12:07:18","slug":"membranu-jaka-marmot-sieviesu-terminus","status":"publish","type":"product","link":"https:\/\/sezona.lv\/en\/products\/membranu-jaka-marmot-sieviesu-terminus\/","title":{"rendered":"Membr\u0101nu jaka Marmot sievie\u0161u Terminus"},"content":{"rendered":"<p align=\"justify\"><span style=\"font-size: x-small\">Viegla tehniska jaka no tr\u012bs sl\u0101\u0146u&nbsp;<strong>GORE-TEX&reg; Pro<\/strong>&nbsp;materi\u0101la. \u0112rtais piegriezums un staip\u012bga auduma ie&scaron;uves pie&scaron;\u0137ir &scaron;ai jakai nevainojamu mobilit\u0101tes saj\u016btu. Kapuce ir pietieko&scaron;i liela, lai zem t\u0101s var\u0113tu pavilkt \u0137iveri. Padus\u0113s ir iestr\u0101d\u0101ti \u016bdensdro&scaron;i r\u0101v\u0113jsl\u0113dz\u0113ji, lai nodro&scaron;in\u0101tu papildus ventil\u0101ciju, kad tas ir \u012bpa&scaron;i nepiecie&scaron;ams. Jaka ir ide\u0101li piem\u0113rota alp\u012bnismam un augstkalnu sl\u0113po&scaron;anai.<\/span><\/p>\n<p>&nbsp;<\/p>\n<p>&nbsp;<\/p>\n<p><span style=\"color: #800000;font-size: x-small\"><strong>Specifik\u0101cija:<\/strong><\/span><\/p>\n<p>&nbsp;<\/p>\n<p>&nbsp;<\/p>\n<p><span style=\"font-size: x-small\"><strong>Materi\u0101ls:<\/strong>&nbsp;GORE-TEX&reg; Pro Products 3L 100% Nylon 3.2 oz\/yd&nbsp;<br \/><\/span><span style=\"font-size: x-small\"><strong>Muguras garums:<\/strong>&nbsp;68,6cm (M izm\u0113ram)<br \/><\/span><span style=\"font-size: x-small\"><strong>Svars:<\/strong>&nbsp;499 grami<br \/><\/span><span style=\"font-size: x-small\"><strong>Kr\u0101sa:<\/strong>&nbsp;gai&scaron;i zila<br \/><\/span><\/p>\n<p>&nbsp;<\/p>\n<p>&nbsp;<\/p>\n<p><span style=\"color: #800000;font-size: x-small\"><strong>Raksturojums:<\/strong><\/span><\/p>\n<p>&nbsp;<\/p>\n<p>&nbsp;<\/p>\n<p><span style=\"font-size: x-small\"><img loading=\"lazy\" decoding=\"async\" src=\"http:\/\/www.virsotne.lv\/userfiles\/image\/ahaa\/marmot_logo_aplisM.gif\" alt=\"\" width=\"15\" height=\"15\" \/>&nbsp;Tr\u012bs sl\u0101nu&nbsp;<strong>GORE-TEX&reg; Pro&nbsp;<\/strong>audums<br \/><\/span><span style=\"font-size: x-small\"><img loading=\"lazy\" decoding=\"async\" src=\"http:\/\/www.virsotne.lv\/userfiles\/image\/ahaa\/marmot_logo_aplisM.gif\" alt=\"\" width=\"15\" height=\"15\" \/>&nbsp;Visas &scaron;uves ir 100% p\u0101rl\u012bm\u0113tas<br \/><\/span><span style=\"font-size: x-small\"><img loading=\"lazy\" decoding=\"async\" src=\"http:\/\/www.virsotne.lv\/userfiles\/image\/ahaa\/marmot_logo_aplisM.gif\" alt=\"\" width=\"15\" height=\"15\" \/>&nbsp;Kapuce ir sader\u012bga ar \u0137iveri<br \/><\/span><span style=\"font-size: x-small\"><img loading=\"lazy\" decoding=\"async\" src=\"http:\/\/www.virsotne.lv\/userfiles\/image\/ahaa\/marmot_logo_aplisM.gif\" alt=\"\" width=\"15\" height=\"15\" \/>&nbsp;\u016adensdro&scaron;i<strong>&nbsp;PitZips&trade;<\/strong>&nbsp;ventil\u0101cijas r\u0101v\u0113jsl\u0113dz\u0113ji padus\u0113s<br \/><\/span><span style=\"font-size: x-small\"><img loading=\"lazy\" decoding=\"async\" src=\"http:\/\/www.virsotne.lv\/userfiles\/image\/ahaa\/marmot_logo_aplisM.gif\" alt=\"\" width=\"15\" height=\"15\" \/>&nbsp;No\u0146emama sniega kleiti\u0146a<br \/><\/span><span style=\"font-size: x-small\"><img loading=\"lazy\" decoding=\"async\" src=\"http:\/\/www.virsotne.lv\/userfiles\/image\/ahaa\/marmot_logo_aplisM.gif\" alt=\"\" width=\"15\" height=\"15\" \/>&nbsp;Anatomisks&nbsp;<strong>Angel-Wing Movement&trade;&nbsp;<\/strong>piegriezums<\/span><\/p>\n","protected":false},"excerpt":{"rendered":"<p>Viegla tehniska jaka no tr\u012bs sl\u0101\u0146u&nbsp;GORE-TEX&reg; Pro&nbsp;materi\u0101la. \u0112rtais piegriezums un staip\u012bga auduma ie&scaron;uves pie&scaron;\u0137ir &scaron;ai jakai nevainojamu mobilit\u0101tes saj\u016btu. Kapuce ir pietieko&scaron;i liela, lai zem t\u0101s var\u0113tu pavilkt \u0137iveri. Padus\u0113s ir iestr\u0101d\u0101ti \u016bdensdro&scaron;i r\u0101v\u0113jsl\u0113dz\u0113ji, lai nodro&scaron;in\u0101tu papildus ventil\u0101ciju, kad tas ir \u012bpa&scaron;i nepiecie&scaron;ams. Jaka ir ide\u0101li piem\u0113rota alp\u012bnismam un augstkalnu sl\u0113po&scaron;anai. &nbsp; &nbsp; Specifik\u0101cija: &nbsp; [&hellip;]<\/p>\n","protected":false},"featured_media":0,"template":"","meta":[],"product_brand":[908],"product_cat":[4619,4640,4710],"product_tag":[],"class_list":{"0":"post-77479","1":"product","2":"type-product","3":"status-publish","5":"product_brand-marmot","6":"product_cat-winter-clothes-recreation","7":"product_cat-recreation","8":"product_cat-membrane-jackets-winter-clothes-recreation","10":"first","11":"instock","12":"shipping-taxable","13":"purchasable","14":"product-type-simple"},"_links":{"self":[{"href":"https:\/\/sezona.lv\/en\/wp-json\/wp\/v2\/product\/77479","targetHints":{"allow":["GET"]}}],"collection":[{"href":"https:\/\/sezona.lv\/en\/wp-json\/wp\/v2\/product"}],"about":[{"href":"https:\/\/sezona.lv\/en\/wp-json\/wp\/v2\/types\/product"}],"wp:attachment":[{"href":"https:\/\/sezona.lv\/en\/wp-json\/wp\/v2\/media?parent=77479"}],"wp:term":[{"taxonomy":"product_brand","embeddable":true,"href":"https:\/\/sezona.lv\/en\/wp-json\/wp\/v2\/product_brand?post=77479"},{"taxonomy":"product_cat","embeddable":true,"href":"https:\/\/sezona.lv\/en\/wp-json\/wp\/v2\/product_cat?post=77479"},{"taxonomy":"product_tag","embeddable":true,"href":"https:\/\/sezona.lv\/en\/wp-json\/wp\/v2\/product_tag?post=77479"}],"curies":[{"name":"wp","href":"https:\/\/api.w.org\/{rel}","templated":true}]}}