{"id":77480,"date":"2025-07-14T15:07:19","date_gmt":"2025-07-14T12:07:19","guid":{"rendered":"https:\/\/demo8.ecube.lv\/sezona.lv\/products\/membranu-jaka-marmot-alpinist-jacket-12\/"},"modified":"2025-07-14T15:07:19","modified_gmt":"2025-07-14T12:07:19","slug":"membranu-jaka-marmot-alpinist-jacket-12","status":"publish","type":"product","link":"https:\/\/sezona.lv\/en\/products\/membranu-jaka-marmot-alpinist-jacket-12\/","title":{"rendered":"Membr\u0101nu jaka Marmot Alpinist Jacket 12"},"content":{"rendered":"<p align=\"justify\"><span style=\"font-size: x-small\">Tehniska alp\u012bnisma jaka no tr\u012bssla\u0146u&nbsp;<strong>GORE-TEX&reg; Pro&nbsp;<\/strong>materi\u0101la.&nbsp;<br \/><\/span><\/p>\n<p><span style=\"color: #800000;font-size: x-small\"><strong>Specifik\u0101cija:<\/strong><\/span><\/p>\n<p align=\"left\"><span style=\"font-size: x-small\"><strong>Membr\u0101na:&nbsp;<\/strong>GORE-TEX&reg; Pro 3L 94% Nylon 6% Elastane Stretch 2.8 oz\/y<br \/><strong>Odere:<\/strong><\/span>&nbsp;<span style=\"font-size: x-small\">100% Polyester 44g\/m2<br \/><strong>Mitrumiztur\u012bba:<\/strong><\/span>&nbsp;<span style=\"font-size: x-small\">40PSI (~25 000 mm)<br \/><strong>Elpojo&scaron;\u0101s \u012bpa&scaron;\u012bbas:<\/strong><\/span>&nbsp;<span style=\"font-size: x-small\">~25 000 g\/m2\/24h<br \/><strong>Svars:<\/strong><\/span>&nbsp;<span style=\"font-size: x-small\">725g<br \/><strong>Muguras garums:<\/strong><\/span>&nbsp;<span style=\"font-size: x-small\">76cm (M izm\u0113ram)<br \/><strong>Kr\u0101sas:<\/strong><\/span>&nbsp;<span style=\"font-size: x-small\">sarkana<br \/><\/span><\/p>\n<p><span style=\"color: #800000;font-size: x-small\"><strong>Raksturojums:<\/strong><\/span><\/p>\n<p align=\"left\"><span style=\"font-size: x-small\"><img loading=\"lazy\" decoding=\"async\" src=\"http:\/\/www.virsotne.lv\/userfiles\/image\/ahaa\/marmot_logo_aplisM.gif\" alt=\"\" width=\"15\" height=\"15\" \/>&nbsp;Visas &scaron;uves p\u0101rl\u012bm\u0113tas, \u016bdensdro&scaron;i r\u0101v\u0113jsl\u0113dz\u0113ji<br \/><img loading=\"lazy\" decoding=\"async\" src=\"http:\/\/www.virsotne.lv\/userfiles\/image\/ahaa\/marmot_logo_aplisM.gif\" alt=\"\" width=\"15\" height=\"15\" \/><\/span>&nbsp;<span style=\"font-size: x-small\">Padus\u0113s ir r\u0101v\u0113jsl\u0113dz\u0113js papildus ventil\u0101cijai<br \/><img loading=\"lazy\" decoding=\"async\" src=\"http:\/\/www.virsotne.lv\/userfiles\/image\/ahaa\/marmot_logo_aplisM.gif\" alt=\"\" width=\"15\" height=\"15\" \/><\/span>&nbsp;<span style=\"font-size: x-small\">No\u0146emama sniega kleit\u0146a<\/span><\/p>\n","protected":false},"excerpt":{"rendered":"<p>Tehniska alp\u012bnisma jaka no tr\u012bssla\u0146u&nbsp;GORE-TEX&reg; Pro&nbsp;materi\u0101la.&nbsp; Specifik\u0101cija: Membr\u0101na:&nbsp;GORE-TEX&reg; Pro 3L 94% Nylon 6% Elastane Stretch 2.8 oz\/yOdere:&nbsp;100% Polyester 44g\/m2Mitrumiztur\u012bba:&nbsp;40PSI (~25 000 mm)Elpojo&scaron;\u0101s \u012bpa&scaron;\u012bbas:&nbsp;~25 000 g\/m2\/24hSvars:&nbsp;725gMuguras garums:&nbsp;76cm (M izm\u0113ram)Kr\u0101sas:&nbsp;sarkana Raksturojums: &nbsp;Visas &scaron;uves p\u0101rl\u012bm\u0113tas, \u016bdensdro&scaron;i r\u0101v\u0113jsl\u0113dz\u0113ji&nbsp;Padus\u0113s ir r\u0101v\u0113jsl\u0113dz\u0113js papildus ventil\u0101cijai&nbsp;No\u0146emama sniega kleit\u0146a<\/p>\n","protected":false},"featured_media":0,"template":"","meta":[],"product_brand":[908],"product_cat":[4619,4640,4710],"product_tag":[],"class_list":{"0":"post-77480","1":"product","2":"type-product","3":"status-publish","5":"product_brand-marmot","6":"product_cat-winter-clothes-recreation","7":"product_cat-recreation","8":"product_cat-membrane-jackets-winter-clothes-recreation","10":"first","11":"instock","12":"shipping-taxable","13":"purchasable","14":"product-type-simple"},"_links":{"self":[{"href":"https:\/\/sezona.lv\/en\/wp-json\/wp\/v2\/product\/77480","targetHints":{"allow":["GET"]}}],"collection":[{"href":"https:\/\/sezona.lv\/en\/wp-json\/wp\/v2\/product"}],"about":[{"href":"https:\/\/sezona.lv\/en\/wp-json\/wp\/v2\/types\/product"}],"wp:attachment":[{"href":"https:\/\/sezona.lv\/en\/wp-json\/wp\/v2\/media?parent=77480"}],"wp:term":[{"taxonomy":"product_brand","embeddable":true,"href":"https:\/\/sezona.lv\/en\/wp-json\/wp\/v2\/product_brand?post=77480"},{"taxonomy":"product_cat","embeddable":true,"href":"https:\/\/sezona.lv\/en\/wp-json\/wp\/v2\/product_cat?post=77480"},{"taxonomy":"product_tag","embeddable":true,"href":"https:\/\/sezona.lv\/en\/wp-json\/wp\/v2\/product_tag?post=77480"}],"curies":[{"name":"wp","href":"https:\/\/api.w.org\/{rel}","templated":true}]}}