{"id":77481,"date":"2025-07-14T15:07:20","date_gmt":"2025-07-14T12:07:20","guid":{"rendered":"https:\/\/demo8.ecube.lv\/sezona.lv\/products\/jaka-marmot-ramble-component-jacket\/"},"modified":"2025-07-14T15:07:20","modified_gmt":"2025-07-14T12:07:20","slug":"jaka-marmot-ramble-component-jacket","status":"publish","type":"product","link":"https:\/\/sezona.lv\/en\/products\/jaka-marmot-ramble-component-jacket\/","title":{"rendered":"Jaka Marmot Ramble Component Jacket"},"content":{"rendered":"<p align=\"justify\"><span style=\"font-size: x-small\">Iztur\u012bga v\u012brie&scaron;u membr\u0101njaka, izgatavota no augstas tehnolo\u0123ijas membr\u0101nas auduma<strong>&nbsp;PreCip&reg;<\/strong><strong>&nbsp;2L<\/strong>kombin\u0113jot to ar&nbsp;<strong>MemBrain&reg;10&nbsp;<\/strong>papildus nodilumiztur\u012bbai. Jaka paredz\u0113ta sl\u0113po&scaron;anai, t\u016brismam, atp\u016btai dab\u0101 un pils\u0113tas apst\u0101k\u013ciem. Augsta \u016bdensiztur\u012bba un elpojo&scaron;\u0101s \u012bpa&scaron;\u012bbas.<\/span><\/p>\n<p align=\"justify\"><span style=\"color: #800000;font-size: x-small\"><strong>Specifik\u0101cija:<\/strong><\/span><\/p>\n<p>&nbsp;<\/p>\n<p align=\"left\"><span style=\"font-size: x-small\"><strong>Membr\u0101na:&nbsp;<\/strong><\/span><span style=\"font-size: x-small\">MemBrain&reg;10 100% Nylon Plain Weave 4.2 oz\/yd,&nbsp;<br \/><strong>Odere:<\/strong>&nbsp;100% Polyester Embossed WR 1.3 oz\/yd<br \/><\/span><span style=\"font-size: x-small\"><strong>Iz\u0146emam\u0101 jaka:<\/strong>&nbsp;<\/span><span style=\"font-size: x-small\"><span style=\"font-size: x-small\">100% Polyester Velour Fleece 4.3 oz\/yd&nbsp;<br \/><\/span><strong>Muguras garums:&nbsp;<\/strong>74,9cm (M izm\u0113ram)<br \/><\/span><span style=\"font-size: x-small\"><strong>Svars:<\/strong>&nbsp;<\/span><span style=\"font-size: x-small\">1134g&nbsp;<br \/><strong>Kr\u0101sas:<\/strong>&nbsp;<\/span><span style=\"font-size: x-small\">za\u013ca<\/span><\/p>\n<p align=\"left\"><span style=\"color: #800000;font-size: x-small\"><strong>Raksturojums:<\/strong><\/span><\/p>\n<p>&nbsp;<\/p>\n<p align=\"left\"><span style=\"font-size: x-small\"><img loading=\"lazy\" decoding=\"async\" src=\"http:\/\/www.virsotne.lv\/userfiles\/image\/ahaa\/marmot_logo_aplisM.gif\" alt=\"\" width=\"15\" height=\"15\" \/>&nbsp;Visas &scaron;uves p\u0101rl\u012bm\u0113tas, \u016bdensdro&scaron;i r\u0101v\u0113jsl\u0113dz\u0113ji<br \/><\/span><span style=\"font-size: x-small\"><img loading=\"lazy\" decoding=\"async\" src=\"http:\/\/www.virsotne.lv\/userfiles\/image\/ahaa\/marmot_logo_aplisM.gif\" alt=\"\" width=\"15\" height=\"15\" \/>&nbsp;Padus\u0113s ir r\u0101v\u0113jsl\u0113dz\u0113js papildus ventil\u0101cijai<br \/><\/span><span style=\"font-size: x-small\"><img loading=\"lazy\" decoding=\"async\" src=\"http:\/\/www.virsotne.lv\/userfiles\/image\/ahaa\/marmot_logo_aplisM.gif\" alt=\"\" width=\"15\" height=\"15\" \/>&nbsp;<\/span><span style=\"font-size: x-small\">No\u0146emama kapuce<br \/><\/span><span style=\"font-size: x-small\"><img loading=\"lazy\" decoding=\"async\" src=\"http:\/\/www.virsotne.lv\/userfiles\/image\/ahaa\/marmot_logo_aplisM.gif\" alt=\"\" width=\"15\" height=\"15\" \/><\/span><span style=\"font-size: x-small\">&nbsp;Iz\u0146emama odere, kas ir n\u0113s\u0101jama ar\u012b atsevi&scaron;\u0137i<\/span><\/p>\n","protected":false},"excerpt":{"rendered":"<p>Iztur\u012bga v\u012brie&scaron;u membr\u0101njaka, izgatavota no augstas tehnolo\u0123ijas membr\u0101nas auduma&nbsp;PreCip&reg;&nbsp;2Lkombin\u0113jot to ar&nbsp;MemBrain&reg;10&nbsp;papildus nodilumiztur\u012bbai. Jaka paredz\u0113ta sl\u0113po&scaron;anai, t\u016brismam, atp\u016btai dab\u0101 un pils\u0113tas apst\u0101k\u013ciem. Augsta \u016bdensiztur\u012bba un elpojo&scaron;\u0101s \u012bpa&scaron;\u012bbas. Specifik\u0101cija: &nbsp; Membr\u0101na:&nbsp;MemBrain&reg;10 100% Nylon Plain Weave 4.2 oz\/yd,&nbsp;Odere:&nbsp;100% Polyester Embossed WR 1.3 oz\/ydIz\u0146emam\u0101 jaka:&nbsp;100% Polyester Velour Fleece 4.3 oz\/yd&nbsp;Muguras garums:&nbsp;74,9cm (M izm\u0113ram)Svars:&nbsp;1134g&nbsp;Kr\u0101sas:&nbsp;za\u013ca Raksturojums: &nbsp; &nbsp;Visas &scaron;uves p\u0101rl\u012bm\u0113tas, \u016bdensdro&scaron;i [&hellip;]<\/p>\n","protected":false},"featured_media":0,"template":"","meta":[],"product_brand":[908],"product_cat":[4619,4640,4711],"product_tag":[],"class_list":{"0":"post-77481","1":"product","2":"type-product","3":"status-publish","5":"product_brand-marmot","6":"product_cat-winter-clothes-recreation","7":"product_cat-recreation","8":"product_cat-membrane-jacket-with-lining-winter-clothes-recreation","10":"first","11":"instock","12":"shipping-taxable","13":"purchasable","14":"product-type-simple"},"_links":{"self":[{"href":"https:\/\/sezona.lv\/en\/wp-json\/wp\/v2\/product\/77481","targetHints":{"allow":["GET"]}}],"collection":[{"href":"https:\/\/sezona.lv\/en\/wp-json\/wp\/v2\/product"}],"about":[{"href":"https:\/\/sezona.lv\/en\/wp-json\/wp\/v2\/types\/product"}],"wp:attachment":[{"href":"https:\/\/sezona.lv\/en\/wp-json\/wp\/v2\/media?parent=77481"}],"wp:term":[{"taxonomy":"product_brand","embeddable":true,"href":"https:\/\/sezona.lv\/en\/wp-json\/wp\/v2\/product_brand?post=77481"},{"taxonomy":"product_cat","embeddable":true,"href":"https:\/\/sezona.lv\/en\/wp-json\/wp\/v2\/product_cat?post=77481"},{"taxonomy":"product_tag","embeddable":true,"href":"https:\/\/sezona.lv\/en\/wp-json\/wp\/v2\/product_tag?post=77481"}],"curies":[{"name":"wp","href":"https:\/\/api.w.org\/{rel}","templated":true}]}}