{"id":77483,"date":"2025-07-14T15:07:21","date_gmt":"2025-07-14T12:07:21","guid":{"rendered":"https:\/\/demo8.ecube.lv\/sezona.lv\/products\/jaka-marmot-sieviesu-intervale-component-jacket\/"},"modified":"2025-07-14T15:07:21","modified_gmt":"2025-07-14T12:07:21","slug":"jaka-marmot-sieviesu-intervale-component-jacket","status":"publish","type":"product","link":"https:\/\/sezona.lv\/en\/products\/jaka-marmot-sieviesu-intervale-component-jacket\/","title":{"rendered":"Jaka Marmot sievie\u0161u Intervale Component Jacket"},"content":{"rendered":"<p align=\"justify\"><span style=\"font-size: x-small\">Sievie&scaron;u piegriezuma, \u016bdensdro&scaron;a un elpojo&scaron;a \u0101r\u0113j\u0101 jaka, plus iz\u0146emama, \u016bdensatgr\u016bdo&scaron;a, silta iek&scaron;\u0113j\u0101 jaka un liela kapuce sliktam laikam. &Scaron;\u012b komponentu sist\u0113ma ir patiess vissezonas ap\u0123\u0113rbs jebkurai akt\u012bvai sievietei. Silta iek&scaron;\u0113j\u0101 jaka lietojama atsevi&scaron;\u0137i, t\u0101 siltin\u0101t\u0101 ar Spirafil. Lietojama gan pavasara pastaig\u0101s, gan aukst\u0101s ziem\u0101s, gan slapjos rude\u0146os. Ide\u0101li piem\u0113rota p\u0101rg\u0101jieniem, ce\u013cojumiem, pils\u0113tas apst\u0101k\u013ciem.<\/span><\/p>\n<p>&nbsp;<\/p>\n<p><span style=\"font-size: x-small\"><strong><span style=\"color: #800000;font-size: x-small\">Specifik\u0101cija:<\/span><\/strong><\/span><\/p>\n<p>&nbsp;<\/p>\n<p><span style=\"font-size: x-small\"><span style=\"font-size: x-small\"><strong>Pamatmateri\u0101ls:<\/strong>&nbsp;<\/span><span style=\"font-size: x-small\">MemBrain&reg;10 2L 100% Nylon 5.0 oz\/yd<\/span><br \/><span style=\"font-size: x-small\"><strong>Oder\u0113jums:<\/strong><\/span>&nbsp;<span style=\"font-size: x-small\">100% Polyester Embossed WR 1.3 oz\/yd<br \/><strong>Muguras garums:<\/strong><\/span>&nbsp;<span style=\"font-size: x-small\">68,5cm (M izm\u0113ram)<br \/><strong>Iek&scaron;ej\u0101s jakas materi\u0101ls<\/strong>:&nbsp;<\/span><span style=\"font-size: x-small\">100% Nylon Mini Ripstop DWR 1.8 oz\/yd<br \/><strong>Iek&scaron;ej\u0101s jakas siltin\u0101t\u0101js:&nbsp;<\/strong><\/span><span style=\"font-size: x-small\">Spirafil<br \/><strong>Svars:<\/strong><\/span><strong>&nbsp;<\/strong><span style=\"font-size: x-small\">1380 grami<\/span><strong><span style=\"font-size: x-small\"><br \/>Kr\u0101sa:<\/span><\/strong>&nbsp;<span style=\"color: #800000;font-size: x-small\"><span style=\"color: #000000\">za\u013ca, lill\u0101<br \/><\/span><\/span><\/span><\/p>\n<p>&nbsp;<\/p>\n<p><span style=\"font-size: x-small\"><strong><span style=\"color: #800000;font-size: x-small\">Raksturojums:<\/span><\/strong><\/span><\/p>\n<p>&nbsp;<\/p>\n<p><span style=\"font-size: x-small\"><span style=\"font-size: x-small\"><img loading=\"lazy\" decoding=\"async\" src=\"http:\/\/www.virsotne.lv\/userfiles\/image\/ahaa\/marmot_logo_aplisM.gif\" alt=\"\" width=\"15\" height=\"15\" \/>&nbsp;<\/span><span style=\"font-size: x-small\">\u016adensiztur\u012bga un elpojo&scaron;a<br \/><img loading=\"lazy\" decoding=\"async\" src=\"http:\/\/www.virsotne.lv\/userfiles\/image\/ahaa\/marmot_logo_aplisM.gif\" alt=\"\" width=\"15\" height=\"15\" \/>&nbsp;<\/span><span style=\"font-size: x-small\">Iz\u0146emama silt\u0101 odere ar Thermal R pild\u012bjumu un n\u0113sajama atsevi&scaron;\u0137i<br \/><img loading=\"lazy\" decoding=\"async\" src=\"http:\/\/www.virsotne.lv\/userfiles\/image\/ahaa\/marmot_logo_aplisM.gif\" alt=\"\" width=\"15\" height=\"15\" \/>&nbsp;<\/span><span style=\"font-size: x-small\">Visas &scaron;uves ir p\u0101rl\u012bm\u0113tas<br \/><img loading=\"lazy\" decoding=\"async\" src=\"http:\/\/www.virsotne.lv\/userfiles\/image\/ahaa\/marmot_logo_aplisM.gif\" alt=\"\" width=\"15\" height=\"15\" \/>&nbsp;<\/span><span style=\"font-size: x-small\">No\u0146emama kapuce<br \/><img loading=\"lazy\" decoding=\"async\" src=\"http:\/\/www.virsotne.lv\/userfiles\/image\/ahaa\/marmot_logo_aplisM.gif\" alt=\"\" width=\"15\" height=\"15\" \/>&nbsp;<\/span><span style=\"font-size: x-small\">PitZips&trade; r\u0101v\u0113jsl\u0113dz\u0113ji padus\u0113s nodro&scaron;in\u0101s papildus ventil\u0101ciju<br \/><img loading=\"lazy\" decoding=\"async\" src=\"http:\/\/www.virsotne.lv\/userfiles\/image\/ahaa\/marmot_logo_aplisM.gif\" alt=\"\" width=\"15\" height=\"15\" \/>&nbsp;<\/span><span style=\"font-size: x-small\">Angel-Wing Movement&trade; piegriezums neierobe\u017eos kust\u012bbas<\/span><\/span><\/p>\n","protected":false},"excerpt":{"rendered":"<p>Sievie&scaron;u piegriezuma, \u016bdensdro&scaron;a un elpojo&scaron;a \u0101r\u0113j\u0101 jaka, plus iz\u0146emama, \u016bdensatgr\u016bdo&scaron;a, silta iek&scaron;\u0113j\u0101 jaka un liela kapuce sliktam laikam. &Scaron;\u012b komponentu sist\u0113ma ir patiess vissezonas ap\u0123\u0113rbs jebkurai akt\u012bvai sievietei. Silta iek&scaron;\u0113j\u0101 jaka lietojama atsevi&scaron;\u0137i, t\u0101 siltin\u0101t\u0101 ar Spirafil. Lietojama gan pavasara pastaig\u0101s, gan aukst\u0101s ziem\u0101s, gan slapjos rude\u0146os. Ide\u0101li piem\u0113rota p\u0101rg\u0101jieniem, ce\u013cojumiem, pils\u0113tas apst\u0101k\u013ciem. &nbsp; Specifik\u0101cija: [&hellip;]<\/p>\n","protected":false},"featured_media":0,"template":"","meta":[],"product_brand":[908],"product_cat":[4619,4640,4711],"product_tag":[],"class_list":{"0":"post-77483","1":"product","2":"type-product","3":"status-publish","5":"product_brand-marmot","6":"product_cat-winter-clothes-recreation","7":"product_cat-recreation","8":"product_cat-membrane-jacket-with-lining-winter-clothes-recreation","10":"first","11":"instock","12":"shipping-taxable","13":"purchasable","14":"product-type-simple"},"_links":{"self":[{"href":"https:\/\/sezona.lv\/en\/wp-json\/wp\/v2\/product\/77483","targetHints":{"allow":["GET"]}}],"collection":[{"href":"https:\/\/sezona.lv\/en\/wp-json\/wp\/v2\/product"}],"about":[{"href":"https:\/\/sezona.lv\/en\/wp-json\/wp\/v2\/types\/product"}],"wp:attachment":[{"href":"https:\/\/sezona.lv\/en\/wp-json\/wp\/v2\/media?parent=77483"}],"wp:term":[{"taxonomy":"product_brand","embeddable":true,"href":"https:\/\/sezona.lv\/en\/wp-json\/wp\/v2\/product_brand?post=77483"},{"taxonomy":"product_cat","embeddable":true,"href":"https:\/\/sezona.lv\/en\/wp-json\/wp\/v2\/product_cat?post=77483"},{"taxonomy":"product_tag","embeddable":true,"href":"https:\/\/sezona.lv\/en\/wp-json\/wp\/v2\/product_tag?post=77483"}],"curies":[{"name":"wp","href":"https:\/\/api.w.org\/{rel}","templated":true}]}}