{"id":77484,"date":"2025-07-14T15:07:22","date_gmt":"2025-07-14T12:07:22","guid":{"rendered":"https:\/\/demo8.ecube.lv\/sezona.lv\/products\/marmot-essence-bikses\/"},"modified":"2025-07-14T15:07:22","modified_gmt":"2025-07-14T12:07:22","slug":"marmot-essence-bikses","status":"publish","type":"product","link":"https:\/\/sezona.lv\/en\/products\/marmot-essence-bikses\/","title":{"rendered":"Marmot Essence bikses"},"content":{"rendered":"<p align=\"justify\"><span style=\"font-size: x-small\">Izcili vieglas membr\u0101nu bikses. Nevainojama \u016bdensiztur\u012bba un elpo&scaron;ana tikai ar&nbsp;<strong>160 gramu<\/strong>&nbsp;svaru. Supervieglais 20D NanoPro&reg; MemBrain&reg; audums ir \u012bstens in\u017eenierzin\u0101tnes sasniegums &#8211; tas ir pl\u0101ns, viegls, super elpojo&scaron;s un \u016bdens dro&scaron;s. Teicama veiktsp\u0113ja!<\/span><\/p>\n<p>&nbsp;<\/p>\n<p><span style=\"color: #800000;font-size: x-small\"><strong>Specifik\u0101cija:<\/strong><\/span><\/p>\n<p>&nbsp;<\/p>\n<p><span style=\"font-size: x-small\"><strong>Materi\u0101ls:<\/strong>&nbsp;NanoPro&trade; MemBrain&reg; 100% Nylon Stretch Ripstop 2.0 oz\/ yd&nbsp;<br \/><\/span><span style=\"font-size: x-small\"><strong>Piegriezums:<\/strong>&nbsp;Athletic Fit&nbsp;<br \/><\/span><span style=\"font-size: x-small\"><strong>Svars:&nbsp;<\/strong>161 grams<\/span><\/p>\n<p>&nbsp;<\/p>\n<p><span style=\"color: #800000;font-size: x-small\"><strong>Raksturojums:<\/strong><\/span><\/p>\n<p>&nbsp;<\/p>\n<p><span style=\"font-size: x-small\"><img loading=\"lazy\" decoding=\"async\" src=\"http:\/\/www.virsotne.lv\/userfiles\/image\/ahaa\/marmot_logo_aplisM.gif\" alt=\"\" width=\"15\" height=\"15\" \/>&nbsp;Superviegls 20D Stretch Marmot&reg; NanoPro&trade; audums<br \/><\/span><span style=\"font-size: x-small\"><img loading=\"lazy\" decoding=\"async\" src=\"http:\/\/www.virsotne.lv\/userfiles\/image\/ahaa\/marmot_logo_aplisM.gif\" alt=\"\" width=\"15\" height=\"15\" \/>&nbsp;Visas &scaron;uves ir 100% p\u0101rl\u012bm\u0113tas<br \/><\/span><span style=\"font-size: x-small\"><img loading=\"lazy\" decoding=\"async\" src=\"http:\/\/www.virsotne.lv\/userfiles\/image\/ahaa\/marmot_logo_aplisM.gif\" alt=\"\" width=\"15\" height=\"15\" \/>&nbsp;Aizmugur\u0113j\u0101 kabati\u0146a ar r\u0101v\u0113jsl\u0113dz\u0113ju<br \/><\/span><span style=\"font-size: x-small\"><img loading=\"lazy\" decoding=\"async\" src=\"http:\/\/www.virsotne.lv\/userfiles\/image\/ahaa\/marmot_logo_aplisM.gif\" alt=\"\" width=\"15\" height=\"15\" \/>&nbsp;Artikul\u0113ti ce\u013cgali<br \/><\/span><span style=\"font-size: x-small\"><img loading=\"lazy\" decoding=\"async\" src=\"http:\/\/www.virsotne.lv\/userfiles\/image\/ahaa\/marmot_logo_aplisM.gif\" alt=\"\" width=\"15\" height=\"15\" \/>&nbsp;Pot\u012b&scaron;u r\u0101v\u0113jsl\u0113dz\u0113ji<\/span><\/p>\n","protected":false},"excerpt":{"rendered":"<p>Izcili vieglas membr\u0101nu bikses. Nevainojama \u016bdensiztur\u012bba un elpo&scaron;ana tikai ar&nbsp;160 gramu&nbsp;svaru. Supervieglais 20D NanoPro&reg; MemBrain&reg; audums ir \u012bstens in\u017eenierzin\u0101tnes sasniegums &#8211; tas ir pl\u0101ns, viegls, super elpojo&scaron;s un \u016bdens dro&scaron;s. Teicama veiktsp\u0113ja! &nbsp; Specifik\u0101cija: &nbsp; Materi\u0101ls:&nbsp;NanoPro&trade; MemBrain&reg; 100% Nylon Stretch Ripstop 2.0 oz\/ yd&nbsp;Piegriezums:&nbsp;Athletic Fit&nbsp;Svars:&nbsp;161 grams &nbsp; Raksturojums: &nbsp; &nbsp;Superviegls 20D Stretch Marmot&reg; NanoPro&trade; audums&nbsp;Visas [&hellip;]<\/p>\n","protected":false},"featured_media":0,"template":"","meta":[],"product_brand":[908],"product_cat":[4619,4640,4712],"product_tag":[],"class_list":{"0":"post-77484","1":"product","2":"type-product","3":"status-publish","5":"product_brand-marmot","6":"product_cat-winter-clothes-recreation","7":"product_cat-recreation","8":"product_cat-membrane-pants-winter-clothes-recreation","10":"first","11":"instock","12":"shipping-taxable","13":"purchasable","14":"product-type-simple"},"_links":{"self":[{"href":"https:\/\/sezona.lv\/en\/wp-json\/wp\/v2\/product\/77484","targetHints":{"allow":["GET"]}}],"collection":[{"href":"https:\/\/sezona.lv\/en\/wp-json\/wp\/v2\/product"}],"about":[{"href":"https:\/\/sezona.lv\/en\/wp-json\/wp\/v2\/types\/product"}],"wp:attachment":[{"href":"https:\/\/sezona.lv\/en\/wp-json\/wp\/v2\/media?parent=77484"}],"wp:term":[{"taxonomy":"product_brand","embeddable":true,"href":"https:\/\/sezona.lv\/en\/wp-json\/wp\/v2\/product_brand?post=77484"},{"taxonomy":"product_cat","embeddable":true,"href":"https:\/\/sezona.lv\/en\/wp-json\/wp\/v2\/product_cat?post=77484"},{"taxonomy":"product_tag","embeddable":true,"href":"https:\/\/sezona.lv\/en\/wp-json\/wp\/v2\/product_tag?post=77484"}],"curies":[{"name":"wp","href":"https:\/\/api.w.org\/{rel}","templated":true}]}}