{"id":77485,"date":"2025-07-14T15:07:23","date_gmt":"2025-07-14T12:07:23","guid":{"rendered":"https:\/\/demo8.ecube.lv\/sezona.lv\/products\/marmot-speed-light-bikses\/"},"modified":"2025-07-14T15:07:23","modified_gmt":"2025-07-14T12:07:23","slug":"marmot-speed-light-bikses","status":"publish","type":"product","link":"https:\/\/sezona.lv\/en\/products\/marmot-speed-light-bikses\/","title":{"rendered":"Marmot Speed Light bikses"},"content":{"rendered":"<p align=\"justify\"><span style=\"font-size: x-small\">&Scaron;\u012bs robust\u0101s alp\u012bnisma bikses no Gore-Tex Pro tr\u012bssl\u0101\u0146u auduma ir izstr\u0101d\u0101tas ilgtermi\u0146a aktivit\u0101t\u0113m skarbos laikapst\u0101\u0137\u013cos. To iztur\u012bbas attiec\u012bba pret svaru ir zelta v\u0113rt\u0113. Vieglas, kompaktas un \u0101rk\u0101rt\u012bgi funkcion\u0101las. Pateicoties s\u0101nu r\u0101v\u0113jsl\u0113dz\u0113jiem t\u0101s var uzvilkt, kad ir s\u0101cies negaiss, nenovelkot z\u0101bakus.<\/span><\/p>\n<p>&nbsp;<\/p>\n<p><span style=\"color: #800000;font-size: x-small\"><strong>Specifik\u0101cija:<\/strong><\/span><\/p>\n<p>&nbsp;<\/p>\n<p><span style=\"font-size: x-small\"><strong>Materi\u0101ls:<\/strong>&nbsp;GORE-TEX&reg; Pro Products 3L 100% Nylon Ripstop 3.1 oz\/yd<br \/><\/span><span style=\"font-size: x-small\"><strong>Pastiprin\u0101jums:&nbsp;<\/strong>GORE-TEX&reg; Pro Products 3L 100% Nylon 3.9 oz\/yd<br \/><\/span><span style=\"font-size: x-small\"><strong>Svars:<\/strong>&nbsp;533 grami<\/span><\/p>\n<p>&nbsp;<\/p>\n<p><span style=\"color: #800000;font-size: x-small\"><strong>Raksturojums:<\/strong><\/span><\/p>\n<p>&nbsp;<\/p>\n<p><span style=\"font-size: x-small\"><img loading=\"lazy\" decoding=\"async\" src=\"http:\/\/www.virsotne.lv\/userfiles\/image\/ahaa\/marmot_logo_aplisM.gif\" alt=\"\" width=\"15\" height=\"15\" \/>&nbsp;Visas &scaron;uves ir 100% p\u0101rl\u012bm\u0113tas<br \/><\/span><span style=\"font-size: x-small\"><img loading=\"lazy\" decoding=\"async\" src=\"http:\/\/www.virsotne.lv\/userfiles\/image\/ahaa\/marmot_logo_aplisM.gif\" alt=\"\" width=\"15\" height=\"15\" \/>&nbsp;Pilna garuma herm\u0113tiski s\u0101nu r\u0101v\u0113jsl\u0113dz\u0113ji<br \/><\/span><span style=\"font-size: x-small\"><img loading=\"lazy\" decoding=\"async\" src=\"http:\/\/www.virsotne.lv\/userfiles\/image\/ahaa\/marmot_logo_aplisM.gif\" alt=\"\" width=\"15\" height=\"15\" \/>&nbsp;No\u0146emami bik&scaron;turi<br \/><\/span><span style=\"font-size: x-small\"><img loading=\"lazy\" decoding=\"async\" src=\"http:\/\/www.virsotne.lv\/userfiles\/image\/ahaa\/marmot_logo_aplisM.gif\" alt=\"\" width=\"15\" height=\"15\" \/>&nbsp;Pastiprin\u0101jumi un ce\u013cgaliem un dibena<br \/><\/span><span style=\"font-size: x-small\"><img loading=\"lazy\" decoding=\"async\" src=\"http:\/\/www.virsotne.lv\/userfiles\/image\/ahaa\/marmot_logo_aplisM.gif\" alt=\"\" width=\"15\" height=\"15\" \/>&nbsp;Anatomiski ce\u013cgali<\/span><\/p>\n","protected":false},"excerpt":{"rendered":"<p>&Scaron;\u012bs robust\u0101s alp\u012bnisma bikses no Gore-Tex Pro tr\u012bssl\u0101\u0146u auduma ir izstr\u0101d\u0101tas ilgtermi\u0146a aktivit\u0101t\u0113m skarbos laikapst\u0101\u0137\u013cos. To iztur\u012bbas attiec\u012bba pret svaru ir zelta v\u0113rt\u0113. Vieglas, kompaktas un \u0101rk\u0101rt\u012bgi funkcion\u0101las. Pateicoties s\u0101nu r\u0101v\u0113jsl\u0113dz\u0113jiem t\u0101s var uzvilkt, kad ir s\u0101cies negaiss, nenovelkot z\u0101bakus. &nbsp; Specifik\u0101cija: &nbsp; Materi\u0101ls:&nbsp;GORE-TEX&reg; Pro Products 3L 100% Nylon Ripstop 3.1 oz\/ydPastiprin\u0101jums:&nbsp;GORE-TEX&reg; Pro Products 3L [&hellip;]<\/p>\n","protected":false},"featured_media":0,"template":"","meta":[],"product_brand":[908],"product_cat":[4619,4640,4712],"product_tag":[],"class_list":{"0":"post-77485","1":"product","2":"type-product","3":"status-publish","5":"product_brand-marmot","6":"product_cat-winter-clothes-recreation","7":"product_cat-recreation","8":"product_cat-membrane-pants-winter-clothes-recreation","10":"first","11":"instock","12":"shipping-taxable","13":"purchasable","14":"product-type-simple"},"_links":{"self":[{"href":"https:\/\/sezona.lv\/en\/wp-json\/wp\/v2\/product\/77485","targetHints":{"allow":["GET"]}}],"collection":[{"href":"https:\/\/sezona.lv\/en\/wp-json\/wp\/v2\/product"}],"about":[{"href":"https:\/\/sezona.lv\/en\/wp-json\/wp\/v2\/types\/product"}],"wp:attachment":[{"href":"https:\/\/sezona.lv\/en\/wp-json\/wp\/v2\/media?parent=77485"}],"wp:term":[{"taxonomy":"product_brand","embeddable":true,"href":"https:\/\/sezona.lv\/en\/wp-json\/wp\/v2\/product_brand?post=77485"},{"taxonomy":"product_cat","embeddable":true,"href":"https:\/\/sezona.lv\/en\/wp-json\/wp\/v2\/product_cat?post=77485"},{"taxonomy":"product_tag","embeddable":true,"href":"https:\/\/sezona.lv\/en\/wp-json\/wp\/v2\/product_tag?post=77485"}],"curies":[{"name":"wp","href":"https:\/\/api.w.org\/{rel}","templated":true}]}}