{"id":77486,"date":"2025-07-14T15:07:24","date_gmt":"2025-07-14T12:07:24","guid":{"rendered":"https:\/\/demo8.ecube.lv\/sezona.lv\/products\/marmot-minimalist-sieviesu-bikses\/"},"modified":"2025-07-14T15:07:24","modified_gmt":"2025-07-14T12:07:24","slug":"marmot-minimalist-sieviesu-bikses","status":"publish","type":"product","link":"https:\/\/sezona.lv\/en\/products\/marmot-minimalist-sieviesu-bikses\/","title":{"rendered":"Marmot Minimalist sievie\u0161u bikses"},"content":{"rendered":"<p align=\"justify\"><span style=\"font-size: x-small\">Vieglas un kompaktas sievie&scaron;u lietus bikes no elpojo&scaron;a un pil\u012bb\u0101 \u016bdensdro&scaron;a GORE-TEX&reg; Paclite&reg; materi\u0101la. Ide\u0101li piem\u0113rotas p\u0101rg\u0101jiem, trekingam un cita veida aktivit\u0101t\u0113m.<\/span><\/p>\n<p>&nbsp;<\/p>\n<p><span style=\"color: #800000;font-size: x-small\"><strong>Specifik\u0101cija:<\/strong><\/span><\/p>\n<p>&nbsp;<\/p>\n<p><span style=\"font-size: x-small\"><strong>Materi\u0101ls:<\/strong>&nbsp;GORE-TEX&reg;Paclite&reg;100% Polyester 3.6 oz\/yd<br \/><\/span><span style=\"font-size: x-small\"><strong>Svars:<\/strong>&nbsp;272 grami<br \/><\/span><span style=\"font-size: x-small\"><strong>Kr\u0101sa:<\/strong>&nbsp;melna<\/span><\/p>\n<p>&nbsp;<\/p>\n<p><span style=\"color: #800000;font-size: x-small\"><strong>Raksturojums:<\/strong><\/span><\/p>\n<p>&nbsp;<\/p>\n<p><span style=\"font-size: x-small\"><img loading=\"lazy\" decoding=\"async\" src=\"http:\/\/www.virsotne.lv\/userfiles\/image\/ahaa\/marmot_logo_aplisM.gif\" alt=\"\" width=\"15\" height=\"15\" \/>&nbsp;<strong>GORE-TEX&reg; Paclite&reg;&nbsp;<\/strong>materi\u0101ls<br \/><img loading=\"lazy\" decoding=\"async\" src=\"http:\/\/www.virsotne.lv\/userfiles\/image\/ahaa\/marmot_logo_aplisM.gif\" alt=\"\" width=\"15\" height=\"15\" \/>&nbsp;100% p\u0101rl\u012bm\u0113tas visas &scaron;uves<br \/><img loading=\"lazy\" decoding=\"async\" src=\"http:\/\/www.virsotne.lv\/userfiles\/image\/ahaa\/marmot_logo_aplisM.gif\" alt=\"\" width=\"15\" height=\"15\" \/>&nbsp;Kabatas ar \u016bdensdro&scaron;iem r\u0101v\u0113jsl\u0113dz\u0113jiem<br \/><img loading=\"lazy\" decoding=\"async\" src=\"http:\/\/www.virsotne.lv\/userfiles\/image\/ahaa\/marmot_logo_aplisM.gif\" alt=\"\" width=\"15\" height=\"15\" \/>&nbsp;Ce\u013cgalu ie&scaron;uves<br \/><img loading=\"lazy\" decoding=\"async\" src=\"http:\/\/www.virsotne.lv\/userfiles\/image\/ahaa\/marmot_logo_aplisM.gif\" alt=\"\" width=\"15\" height=\"15\" \/>&nbsp;P<span style=\"font-size: x-small\">o<\/span>t\u012b&scaron;u r\u0101v\u0113jsl\u0113dz\u0113ji<\/span><\/p>\n","protected":false},"excerpt":{"rendered":"<p>Vieglas un kompaktas sievie&scaron;u lietus bikes no elpojo&scaron;a un pil\u012bb\u0101 \u016bdensdro&scaron;a GORE-TEX&reg; Paclite&reg; materi\u0101la. Ide\u0101li piem\u0113rotas p\u0101rg\u0101jiem, trekingam un cita veida aktivit\u0101t\u0113m. &nbsp; Specifik\u0101cija: &nbsp; Materi\u0101ls:&nbsp;GORE-TEX&reg;Paclite&reg;100% Polyester 3.6 oz\/ydSvars:&nbsp;272 gramiKr\u0101sa:&nbsp;melna &nbsp; Raksturojums: &nbsp; &nbsp;GORE-TEX&reg; Paclite&reg;&nbsp;materi\u0101ls&nbsp;100% p\u0101rl\u012bm\u0113tas visas &scaron;uves&nbsp;Kabatas ar \u016bdensdro&scaron;iem r\u0101v\u0113jsl\u0113dz\u0113jiem&nbsp;Ce\u013cgalu ie&scaron;uves&nbsp;Pot\u012b&scaron;u r\u0101v\u0113jsl\u0113dz\u0113ji<\/p>\n","protected":false},"featured_media":0,"template":"","meta":[],"product_brand":[908],"product_cat":[4619,4640,4712],"product_tag":[],"class_list":{"0":"post-77486","1":"product","2":"type-product","3":"status-publish","5":"product_brand-marmot","6":"product_cat-winter-clothes-recreation","7":"product_cat-recreation","8":"product_cat-membrane-pants-winter-clothes-recreation","10":"first","11":"instock","12":"shipping-taxable","13":"purchasable","14":"product-type-simple"},"_links":{"self":[{"href":"https:\/\/sezona.lv\/en\/wp-json\/wp\/v2\/product\/77486","targetHints":{"allow":["GET"]}}],"collection":[{"href":"https:\/\/sezona.lv\/en\/wp-json\/wp\/v2\/product"}],"about":[{"href":"https:\/\/sezona.lv\/en\/wp-json\/wp\/v2\/types\/product"}],"wp:attachment":[{"href":"https:\/\/sezona.lv\/en\/wp-json\/wp\/v2\/media?parent=77486"}],"wp:term":[{"taxonomy":"product_brand","embeddable":true,"href":"https:\/\/sezona.lv\/en\/wp-json\/wp\/v2\/product_brand?post=77486"},{"taxonomy":"product_cat","embeddable":true,"href":"https:\/\/sezona.lv\/en\/wp-json\/wp\/v2\/product_cat?post=77486"},{"taxonomy":"product_tag","embeddable":true,"href":"https:\/\/sezona.lv\/en\/wp-json\/wp\/v2\/product_tag?post=77486"}],"curies":[{"name":"wp","href":"https:\/\/api.w.org\/{rel}","templated":true}]}}