{"id":77487,"date":"2025-07-14T15:07:25","date_gmt":"2025-07-14T12:07:25","guid":{"rendered":"https:\/\/demo8.ecube.lv\/sezona.lv\/products\/marmot-palisades-bikses\/"},"modified":"2025-07-14T15:07:25","modified_gmt":"2025-07-14T12:07:25","slug":"marmot-palisades-bikses","status":"publish","type":"product","link":"https:\/\/sezona.lv\/en\/products\/marmot-palisades-bikses\/","title":{"rendered":"Marmot Palisades bikses"},"content":{"rendered":"<p><span style=\"font-size: x-small\">Vieglas un \u0113rtas Gore-Tex bikses ar oderi.<\/span><\/p>\n<p>&nbsp;<\/p>\n<p>&nbsp;<\/p>\n<p><span style=\"color: #800000;font-size: x-small\"><strong>Specifik\u0101cija:<\/strong><\/span><\/p>\n<p>&nbsp;<\/p>\n<p>&nbsp;<\/p>\n<p><span style=\"font-size: x-small\"><strong><span class=\"catalog-list-title\">Pamatmateri\u0101ls:&nbsp;<\/span><\/strong>GORE-TEX&reg; Products 2L 100% Polyester 3.4 oz\/yd<br \/><\/span><span style=\"font-size: x-small\"><strong>Oder\u0113jums:&nbsp;<\/strong>100% Polyester Embossed WR 1.3 oz\/yd&nbsp;<br \/><\/span><span style=\"font-size: x-small\"><strong>\u016adens iztur\u012bba:&nbsp;<\/strong>40+ PSI (~20 000 mm)<br \/><\/span><span style=\"font-size: x-small\"><strong>Elpojo&scaron;\u0101s \u012bpa&scaron;ibas:<\/strong>&nbsp;~25 000 g\/ m2\/ 24h<br \/><\/span><span style=\"font-size: x-small\"><strong>Svars:&nbsp;<\/strong>510 grami<br \/><\/span><span style=\"font-size: x-small\"><strong>Kr\u0101sa:&nbsp;<\/strong>melna<\/span><\/p>\n<p>&nbsp;<\/p>\n<p>&nbsp;<\/p>\n<p><span style=\"color: #800000;font-size: x-small\"><strong>Raksturojums:<\/strong><\/span><\/p>\n<p>&nbsp;<\/p>\n<p>&nbsp;<\/p>\n<div>\n<p><span style=\"font-size: x-small\"><img loading=\"lazy\" decoding=\"async\" src=\"http:\/\/www.virsotne.lv\/userfiles\/image\/ahaa\/marmot_logo_aplisM.gif\" alt=\"\" width=\"15\" height=\"15\" \/>&nbsp;Piln\u012bb\u0101 \u016bdensdro&scaron;as un elpojo&scaron;as<br \/><\/span><span style=\"font-size: x-small\"><img loading=\"lazy\" decoding=\"async\" src=\"http:\/\/www.virsotne.lv\/userfiles\/image\/ahaa\/marmot_logo_aplisM.gif\" alt=\"\" width=\"15\" height=\"15\" \/>&nbsp;Visas v\u012bles ir p\u0101rl\u012bm\u0113tas<br \/><\/span><span style=\"font-size: x-small\"><img loading=\"lazy\" decoding=\"async\" src=\"http:\/\/www.virsotne.lv\/userfiles\/image\/ahaa\/marmot_logo_aplisM.gif\" alt=\"\" width=\"15\" height=\"15\" \/>&nbsp;<strong>Cordura&reg;<\/strong>&nbsp;Pastiprin\u0101jumi pie pot\u012bt\u0113m<br \/><\/span><span style=\"font-size: x-small\"><img loading=\"lazy\" decoding=\"async\" src=\"http:\/\/www.virsotne.lv\/userfiles\/image\/ahaa\/marmot_logo_aplisM.gif\" alt=\"\" width=\"15\" height=\"15\" \/>&nbsp;Ie&scaron;\u016bta bahila &#8211; piem\u0113rota sl\u0113pjzabakiem<br \/><\/span><span style=\"font-size: x-small\"><img loading=\"lazy\" decoding=\"async\" src=\"http:\/\/www.virsotne.lv\/userfiles\/image\/ahaa\/marmot_logo_aplisM.gif\" alt=\"\" width=\"15\" height=\"15\" \/>&nbsp;Anatomisks piegriezums<\/span><\/p>\n<\/div>\n","protected":false},"excerpt":{"rendered":"<p>Vieglas un \u0113rtas Gore-Tex bikses ar oderi. &nbsp; &nbsp; Specifik\u0101cija: &nbsp; &nbsp; Pamatmateri\u0101ls:&nbsp;GORE-TEX&reg; Products 2L 100% Polyester 3.4 oz\/ydOder\u0113jums:&nbsp;100% Polyester Embossed WR 1.3 oz\/yd&nbsp;\u016adens iztur\u012bba:&nbsp;40+ PSI (~20 000 mm)Elpojo&scaron;\u0101s \u012bpa&scaron;ibas:&nbsp;~25 000 g\/ m2\/ 24hSvars:&nbsp;510 gramiKr\u0101sa:&nbsp;melna &nbsp; &nbsp; Raksturojums: &nbsp; &nbsp; &nbsp;Piln\u012bb\u0101 \u016bdensdro&scaron;as un elpojo&scaron;as&nbsp;Visas v\u012bles ir p\u0101rl\u012bm\u0113tas&nbsp;Cordura&reg;&nbsp;Pastiprin\u0101jumi pie pot\u012bt\u0113m&nbsp;Ie&scaron;\u016bta bahila &#8211; piem\u0113rota sl\u0113pjzabakiem&nbsp;Anatomisks piegriezums<\/p>\n","protected":false},"featured_media":0,"template":"","meta":[],"product_brand":[908],"product_cat":[4619,4640,4712],"product_tag":[],"class_list":{"0":"post-77487","1":"product","2":"type-product","3":"status-publish","5":"product_brand-marmot","6":"product_cat-winter-clothes-recreation","7":"product_cat-recreation","8":"product_cat-membrane-pants-winter-clothes-recreation","10":"first","11":"instock","12":"shipping-taxable","13":"purchasable","14":"product-type-simple"},"_links":{"self":[{"href":"https:\/\/sezona.lv\/en\/wp-json\/wp\/v2\/product\/77487","targetHints":{"allow":["GET"]}}],"collection":[{"href":"https:\/\/sezona.lv\/en\/wp-json\/wp\/v2\/product"}],"about":[{"href":"https:\/\/sezona.lv\/en\/wp-json\/wp\/v2\/types\/product"}],"wp:attachment":[{"href":"https:\/\/sezona.lv\/en\/wp-json\/wp\/v2\/media?parent=77487"}],"wp:term":[{"taxonomy":"product_brand","embeddable":true,"href":"https:\/\/sezona.lv\/en\/wp-json\/wp\/v2\/product_brand?post=77487"},{"taxonomy":"product_cat","embeddable":true,"href":"https:\/\/sezona.lv\/en\/wp-json\/wp\/v2\/product_cat?post=77487"},{"taxonomy":"product_tag","embeddable":true,"href":"https:\/\/sezona.lv\/en\/wp-json\/wp\/v2\/product_tag?post=77487"}],"curies":[{"name":"wp","href":"https:\/\/api.w.org\/{rel}","templated":true}]}}