{"id":77488,"date":"2025-07-14T15:07:26","date_gmt":"2025-07-14T12:07:26","guid":{"rendered":"https:\/\/demo8.ecube.lv\/sezona.lv\/products\/marmot-motion-insulated-sieviesu-bikses\/"},"modified":"2025-07-14T15:07:26","modified_gmt":"2025-07-14T12:07:26","slug":"marmot-motion-insulated-sieviesu-bikses","status":"publish","type":"product","link":"https:\/\/sezona.lv\/en\/products\/marmot-motion-insulated-sieviesu-bikses\/","title":{"rendered":"Marmot Motion Insulated sievie\u0161u bikses"},"content":{"rendered":"<p><span style=\"font-size: x-small\">\u0112rtas sievie&scaron;u sl\u0113po&scaron;anas bikses ar&nbsp;<strong>Marmot&nbsp;<\/strong><strong>MemBrain&reg;&nbsp;<\/strong>membr\u0101nu, kas pasarg\u0101s no nokri&scaron;\u0146iem un v\u0113ja. Bikses ir nosiltin\u0101tas ar sint\u0113tisko Marmot Termal R siltin\u0101jumu, kas nodro&scaron;ina vienm\u0113r\u012bgu temperaturu un siltumu ar\u012b tad, ja bikses ir slapjas.<\/span><\/p>\n<p>&nbsp;<\/p>\n<p><span style=\"color: #800000;font-size: x-small\"><strong>Specifik\u0101cija:<\/strong><\/span><\/p>\n<p>&nbsp;<\/p>\n<p><span style=\"font-size: x-small\"><strong>Pamatmateri\u0101ls:<\/strong>&nbsp;MemBrain&reg;10 100% Nylon Plain Weave 6.8 oz\/yd<br \/><\/span><span style=\"font-size: x-small\"><strong>Oder\u0113jums:&nbsp;<\/strong>100% Polyester HD Brushed Tricot 6.0 oz\/yd<\/span><span style=\"font-size: x-small\"><br \/><\/span><span style=\"font-size: x-small\"><strong>Siltin\u0101t\u0101js:<\/strong>&nbsp;Thermal R<br \/><\/span><span style=\"font-size: x-small\"><strong>Svars:<\/strong>&nbsp;856 grami<br \/><\/span><span style=\"font-size: x-small\"><strong>Kr\u0101sa:<\/strong>&nbsp;za\u013ca&nbsp;<br \/><\/span><\/p>\n<p>&nbsp;<\/p>\n<p><span style=\"color: #800000;font-size: x-small\"><strong>Raksturojums:<\/strong><\/span><\/p>\n<p>&nbsp;<\/p>\n<div><span style=\"font-size: x-small\"><img loading=\"lazy\" decoding=\"async\" src=\"http:\/\/www.virsotne.lv\/userfiles\/image\/ahaa\/marmot_logo_aplisM.gif\" alt=\"\" width=\"15\" height=\"15\" \/>&nbsp;\u016adensdro&scaron;as un elpojo&scaron;as 20 000 \/ 20 000<br \/><\/span><span style=\"font-size: x-small\"><img loading=\"lazy\" decoding=\"async\" src=\"http:\/\/www.virsotne.lv\/userfiles\/image\/ahaa\/marmot_logo_aplisM.gif\" alt=\"\" width=\"15\" height=\"15\" \/>&nbsp;Visas v\u012bles ir p\u0101rl\u012bm\u0113tas<\/span><\/div>\n<div><span style=\"font-size: x-small\"><img loading=\"lazy\" decoding=\"async\" src=\"http:\/\/www.virsotne.lv\/userfiles\/image\/ahaa\/marmot_logo_aplisM.gif\" alt=\"\" width=\"15\" height=\"15\" \/>&nbsp;Ie&scaron;\u016bta bahila &#8211; piem\u0113rota sl\u0113pjzabakiem<br \/><\/span><span style=\"font-size: x-small\"><img loading=\"lazy\" decoding=\"async\" src=\"http:\/\/www.virsotne.lv\/userfiles\/image\/ahaa\/marmot_logo_aplisM.gif\" alt=\"\" width=\"15\" height=\"15\" \/>&nbsp;Anatomisks sievie&scaron;u piegriezums<\/span><\/div>\n","protected":false},"excerpt":{"rendered":"<p>\u0112rtas sievie&scaron;u sl\u0113po&scaron;anas bikses ar&nbsp;Marmot&nbsp;MemBrain&reg;&nbsp;membr\u0101nu, kas pasarg\u0101s no nokri&scaron;\u0146iem un v\u0113ja. Bikses ir nosiltin\u0101tas ar sint\u0113tisko Marmot Termal R siltin\u0101jumu, kas nodro&scaron;ina vienm\u0113r\u012bgu temperaturu un siltumu ar\u012b tad, ja bikses ir slapjas. &nbsp; Specifik\u0101cija: &nbsp; Pamatmateri\u0101ls:&nbsp;MemBrain&reg;10 100% Nylon Plain Weave 6.8 oz\/ydOder\u0113jums:&nbsp;100% Polyester HD Brushed Tricot 6.0 oz\/ydSiltin\u0101t\u0101js:&nbsp;Thermal RSvars:&nbsp;856 gramiKr\u0101sa:&nbsp;za\u013ca&nbsp; &nbsp; Raksturojums: &nbsp; &nbsp;\u016adensdro&scaron;as un [&hellip;]<\/p>\n","protected":false},"featured_media":0,"template":"","meta":[],"product_brand":[908],"product_cat":[4619,4640,4712],"product_tag":[],"class_list":{"0":"post-77488","1":"product","2":"type-product","3":"status-publish","5":"product_brand-marmot","6":"product_cat-winter-clothes-recreation","7":"product_cat-recreation","8":"product_cat-membrane-pants-winter-clothes-recreation","10":"first","11":"instock","12":"shipping-taxable","13":"purchasable","14":"product-type-simple"},"_links":{"self":[{"href":"https:\/\/sezona.lv\/en\/wp-json\/wp\/v2\/product\/77488","targetHints":{"allow":["GET"]}}],"collection":[{"href":"https:\/\/sezona.lv\/en\/wp-json\/wp\/v2\/product"}],"about":[{"href":"https:\/\/sezona.lv\/en\/wp-json\/wp\/v2\/types\/product"}],"wp:attachment":[{"href":"https:\/\/sezona.lv\/en\/wp-json\/wp\/v2\/media?parent=77488"}],"wp:term":[{"taxonomy":"product_brand","embeddable":true,"href":"https:\/\/sezona.lv\/en\/wp-json\/wp\/v2\/product_brand?post=77488"},{"taxonomy":"product_cat","embeddable":true,"href":"https:\/\/sezona.lv\/en\/wp-json\/wp\/v2\/product_cat?post=77488"},{"taxonomy":"product_tag","embeddable":true,"href":"https:\/\/sezona.lv\/en\/wp-json\/wp\/v2\/product_tag?post=77488"}],"curies":[{"name":"wp","href":"https:\/\/api.w.org\/{rel}","templated":true}]}}