{"id":77492,"date":"2025-07-14T15:07:29","date_gmt":"2025-07-14T12:07:29","guid":{"rendered":"https:\/\/demo8.ecube.lv\/sezona.lv\/products\/marmot-alpinist-bib-bikses\/"},"modified":"2025-07-14T15:07:29","modified_gmt":"2025-07-14T12:07:29","slug":"marmot-alpinist-bib-bikses","status":"publish","type":"product","link":"https:\/\/sezona.lv\/en\/products\/marmot-alpinist-bib-bikses\/","title":{"rendered":"Marmot Alpinist Bib bikses"},"content":{"rendered":"<p align=\"justify\"><span style=\"font-size: x-small\">Tr\u012bs sl\u0101\u0146u&nbsp;<strong>GORE-TEX&reg; Pro<\/strong>&nbsp;auduma alp\u012bnisma augst\u0101s kombinzontipa bikses. Augsta \u016bdensiztur\u012bba un nodilumiztur\u012bba. Visas &scaron;uves ir 100% p\u0101rl\u012bm\u0113tas, lai nodro&scaron;in\u0101tu maksim\u0101lu \u016bdens un v\u0113ja notur\u012bbu. GORE-TEX&reg; Pro membr\u0101na ir pati \u016bdensdro&scaron;\u0101k\u0101, elpojo&scaron;\u0101k\u0101 un nodilumiztur\u012bg\u0101ka memmbr\u0101na no GORE-TEX&reg;.<\/span><\/p>\n<p>&nbsp;<\/p>\n<p><span style=\"color: #800000;font-size: x-small\"><strong>Specifik\u0101cja:<\/strong><\/span><\/p>\n<p>&nbsp;<\/p>\n<p><span style=\"font-size: x-small\"><strong>Materi\u0101ls:<\/strong>&nbsp;GORE-TEX&reg; Pro Products 3L 100%Nylon 4.4 oz\/yd<br \/><\/span><span style=\"font-size: x-small\"><strong>Svars:<\/strong>&nbsp;805 grami (M izm\u0113ram)<br \/><\/span><span style=\"font-size: x-small\"><strong>Kr\u0101sa:<\/strong>&nbsp;Melna<\/span><\/p>\n<p>&nbsp;<\/p>\n<p><span style=\"color: #800000;font-size: x-small\"><strong>Raksturojums:<\/strong><\/span><\/p>\n<p>&nbsp;<\/p>\n<p><span style=\"font-size: x-small\"><img loading=\"lazy\" decoding=\"async\" src=\"http:\/\/www.virsotne.lv\/userfiles\/image\/ahaa\/marmot_logo_aplisM.gif\" alt=\"\" width=\"15\" height=\"15\" \/>&nbsp;<strong>GORE-TEX&reg; Pro<\/strong>&nbsp;audums<br \/><\/span><span style=\"font-size: x-small\"><img loading=\"lazy\" decoding=\"async\" src=\"http:\/\/www.virsotne.lv\/userfiles\/image\/ahaa\/marmot_logo_aplisM.gif\" alt=\"\" width=\"15\" height=\"15\" \/>&nbsp;Mikro&scaron;uves un 100% p\u0101rl\u012bm\u0113tas &scaron;uves<br \/><\/span><span style=\"font-size: x-small\"><img loading=\"lazy\" decoding=\"async\" src=\"http:\/\/www.virsotne.lv\/userfiles\/image\/ahaa\/marmot_logo_aplisM.gif\" alt=\"\" width=\"15\" height=\"15\" \/>&nbsp;\u016adensdro&scaron;i s\u0101nu r\u0101v\u0113jsl\u0113dz\u0113ji<br \/><\/span><span style=\"font-size: x-small\"><img loading=\"lazy\" decoding=\"async\" src=\"http:\/\/www.virsotne.lv\/userfiles\/image\/ahaa\/marmot_logo_aplisM.gif\" alt=\"\" width=\"15\" height=\"15\" \/>&nbsp;SoftShell auduma kru&scaron;kurvis ar regul\u0113jam\u0101m lenc\u0113m<br \/><\/span><span style=\"font-size: x-small\"><img loading=\"lazy\" decoding=\"async\" src=\"http:\/\/www.virsotne.lv\/userfiles\/image\/ahaa\/marmot_logo_aplisM.gif\" alt=\"\" width=\"15\" height=\"15\" \/>&nbsp;S\u0101nu kabatas ar \u016bdensdro&scaron;ajiem r\u0101v\u0113jsl\u0113dz\u0113jiem<br \/><\/span><span style=\"font-size: x-small\"><img loading=\"lazy\" decoding=\"async\" src=\"http:\/\/www.virsotne.lv\/userfiles\/image\/ahaa\/marmot_logo_aplisM.gif\" alt=\"\" width=\"15\" height=\"15\" \/>&nbsp;Kr\u016b&scaron;u kabatas ar r\u0101v\u0113jsl\u0113dz\u0113ju<br \/><\/span><span style=\"font-size: x-small\"><img loading=\"lazy\" decoding=\"async\" src=\"http:\/\/www.virsotne.lv\/userfiles\/image\/ahaa\/marmot_logo_aplisM.gif\" alt=\"\" width=\"15\" height=\"15\" \/>&nbsp;Anatomiski ie&scaron;uvumi ce\u013cgalos<br \/><\/span><span style=\"font-size: x-small\"><img loading=\"lazy\" decoding=\"async\" src=\"http:\/\/www.virsotne.lv\/userfiles\/image\/ahaa\/marmot_logo_aplisM.gif\" alt=\"\" width=\"15\" height=\"15\" \/>&nbsp;<strong>Cordura&reg;&nbsp;<\/strong>pot\u012b&scaron;u sargi<\/span><\/p>\n","protected":false},"excerpt":{"rendered":"<p>Tr\u012bs sl\u0101\u0146u&nbsp;GORE-TEX&reg; Pro&nbsp;auduma alp\u012bnisma augst\u0101s kombinzontipa bikses. Augsta \u016bdensiztur\u012bba un nodilumiztur\u012bba. Visas &scaron;uves ir 100% p\u0101rl\u012bm\u0113tas, lai nodro&scaron;in\u0101tu maksim\u0101lu \u016bdens un v\u0113ja notur\u012bbu. GORE-TEX&reg; Pro membr\u0101na ir pati \u016bdensdro&scaron;\u0101k\u0101, elpojo&scaron;\u0101k\u0101 un nodilumiztur\u012bg\u0101ka memmbr\u0101na no GORE-TEX&reg;. &nbsp; Specifik\u0101cja: &nbsp; Materi\u0101ls:&nbsp;GORE-TEX&reg; Pro Products 3L 100%Nylon 4.4 oz\/ydSvars:&nbsp;805 grami (M izm\u0113ram)Kr\u0101sa:&nbsp;Melna &nbsp; Raksturojums: &nbsp; &nbsp;GORE-TEX&reg; Pro&nbsp;audums&nbsp;Mikro&scaron;uves un 100% [&hellip;]<\/p>\n","protected":false},"featured_media":0,"template":"","meta":[],"product_brand":[908],"product_cat":[4619,4640,4712],"product_tag":[],"class_list":{"0":"post-77492","1":"product","2":"type-product","3":"status-publish","5":"product_brand-marmot","6":"product_cat-winter-clothes-recreation","7":"product_cat-recreation","8":"product_cat-membrane-pants-winter-clothes-recreation","10":"first","11":"instock","12":"shipping-taxable","13":"purchasable","14":"product-type-simple"},"_links":{"self":[{"href":"https:\/\/sezona.lv\/en\/wp-json\/wp\/v2\/product\/77492","targetHints":{"allow":["GET"]}}],"collection":[{"href":"https:\/\/sezona.lv\/en\/wp-json\/wp\/v2\/product"}],"about":[{"href":"https:\/\/sezona.lv\/en\/wp-json\/wp\/v2\/types\/product"}],"wp:attachment":[{"href":"https:\/\/sezona.lv\/en\/wp-json\/wp\/v2\/media?parent=77492"}],"wp:term":[{"taxonomy":"product_brand","embeddable":true,"href":"https:\/\/sezona.lv\/en\/wp-json\/wp\/v2\/product_brand?post=77492"},{"taxonomy":"product_cat","embeddable":true,"href":"https:\/\/sezona.lv\/en\/wp-json\/wp\/v2\/product_cat?post=77492"},{"taxonomy":"product_tag","embeddable":true,"href":"https:\/\/sezona.lv\/en\/wp-json\/wp\/v2\/product_tag?post=77492"}],"curies":[{"name":"wp","href":"https:\/\/api.w.org\/{rel}","templated":true}]}}