{"id":77493,"date":"2025-07-14T15:07:30","date_gmt":"2025-07-14T12:07:30","guid":{"rendered":"https:\/\/demo8.ecube.lv\/sezona.lv\/products\/marmot-freerider-sieviesu-bikses\/"},"modified":"2025-07-14T15:07:30","modified_gmt":"2025-07-14T12:07:30","slug":"marmot-freerider-sieviesu-bikses","status":"publish","type":"product","link":"https:\/\/sezona.lv\/en\/products\/marmot-freerider-sieviesu-bikses\/","title":{"rendered":"Marmot Freerider sievie\u0161u bikses"},"content":{"rendered":"<p align=\"justify\"><span style=\"font-size: x-small\">Sievie&scaron;u piegriezuma siltas, elpojo&scaron;as un piln\u012bb\u0101 \u016bdensdro&scaron;as, divu sl\u0101\u0146u&nbsp;<strong>GORE-TEX&reg;<\/strong>&nbsp;auduma kombinezona tipa bikses. Augsta \u016bdensiztur\u012bba un nodilumiztur\u012bba. Visas &scaron;uves ir 100% p\u0101rl\u012bm\u0113tas, lai nodro&scaron;in\u0101tu maksim\u0101lu \u016bdens un v\u0113ja notur\u012bbu. Ide\u0101li piem\u0113rotas sl\u0113po&scaron;anai un p\u0101rg\u0101jieniem.<\/span><\/p>\n<p><span style=\"color: #800000;font-size: x-small\"><strong>Specifik\u0101cija:<\/strong><\/span><\/p>\n<p><span style=\"font-size: x-small\"><strong>Pamatmateri\u0101ls:<\/strong>&nbsp;GORE-TEX&reg; Products 2L 100% Polyester 4.4 oz\/yd<br \/><strong>Siltin\u0101t\u0101js:&nbsp;<\/strong>Thermal R&trade;&nbsp;<br \/><\/span><span style=\"font-size: x-small\"><strong>Svars:<\/strong>&nbsp;683 grami<br \/><\/span><span style=\"font-size: x-small\"><strong>Kr\u0101sa:&nbsp;<\/strong>dzeltena<span style=\"color: #000000\"><br \/><\/span><\/span><\/p>\n<p><span style=\"color: #800000;font-size: x-small\"><strong>Raksturojums:<\/strong><\/span><\/p>\n<p><span style=\"font-size: x-small\"><img loading=\"lazy\" decoding=\"async\" src=\"http:\/\/www.virsotne.lv\/userfiles\/image\/ahaa\/marmot_logo_aplisM.gif\" alt=\"\" width=\"15\" height=\"15\" \/>&nbsp;\u016adensiztur\u012bgs un elpojo&scaron;s audums<br \/><\/span><span style=\"font-size: x-small\"><img loading=\"lazy\" decoding=\"async\" src=\"http:\/\/www.virsotne.lv\/userfiles\/image\/ahaa\/marmot_logo_aplisM.gif\" alt=\"\" width=\"15\" height=\"15\" \/>&nbsp;Visas &scaron;uves ir p\u0101rl\u012bm\u0113tas<br \/><\/span><span style=\"font-size: x-small\"><img loading=\"lazy\" decoding=\"async\" src=\"http:\/\/www.virsotne.lv\/userfiles\/image\/ahaa\/marmot_logo_aplisM.gif\" alt=\"\" width=\"15\" height=\"15\" \/>&nbsp;Ie&scaron;\u016bti ce\u013cgali<br \/><\/span><span style=\"font-size: x-small\"><img loading=\"lazy\" decoding=\"async\" src=\"http:\/\/www.virsotne.lv\/userfiles\/image\/ahaa\/marmot_logo_aplisM.gif\" alt=\"\" width=\"15\" height=\"15\" \/>&nbsp;Cordura auduma uz&scaron;uves pot\u012b&scaron;u da\u013c\u0101<br \/><\/span><span style=\"font-size: x-small\"><img loading=\"lazy\" decoding=\"async\" src=\"http:\/\/www.virsotne.lv\/userfiles\/image\/ahaa\/marmot_logo_aplisM.gif\" alt=\"\" width=\"15\" height=\"15\" \/>&nbsp;Integr\u0113ta bahila<\/span><span style=\"font-size: x-small\"><br \/><\/span><span style=\"font-size: x-small\"><img loading=\"lazy\" decoding=\"async\" src=\"http:\/\/www.virsotne.lv\/userfiles\/image\/ahaa\/marmot_logo_aplisM.gif\" alt=\"\" width=\"15\" height=\"15\" \/>&nbsp;Sievie&scaron;u piegriezums<\/span><\/p>\n","protected":false},"excerpt":{"rendered":"<p>Sievie&scaron;u piegriezuma siltas, elpojo&scaron;as un piln\u012bb\u0101 \u016bdensdro&scaron;as, divu sl\u0101\u0146u&nbsp;GORE-TEX&reg;&nbsp;auduma kombinezona tipa bikses. Augsta \u016bdensiztur\u012bba un nodilumiztur\u012bba. Visas &scaron;uves ir 100% p\u0101rl\u012bm\u0113tas, lai nodro&scaron;in\u0101tu maksim\u0101lu \u016bdens un v\u0113ja notur\u012bbu. Ide\u0101li piem\u0113rotas sl\u0113po&scaron;anai un p\u0101rg\u0101jieniem. Specifik\u0101cija: Pamatmateri\u0101ls:&nbsp;GORE-TEX&reg; Products 2L 100% Polyester 4.4 oz\/ydSiltin\u0101t\u0101js:&nbsp;Thermal R&trade;&nbsp;Svars:&nbsp;683 gramiKr\u0101sa:&nbsp;dzeltena Raksturojums: &nbsp;\u016adensiztur\u012bgs un elpojo&scaron;s audums&nbsp;Visas &scaron;uves ir p\u0101rl\u012bm\u0113tas&nbsp;Ie&scaron;\u016bti ce\u013cgali&nbsp;Cordura auduma uz&scaron;uves pot\u012b&scaron;u [&hellip;]<\/p>\n","protected":false},"featured_media":0,"template":"","meta":[],"product_brand":[908],"product_cat":[4619,4640,4712],"product_tag":[],"class_list":{"0":"post-77493","1":"product","2":"type-product","3":"status-publish","5":"product_brand-marmot","6":"product_cat-winter-clothes-recreation","7":"product_cat-recreation","8":"product_cat-membrane-pants-winter-clothes-recreation","10":"first","11":"instock","12":"shipping-taxable","13":"purchasable","14":"product-type-simple"},"_links":{"self":[{"href":"https:\/\/sezona.lv\/en\/wp-json\/wp\/v2\/product\/77493","targetHints":{"allow":["GET"]}}],"collection":[{"href":"https:\/\/sezona.lv\/en\/wp-json\/wp\/v2\/product"}],"about":[{"href":"https:\/\/sezona.lv\/en\/wp-json\/wp\/v2\/types\/product"}],"wp:attachment":[{"href":"https:\/\/sezona.lv\/en\/wp-json\/wp\/v2\/media?parent=77493"}],"wp:term":[{"taxonomy":"product_brand","embeddable":true,"href":"https:\/\/sezona.lv\/en\/wp-json\/wp\/v2\/product_brand?post=77493"},{"taxonomy":"product_cat","embeddable":true,"href":"https:\/\/sezona.lv\/en\/wp-json\/wp\/v2\/product_cat?post=77493"},{"taxonomy":"product_tag","embeddable":true,"href":"https:\/\/sezona.lv\/en\/wp-json\/wp\/v2\/product_tag?post=77493"}],"curies":[{"name":"wp","href":"https:\/\/api.w.org\/{rel}","templated":true}]}}