{"id":77494,"date":"2025-07-14T15:07:31","date_gmt":"2025-07-14T12:07:31","guid":{"rendered":"https:\/\/demo8.ecube.lv\/sezona.lv\/products\/marmot-rosco-bib-bikses\/"},"modified":"2025-07-14T15:07:31","modified_gmt":"2025-07-14T12:07:31","slug":"marmot-rosco-bib-bikses","status":"publish","type":"product","link":"https:\/\/sezona.lv\/en\/products\/marmot-rosco-bib-bikses\/","title":{"rendered":"Marmot Rosco Bib bikses"},"content":{"rendered":"<p align=\"justify\"><span style=\"font-size: x-small\">Uz veiktsp\u0113ju orient\u0113t\u0101s&nbsp;<strong>Rosco Bib<\/strong>&nbsp;kombinezona tipa bikses ir piln\u012bb\u0101 \u016bdens un v\u0113ja iztur\u012bgas pateicoties<strong>Marmot MemBrain<\/strong>&nbsp;membr\u0101nai. Muguras da\u013ca ir izgatavota no staip\u012bga softshell auduma, kas g\u0101d\u0101s par nevainojamu komfortu aktivit\u0101&scaron;u laik\u0101. Staru iek&scaron;pus\u0113 ir izvietoti ventil\u0101cijas r\u0101v\u0113jsl\u0113dz\u0113ji. &Scaron;\u012bs lielisk\u0101s sl\u0113po&scaron;anas bikses ir apr\u012bkotas ar\u012b ar bahilu un regul\u0113jamiem bik&scaron;turiem. Teicama izv\u0113le sl\u0113po&scaron;anai vai snovbordam m\u0113renos laikapst\u0101k\u013cos.<\/span><\/p>\n<p><span style=\"color: #800000;font-size: x-small\"><strong>Specifik\u0101cija:<\/strong><\/span><\/p>\n<p><span style=\"font-size: x-small\"><strong>Pamatmateri\u0101ls:<\/strong>&nbsp;MemBrain&reg;10 100% Nylon Plain Weave 5.7 oz\/yd&nbsp;<br \/><\/span><span style=\"font-size: x-small\"><strong>Svars:<\/strong>&nbsp;1020 grami<br \/><\/span><span style=\"font-size: x-small\"><strong>Kr\u0101sa:&nbsp;<\/strong>sal\u0101tza\u013ca, zila, dzeltena<span style=\"color: #000000\"><br \/><\/span><\/span><\/p>\n<p><span style=\"color: #800000;font-size: x-small\"><strong>Raksturojums:<\/strong><\/span><\/p>\n<p><span style=\"font-size: x-small\"><img loading=\"lazy\" decoding=\"async\" src=\"http:\/\/www.virsotne.lv\/userfiles\/image\/ahaa\/marmot_logo_aplisM.gif\" alt=\"\" width=\"15\" height=\"15\" \/>&nbsp;\u016adensiztur\u012bgs un elpojo&scaron;s audums<br \/><\/span><span style=\"font-size: x-small\"><img loading=\"lazy\" decoding=\"async\" src=\"http:\/\/www.virsotne.lv\/userfiles\/image\/ahaa\/marmot_logo_aplisM.gif\" alt=\"\" width=\"15\" height=\"15\" \/>&nbsp;Visas &scaron;uves ir p\u0101rl\u012bm\u0113tas<br \/><\/span><span style=\"font-size: x-small\"><img loading=\"lazy\" decoding=\"async\" src=\"http:\/\/www.virsotne.lv\/userfiles\/image\/ahaa\/marmot_logo_aplisM.gif\" alt=\"\" width=\"15\" height=\"15\" \/>&nbsp;Ie&scaron;\u016bti ce\u013cgali<br \/><\/span><span style=\"font-size: x-small\"><img loading=\"lazy\" decoding=\"async\" src=\"http:\/\/www.virsotne.lv\/userfiles\/image\/ahaa\/marmot_logo_aplisM.gif\" alt=\"\" width=\"15\" height=\"15\" \/>&nbsp;Cordura auduma uz&scaron;uves pot\u012b&scaron;u da\u013c\u0101<br \/><\/span><span style=\"font-size: x-small\"><img loading=\"lazy\" decoding=\"async\" src=\"http:\/\/www.virsotne.lv\/userfiles\/image\/ahaa\/marmot_logo_aplisM.gif\" alt=\"\" width=\"15\" height=\"15\" \/>&nbsp;Integr\u0113ta bahila<\/span><\/p>\n","protected":false},"excerpt":{"rendered":"<p>Uz veiktsp\u0113ju orient\u0113t\u0101s&nbsp;Rosco Bib&nbsp;kombinezona tipa bikses ir piln\u012bb\u0101 \u016bdens un v\u0113ja iztur\u012bgas pateicotiesMarmot MemBrain&nbsp;membr\u0101nai. Muguras da\u013ca ir izgatavota no staip\u012bga softshell auduma, kas g\u0101d\u0101s par nevainojamu komfortu aktivit\u0101&scaron;u laik\u0101. Staru iek&scaron;pus\u0113 ir izvietoti ventil\u0101cijas r\u0101v\u0113jsl\u0113dz\u0113ji. &Scaron;\u012bs lielisk\u0101s sl\u0113po&scaron;anas bikses ir apr\u012bkotas ar\u012b ar bahilu un regul\u0113jamiem bik&scaron;turiem. Teicama izv\u0113le sl\u0113po&scaron;anai vai snovbordam m\u0113renos laikapst\u0101k\u013cos. Specifik\u0101cija: [&hellip;]<\/p>\n","protected":false},"featured_media":0,"template":"","meta":[],"product_brand":[908],"product_cat":[4619,4640,4712],"product_tag":[],"class_list":{"0":"post-77494","1":"product","2":"type-product","3":"status-publish","5":"product_brand-marmot","6":"product_cat-winter-clothes-recreation","7":"product_cat-recreation","8":"product_cat-membrane-pants-winter-clothes-recreation","10":"first","11":"instock","12":"shipping-taxable","13":"purchasable","14":"product-type-simple"},"_links":{"self":[{"href":"https:\/\/sezona.lv\/en\/wp-json\/wp\/v2\/product\/77494","targetHints":{"allow":["GET"]}}],"collection":[{"href":"https:\/\/sezona.lv\/en\/wp-json\/wp\/v2\/product"}],"about":[{"href":"https:\/\/sezona.lv\/en\/wp-json\/wp\/v2\/types\/product"}],"wp:attachment":[{"href":"https:\/\/sezona.lv\/en\/wp-json\/wp\/v2\/media?parent=77494"}],"wp:term":[{"taxonomy":"product_brand","embeddable":true,"href":"https:\/\/sezona.lv\/en\/wp-json\/wp\/v2\/product_brand?post=77494"},{"taxonomy":"product_cat","embeddable":true,"href":"https:\/\/sezona.lv\/en\/wp-json\/wp\/v2\/product_cat?post=77494"},{"taxonomy":"product_tag","embeddable":true,"href":"https:\/\/sezona.lv\/en\/wp-json\/wp\/v2\/product_tag?post=77494"}],"curies":[{"name":"wp","href":"https:\/\/api.w.org\/{rel}","templated":true}]}}