{"id":77495,"date":"2025-07-14T15:07:31","date_gmt":"2025-07-14T12:07:31","guid":{"rendered":"https:\/\/demo8.ecube.lv\/sezona.lv\/products\/marmot-mirage-sieviesu-bikses\/"},"modified":"2025-07-14T15:07:31","modified_gmt":"2025-07-14T12:07:31","slug":"marmot-mirage-sieviesu-bikses","status":"publish","type":"product","link":"https:\/\/sezona.lv\/en\/products\/marmot-mirage-sieviesu-bikses\/","title":{"rendered":"Marmot Mirage sievie\u0161u bikses"},"content":{"rendered":"<p align=\"justify\"><span style=\"font-size: x-small\">T\u0101 nav il\u016bzija!&nbsp;<strong>Marmot Wm&#8217;s Mirage Pant<\/strong>&nbsp;bikses ir laba izskata un teicamu tehnisko parametru kombin\u0101cija. Sievie&scaron;u piegriezums &scaron;\u012bs bikses padar\u012bs ne tikai par \u013coti \u0113rt\u0101m sl\u0113po&scaron;anas biks\u0113m, bet t\u0101s ar\u012b izskat\u012bsies nevainojami. Par siltumu g\u0101d\u0101s&nbsp;<strong>Marmot&nbsp;<\/strong>izstr\u0101d\u0101tais&nbsp;<strong>Thremal R&trade;<\/strong>&nbsp;sint\u0113tiskais siltin\u0101t\u0101js.<strong>Marmot MemBrain<\/strong>&nbsp;membr\u0101na nodro&scaron;in\u0101s 100% aizsardz\u012bbu pret v\u0113ju, sniegu un mitrumu. Artikul\u0113ti ce\u013cgali un integr\u0113ta bahila.<\/span><\/p>\n<p><span style=\"color: #800000;font-size: x-small\"><strong>Specifik\u0101cija:<\/strong><\/span><\/p>\n<p><span style=\"font-size: x-small\"><strong>Pamatmateri\u0101ls:<\/strong>&nbsp;MemBrain&reg;10 100% Nylon Plain Weave 5.7 oz\/yd<br \/><\/span><span style=\"font-size: x-small\"><strong>Siltin\u0101jums:<\/strong>&nbsp;Thermal R&trade; Eco&nbsp;<br \/><\/span><span style=\"font-size: x-small\"><strong>Svars:<\/strong>&nbsp;992 grami<br \/><\/span><span style=\"font-size: x-small\"><strong>Kr\u0101sa:&nbsp;<\/strong>roz\u0101<span style=\"color: #000000\"><br \/><\/span><\/span><\/p>\n<p><span style=\"color: #800000;font-size: x-small\"><strong>Raksturojums:<\/strong><\/span><\/p>\n<p><span style=\"font-size: x-small\"><img loading=\"lazy\" decoding=\"async\" src=\"http:\/\/www.virsotne.lv\/userfiles\/image\/ahaa\/marmot_logo_aplisM.gif\" alt=\"\" width=\"15\" height=\"15\" \/>&nbsp;\u016adensiztur\u012bgs un elpojo&scaron;s audums<br \/><\/span><span style=\"font-size: x-small\"><img loading=\"lazy\" decoding=\"async\" src=\"http:\/\/www.virsotne.lv\/userfiles\/image\/ahaa\/marmot_logo_aplisM.gif\" alt=\"\" width=\"15\" height=\"15\" \/>&nbsp;Visas &scaron;uves ir p\u0101rl\u012bm\u0113tas<br \/><\/span><span style=\"font-size: x-small\"><img loading=\"lazy\" decoding=\"async\" src=\"http:\/\/www.virsotne.lv\/userfiles\/image\/ahaa\/marmot_logo_aplisM.gif\" alt=\"\" width=\"15\" height=\"15\" \/>&nbsp;Ie&scaron;\u016bti ce\u013cgali<br \/><\/span><span style=\"font-size: x-small\"><img loading=\"lazy\" decoding=\"async\" src=\"http:\/\/www.virsotne.lv\/userfiles\/image\/ahaa\/marmot_logo_aplisM.gif\" alt=\"\" width=\"15\" height=\"15\" \/>&nbsp;Cordura auduma uz&scaron;uves pot\u012b&scaron;u da\u013c\u0101<br \/><\/span><span style=\"font-size: x-small\"><img loading=\"lazy\" decoding=\"async\" src=\"http:\/\/www.virsotne.lv\/userfiles\/image\/ahaa\/marmot_logo_aplisM.gif\" alt=\"\" width=\"15\" height=\"15\" \/>&nbsp;Integr\u0113ta bahila<br \/><\/span><span style=\"font-size: x-small\"><img loading=\"lazy\" decoding=\"async\" src=\"http:\/\/www.virsotne.lv\/userfiles\/image\/ahaa\/marmot_logo_aplisM.gif\" alt=\"\" width=\"15\" height=\"15\" \/>&nbsp;Sievie&scaron;u piegriezums<\/span><\/p>\n","protected":false},"excerpt":{"rendered":"<p>T\u0101 nav il\u016bzija!&nbsp;Marmot Wm&#8217;s Mirage Pant&nbsp;bikses ir laba izskata un teicamu tehnisko parametru kombin\u0101cija. Sievie&scaron;u piegriezums &scaron;\u012bs bikses padar\u012bs ne tikai par \u013coti \u0113rt\u0101m sl\u0113po&scaron;anas biks\u0113m, bet t\u0101s ar\u012b izskat\u012bsies nevainojami. Par siltumu g\u0101d\u0101s&nbsp;Marmot&nbsp;izstr\u0101d\u0101tais&nbsp;Thremal R&trade;&nbsp;sint\u0113tiskais siltin\u0101t\u0101js.Marmot MemBrain&nbsp;membr\u0101na nodro&scaron;in\u0101s 100% aizsardz\u012bbu pret v\u0113ju, sniegu un mitrumu. Artikul\u0113ti ce\u013cgali un integr\u0113ta bahila. Specifik\u0101cija: Pamatmateri\u0101ls:&nbsp;MemBrain&reg;10 100% Nylon Plain [&hellip;]<\/p>\n","protected":false},"featured_media":0,"template":"","meta":[],"product_brand":[908],"product_cat":[4619,4640,4712],"product_tag":[],"class_list":{"0":"post-77495","1":"product","2":"type-product","3":"status-publish","5":"product_brand-marmot","6":"product_cat-winter-clothes-recreation","7":"product_cat-recreation","8":"product_cat-membrane-pants-winter-clothes-recreation","10":"first","11":"instock","12":"shipping-taxable","13":"purchasable","14":"product-type-simple"},"_links":{"self":[{"href":"https:\/\/sezona.lv\/en\/wp-json\/wp\/v2\/product\/77495","targetHints":{"allow":["GET"]}}],"collection":[{"href":"https:\/\/sezona.lv\/en\/wp-json\/wp\/v2\/product"}],"about":[{"href":"https:\/\/sezona.lv\/en\/wp-json\/wp\/v2\/types\/product"}],"wp:attachment":[{"href":"https:\/\/sezona.lv\/en\/wp-json\/wp\/v2\/media?parent=77495"}],"wp:term":[{"taxonomy":"product_brand","embeddable":true,"href":"https:\/\/sezona.lv\/en\/wp-json\/wp\/v2\/product_brand?post=77495"},{"taxonomy":"product_cat","embeddable":true,"href":"https:\/\/sezona.lv\/en\/wp-json\/wp\/v2\/product_cat?post=77495"},{"taxonomy":"product_tag","embeddable":true,"href":"https:\/\/sezona.lv\/en\/wp-json\/wp\/v2\/product_tag?post=77495"}],"curies":[{"name":"wp","href":"https:\/\/api.w.org\/{rel}","templated":true}]}}