{"id":77496,"date":"2025-07-14T15:07:32","date_gmt":"2025-07-14T12:07:32","guid":{"rendered":"https:\/\/demo8.ecube.lv\/sezona.lv\/products\/marmot-8000m-bikses\/"},"modified":"2025-07-14T15:07:32","modified_gmt":"2025-07-14T12:07:32","slug":"marmot-8000m-bikses","status":"publish","type":"product","link":"https:\/\/sezona.lv\/en\/products\/marmot-8000m-bikses\/","title":{"rendered":"Marmot 8000M bikses"},"content":{"rendered":"<p align=\"justify\"><span style=\"font-size: x-small\">Marmot ir rad\u012bjis izcilas zosu d\u016bnu bikses speci\u0101li Himalaju un Antarktikas apgabaliem. Divu sl\u0101\u0146u Marmot MamBrain aizsardz\u012bba no v\u0113ja un mitruma un Cordura pastiprin\u0101jumi s\u0113\u017eamaj\u0101 un ce\u013cgalu da\u013c\u0101s. &Scaron;\u012bs bikses ir silt\u0101kais un tiap at laik\u0101 viegl\u0101kais siltumsl\u0101nis pa&scaron;os skarb\u0101kajos laikapst\u0101\u0137\u013cos! Paredz\u0113tas augstkalnu alp\u012bnismam un arktiskaj\u0101m eksped\u012bcij\u0101m!<br \/><\/span><\/p>\n<p>&nbsp;<\/p>\n<p><span style=\"color: #800000;font-size: x-small\"><strong>Specifik\u0101cija:<\/strong><\/span><\/p>\n<p>&nbsp;<\/p>\n<p><span style=\"font-size: x-small\"><strong>Materi\u0101ls:<\/strong>&nbsp;Membrain&reg; 2L 100% Nylon Ripstop 3.3 oz\/yd<br \/><\/span><span style=\"font-size: x-small\"><strong>Patirpin\u0101jums:&nbsp;<\/strong>MemBrain&reg; 2L 100% Nylon 4.0 oz\/yd<br \/><\/span><span style=\"font-size: x-small\"><strong>Oder\u0113jums:&nbsp;<\/strong>100% Nylon WR 1.3 oz\/yd<br \/><\/span><span style=\"font-size: x-small\"><strong>Siltin\u0101jums:<\/strong>&nbsp;800 FP zosu d\u016bnas<br \/><\/span><span style=\"font-size: x-small\"><strong>Svars:&nbsp;<\/strong>936 grami<br \/><\/span><span style=\"font-size: x-small\"><strong>Kr\u0101sa:<\/strong>&nbsp;Oran\u017es ar dzeltenu<\/span><\/p>\n<p>&nbsp;<\/p>\n<p><span style=\"font-size: x-small\"><strong><span style=\"color: #800000\">Raksturojums:<\/span><\/strong><\/span><\/p>\n<p>&nbsp;<\/p>\n<p><span style=\"font-size: x-small\"><img loading=\"lazy\" decoding=\"async\" src=\"http:\/\/www.virsotne.lv\/userfiles\/image\/ahaa\/marmot_logo_aplisM.gif\" alt=\"\" width=\"15\" height=\"15\" \/>&nbsp;Marmot MemBrain&reg; &#8211; \u016adensdro&scaron;s un elpojo&scaron;s audums<br \/><\/span><span style=\"font-size: x-small\"><img loading=\"lazy\" decoding=\"async\" src=\"http:\/\/www.virsotne.lv\/userfiles\/image\/ahaa\/marmot_logo_aplisM.gif\" alt=\"\" width=\"15\" height=\"15\" \/>&nbsp;800 Fill Power Zosu D\u016bnas<br \/><\/span><span style=\"font-size: x-small\"><img loading=\"lazy\" decoding=\"async\" src=\"http:\/\/www.virsotne.lv\/userfiles\/image\/ahaa\/marmot_logo_aplisM.gif\" alt=\"\" width=\"15\" height=\"15\" \/>&nbsp;Pastiprin\u0101jumi s\u0113\u017eamda\u013c\u0101 un ce\u013cgalos &#8211; nodilumiztur\u012bbai<br \/><\/span><span style=\"font-size: x-small\"><img loading=\"lazy\" decoding=\"async\" src=\"http:\/\/www.virsotne.lv\/userfiles\/image\/ahaa\/marmot_logo_aplisM.gif\" alt=\"\" width=\"15\" height=\"15\" \/>&nbsp;Sadal\u012bjums pa sekcij\u0101m &#8211; maksim\u0101lai d\u016bnu kontrolei.<br \/><\/span><span style=\"font-size: x-small\"><img loading=\"lazy\" decoding=\"async\" src=\"http:\/\/www.virsotne.lv\/userfiles\/image\/ahaa\/marmot_logo_aplisM.gif\" alt=\"\" width=\"15\" height=\"15\" \/>&nbsp;Jostas viet\u0101 sl\u0113dzis &#8211; bik&scaron;u notur\u0113&scaron;anai<br \/><\/span><span style=\"font-size: x-small\"><img loading=\"lazy\" decoding=\"async\" src=\"http:\/\/www.virsotne.lv\/userfiles\/image\/ahaa\/marmot_logo_aplisM.gif\" alt=\"\" width=\"15\" height=\"15\" \/>&nbsp;Lycra&reg; Priek&scaron;\u0113jais un aizmugur\u0113jais panelis ar&nbsp; regul\u0113jamiem bik&scaron;turiem<br \/><\/span><span style=\"font-size: x-small\"><img loading=\"lazy\" decoding=\"async\" src=\"http:\/\/www.virsotne.lv\/userfiles\/image\/ahaa\/marmot_logo_aplisM.gif\" alt=\"\" width=\"15\" height=\"15\" \/>&nbsp;Pilna garuma s\u0101nu r\u0101v\u0113jsl\u0113dz\u0113ji &#8211; ventil\u0101cijai un atvieglotai uz\/novilk&scaron;anai<br \/><\/span><span style=\"font-size: x-small\"><img loading=\"lazy\" decoding=\"async\" src=\"http:\/\/www.virsotne.lv\/userfiles\/image\/ahaa\/marmot_logo_aplisM.gif\" alt=\"\" width=\"15\" height=\"15\" \/>&nbsp;Divas iek&scaron;kabatas ar Velcro&reg; klip&scaron;iem<br \/><\/span><span style=\"font-size: x-small\"><img loading=\"lazy\" decoding=\"async\" src=\"http:\/\/www.virsotne.lv\/userfiles\/image\/ahaa\/marmot_logo_aplisM.gif\" alt=\"\" width=\"15\" height=\"15\" \/>&nbsp;Komplekt\u0101cij\u0101 iek\u013cauts elpojo&scaron;s maiss, jakas glab\u0101&scaron;anai nesaspiest\u0101 veid\u0101<br \/><\/span><span style=\"font-size: x-small\"><img loading=\"lazy\" decoding=\"async\" src=\"http:\/\/www.virsotne.lv\/userfiles\/image\/ahaa\/marmot_logo_aplisM.gif\" alt=\"\" width=\"15\" height=\"15\" \/>&nbsp;Siltin\u0101ts p\u0101rliktnis p\u0101ri s\u0101nu r\u0101v\u0113jsl\u0113dz\u0113jiem<br \/><\/span><span style=\"font-size: x-small\"><img loading=\"lazy\" decoding=\"async\" src=\"http:\/\/www.virsotne.lv\/userfiles\/image\/ahaa\/marmot_logo_aplisM.gif\" alt=\"\" width=\"15\" height=\"15\" \/>&nbsp;Siltin\u0101ts ar\u012b &#8220;nieru&#8221; panelis<\/span><\/p>\n","protected":false},"excerpt":{"rendered":"<p>Marmot ir rad\u012bjis izcilas zosu d\u016bnu bikses speci\u0101li Himalaju un Antarktikas apgabaliem. Divu sl\u0101\u0146u Marmot MamBrain aizsardz\u012bba no v\u0113ja un mitruma un Cordura pastiprin\u0101jumi s\u0113\u017eamaj\u0101 un ce\u013cgalu da\u013c\u0101s. &Scaron;\u012bs bikses ir silt\u0101kais un tiap at laik\u0101 viegl\u0101kais siltumsl\u0101nis pa&scaron;os skarb\u0101kajos laikapst\u0101\u0137\u013cos! Paredz\u0113tas augstkalnu alp\u012bnismam un arktiskaj\u0101m eksped\u012bcij\u0101m! &nbsp; Specifik\u0101cija: &nbsp; Materi\u0101ls:&nbsp;Membrain&reg; 2L 100% Nylon Ripstop [&hellip;]<\/p>\n","protected":false},"featured_media":0,"template":"","meta":[],"product_brand":[908],"product_cat":[4619,4640,4712],"product_tag":[],"class_list":{"0":"post-77496","1":"product","2":"type-product","3":"status-publish","5":"product_brand-marmot","6":"product_cat-winter-clothes-recreation","7":"product_cat-recreation","8":"product_cat-membrane-pants-winter-clothes-recreation","10":"first","11":"instock","12":"shipping-taxable","13":"purchasable","14":"product-type-simple"},"_links":{"self":[{"href":"https:\/\/sezona.lv\/en\/wp-json\/wp\/v2\/product\/77496","targetHints":{"allow":["GET"]}}],"collection":[{"href":"https:\/\/sezona.lv\/en\/wp-json\/wp\/v2\/product"}],"about":[{"href":"https:\/\/sezona.lv\/en\/wp-json\/wp\/v2\/types\/product"}],"wp:attachment":[{"href":"https:\/\/sezona.lv\/en\/wp-json\/wp\/v2\/media?parent=77496"}],"wp:term":[{"taxonomy":"product_brand","embeddable":true,"href":"https:\/\/sezona.lv\/en\/wp-json\/wp\/v2\/product_brand?post=77496"},{"taxonomy":"product_cat","embeddable":true,"href":"https:\/\/sezona.lv\/en\/wp-json\/wp\/v2\/product_cat?post=77496"},{"taxonomy":"product_tag","embeddable":true,"href":"https:\/\/sezona.lv\/en\/wp-json\/wp\/v2\/product_tag?post=77496"}],"curies":[{"name":"wp","href":"https:\/\/api.w.org\/{rel}","templated":true}]}}