{"id":77498,"date":"2025-07-14T15:07:35","date_gmt":"2025-07-14T12:07:35","guid":{"rendered":"https:\/\/demo8.ecube.lv\/sezona.lv\/products\/metelis-sieviesu-marmot-alderbrook-jacket\/"},"modified":"2025-07-14T15:07:35","modified_gmt":"2025-07-14T12:07:35","slug":"metelis-sieviesu-marmot-alderbrook-jacket","status":"publish","type":"product","link":"https:\/\/sezona.lv\/en\/products\/metelis-sieviesu-marmot-alderbrook-jacket\/","title":{"rendered":"M\u0113telis sievie\u0161u Marmot Alderbrook Jacket"},"content":{"rendered":"<p align=\"justify\"><span style=\"font-size: x-small\">Lielisks pils\u0113tas m\u0113telis ar augstv\u0113rt\u012bgu d\u016bnu pild\u012bjumu. Maksim\u0101la komforta saglab\u0101&scaron;anai d\u016bnas ir apstr\u0101d\u0101tas ar Down Defender tehnolo\u0123iju, kas kav\u0113 to samirk&scaron;anu! &Scaron;is \u0113rtais sievie&scaron;u ziemas pusm\u0113telis ir oder\u0113ts ar fl\u012bsa pane\u013ciem torsa rajon\u0101 un kabat\u0101s. Teicams m\u0113telis pras\u012bg\u0101m d\u0101m\u0101m!<\/span><\/p>\n<p><span style=\"color: #800000;font-size: x-small\"><strong>Specifik\u0101cija:<\/strong><\/span><\/p>\n<p><span style=\"font-size: x-small\"><strong>Materi\u0101ls:&nbsp;<\/strong>62% Nylon, 38% Polyester Taffeta 2.8 oz\/yd<br \/><\/span><span style=\"font-size: x-small\"><strong>Odere:&nbsp;<\/strong>100% Nylon Taffeta 1.3 oz\/ yd<br \/><\/span><span style=\"font-size: x-small\"><strong>Siltin\u0101jums:&nbsp;<\/strong>700 FP d\u016bnas Down Defender<br \/><\/span><span style=\"font-size: x-small\"><strong>Piegriezums:&nbsp;<\/strong>Regular Fit<br \/><\/span><span style=\"font-size: x-small\"><strong>Muguras garums:<\/strong>&nbsp;81cm (M izm\u0113ram)<br \/><\/span><span style=\"font-size: x-small\"><strong>Svars:<\/strong>&nbsp;708 grami<br \/><\/span><span style=\"font-size: x-small\"><strong>Kr\u0101sas:&nbsp;<\/strong>Melna, pel\u0113ka, viol\u0113ta, oran\u017ebr\u016bna<\/span><\/p>\n<p><span style=\"color: #800000;font-size: x-small\"><strong>Raksturojums:<\/strong><\/span><\/p>\n<p><span style=\"font-size: x-small\"><img loading=\"lazy\" decoding=\"async\" src=\"http:\/\/www.virsotne.lv\/userfiles\/image\/ahaa\/marmot_logo_aplisM.gif\" alt=\"\" width=\"15\" height=\"15\" \/>&nbsp;700 FP d\u016bnas ar Down Defender apstr\u0101di<br \/><\/span><span style=\"font-size: x-small\"><img loading=\"lazy\" decoding=\"async\" src=\"http:\/\/www.virsotne.lv\/userfiles\/image\/ahaa\/marmot_logo_aplisM.gif\" alt=\"\" width=\"15\" height=\"15\" \/>&nbsp;Iek&scaron;kabata ar r\u0101v\u0113jsl\u0113dz\u0113ju<br \/><\/span><span style=\"font-size: x-small\"><img loading=\"lazy\" decoding=\"async\" src=\"http:\/\/www.virsotne.lv\/userfiles\/image\/ahaa\/marmot_logo_aplisM.gif\" alt=\"\" width=\"15\" height=\"15\" \/>&nbsp;Microfl\u012bsa man\u017eetes<br \/><\/span><span style=\"font-size: x-small\"><img loading=\"lazy\" decoding=\"async\" src=\"http:\/\/www.virsotne.lv\/userfiles\/image\/ahaa\/marmot_logo_aplisM.gif\" alt=\"\" width=\"15\" height=\"15\" \/>&nbsp;Fl\u012bsa oder\u0113jums torsa rajon\u0101<br \/><\/span><span style=\"font-size: x-small\"><img loading=\"lazy\" decoding=\"async\" src=\"http:\/\/www.virsotne.lv\/userfiles\/image\/ahaa\/marmot_logo_aplisM.gif\" alt=\"\" width=\"15\" height=\"15\" \/>&nbsp;S\u0101nu kabatas ar r\u0101v\u0113jsl\u0113dz\u0113ju<br \/><\/span><span style=\"font-size: x-small\"><img loading=\"lazy\" decoding=\"async\" src=\"http:\/\/www.virsotne.lv\/userfiles\/image\/ahaa\/marmot_logo_aplisM.gif\" alt=\"\" width=\"15\" height=\"15\" \/>&nbsp;Thermal R&trade; siltin\u0101jums s\u0101nos<\/span><\/p>\n","protected":false},"excerpt":{"rendered":"<p>Lielisks pils\u0113tas m\u0113telis ar augstv\u0113rt\u012bgu d\u016bnu pild\u012bjumu. Maksim\u0101la komforta saglab\u0101&scaron;anai d\u016bnas ir apstr\u0101d\u0101tas ar Down Defender tehnolo\u0123iju, kas kav\u0113 to samirk&scaron;anu! &Scaron;is \u0113rtais sievie&scaron;u ziemas pusm\u0113telis ir oder\u0113ts ar fl\u012bsa pane\u013ciem torsa rajon\u0101 un kabat\u0101s. Teicams m\u0113telis pras\u012bg\u0101m d\u0101m\u0101m! Specifik\u0101cija: Materi\u0101ls:&nbsp;62% Nylon, 38% Polyester Taffeta 2.8 oz\/ydOdere:&nbsp;100% Nylon Taffeta 1.3 oz\/ ydSiltin\u0101jums:&nbsp;700 FP d\u016bnas Down [&hellip;]<\/p>\n","protected":false},"featured_media":0,"template":"","meta":[],"product_brand":[908],"product_cat":[4619,4640,4911],"product_tag":[],"class_list":{"0":"post-77498","1":"product","2":"type-product","3":"status-publish","5":"product_brand-marmot","6":"product_cat-winter-clothes-recreation","7":"product_cat-recreation","8":"product_cat-down-coats-winter-clothes-recreation","10":"first","11":"instock","12":"shipping-taxable","13":"purchasable","14":"product-type-simple"},"_links":{"self":[{"href":"https:\/\/sezona.lv\/en\/wp-json\/wp\/v2\/product\/77498","targetHints":{"allow":["GET"]}}],"collection":[{"href":"https:\/\/sezona.lv\/en\/wp-json\/wp\/v2\/product"}],"about":[{"href":"https:\/\/sezona.lv\/en\/wp-json\/wp\/v2\/types\/product"}],"wp:attachment":[{"href":"https:\/\/sezona.lv\/en\/wp-json\/wp\/v2\/media?parent=77498"}],"wp:term":[{"taxonomy":"product_brand","embeddable":true,"href":"https:\/\/sezona.lv\/en\/wp-json\/wp\/v2\/product_brand?post=77498"},{"taxonomy":"product_cat","embeddable":true,"href":"https:\/\/sezona.lv\/en\/wp-json\/wp\/v2\/product_cat?post=77498"},{"taxonomy":"product_tag","embeddable":true,"href":"https:\/\/sezona.lv\/en\/wp-json\/wp\/v2\/product_tag?post=77498"}],"curies":[{"name":"wp","href":"https:\/\/api.w.org\/{rel}","templated":true}]}}