{"id":77499,"date":"2025-07-14T15:07:35","date_gmt":"2025-07-14T12:07:35","guid":{"rendered":"https:\/\/demo8.ecube.lv\/sezona.lv\/products\/metelis-sieviesu-marmot-downtown-component-jacket\/"},"modified":"2025-07-14T15:07:35","modified_gmt":"2025-07-14T12:07:35","slug":"metelis-sieviesu-marmot-downtown-component-jacket","status":"publish","type":"product","link":"https:\/\/sezona.lv\/en\/products\/metelis-sieviesu-marmot-downtown-component-jacket\/","title":{"rendered":"M\u0113telis sievie\u0161u Marmot Downtown Component Jacket"},"content":{"rendered":"<p align=\"justify\"><span style=\"font-size: x-small\">Praktisks dizains un nostr\u0101d\u0101ts stils.&nbsp;<strong>Marmot Downtown Component<\/strong>&nbsp;m\u0113telis ir teicama izv\u0113le trij\u0101m sezon\u0101m. Ruden\u012b un pavasar\u012b Var vilkt tikai virs\u0113jo m\u0113teli, kas ir izgatavots no&nbsp;<strong>Marmot MemBrain&reg;<\/strong>divsl\u0101\u0146u membr\u0101nas, savuk\u0101rt ziem\u0101 iepog\u0101jot atpaka\u013c&nbsp;<strong>Thermal R&trade;<\/strong>&nbsp;oderi, m\u0113telis sniegs komfortablu siltumu. Lielisks pils\u0113tas sievie&scaron;u m\u0113telis jebkurai d\u0101mai.<\/span><\/p>\n<p>&nbsp;<\/p>\n<p><span style=\"color: #800000;font-size: x-small\"><strong>Specifik\u0101cija:<\/strong><\/span><\/p>\n<p>&nbsp;<\/p>\n<p><span style=\"font-size: x-small\"><strong>Pamatmateri\u0101ls:&nbsp;<\/strong>MemBrain&reg;10 100% Polyester Plain Weave 4.2 oz\/yd<br \/><\/span><span style=\"font-size: x-small\"><strong>Oder\u0113jums:&nbsp;<\/strong>100% Polyester Ripstop DWR 2.3oz\/yd<br \/><\/span><span style=\"font-size: x-small\"><strong>Sitin\u0101jums:<\/strong>&nbsp;Thermal R&trade;<br \/><\/span><span style=\"font-size: x-small\"><strong>Muguras garums:<\/strong>&nbsp;94cm (M izm\u0113ram)<br \/><\/span><span style=\"font-size: x-small\"><strong>Svars:<\/strong>&nbsp;723 grami<br \/><\/span><span style=\"font-size: x-small\"><strong>Kr\u0101sa:<\/strong>&nbsp;Viol\u0113ts, Pel\u0113ks, Melns<\/span><\/p>\n<p>&nbsp;<\/p>\n<p><span style=\"color: #800000;font-size: x-small\"><strong>Raksturojums:<\/strong><\/span><\/p>\n<p>&nbsp;<\/p>\n<p><span style=\"font-size: x-small\"><img loading=\"lazy\" decoding=\"async\" src=\"http:\/\/www.virsotne.lv\/userfiles\/image\/ahaa\/marmot_logo_aplisM.gif\" alt=\"\" width=\"15\" height=\"15\" \/>&nbsp;Divu sl\u0101\u0146u &scaron;uvju konstrukcija ar 100% p\u0101rl\u012bm\u0113t\u0101m &scaron;uv\u0113m<br \/><\/span><span style=\"font-size: x-small\"><img loading=\"lazy\" decoding=\"async\" src=\"http:\/\/www.virsotne.lv\/userfiles\/image\/ahaa\/marmot_logo_aplisM.gif\" alt=\"\" width=\"15\" height=\"15\" \/>&nbsp;Regul\u0113jamas man&scaron;etes ar magn\u0113tisko aizdari<br \/><\/span><span style=\"font-size: x-small\"><img loading=\"lazy\" decoding=\"async\" src=\"http:\/\/www.virsotne.lv\/userfiles\/image\/ahaa\/marmot_logo_aplisM.gif\" alt=\"\" width=\"15\" height=\"15\" \/>&nbsp;Iz\u0146emama odere<br \/><\/span><span style=\"font-size: x-small\"><img loading=\"lazy\" decoding=\"async\" src=\"http:\/\/www.virsotne.lv\/userfiles\/image\/ahaa\/marmot_logo_aplisM.gif\" alt=\"\" width=\"15\" height=\"15\" \/>&nbsp;No\u0146emama kapuce<br \/><\/span><span style=\"font-size: x-small\"><img loading=\"lazy\" decoding=\"async\" src=\"http:\/\/www.virsotne.lv\/userfiles\/image\/ahaa\/marmot_logo_aplisM.gif\" alt=\"\" width=\"15\" height=\"15\" \/>&nbsp;Iek&scaron;kabata ar r\u0101v\u0113jsl\u0113dz\u0113ju<\/span><\/p>\n","protected":false},"excerpt":{"rendered":"<p>Praktisks dizains un nostr\u0101d\u0101ts stils.&nbsp;Marmot Downtown Component&nbsp;m\u0113telis ir teicama izv\u0113le trij\u0101m sezon\u0101m. Ruden\u012b un pavasar\u012b Var vilkt tikai virs\u0113jo m\u0113teli, kas ir izgatavots no&nbsp;Marmot MemBrain&reg;divsl\u0101\u0146u membr\u0101nas, savuk\u0101rt ziem\u0101 iepog\u0101jot atpaka\u013c&nbsp;Thermal R&trade;&nbsp;oderi, m\u0113telis sniegs komfortablu siltumu. Lielisks pils\u0113tas sievie&scaron;u m\u0113telis jebkurai d\u0101mai. &nbsp; Specifik\u0101cija: &nbsp; Pamatmateri\u0101ls:&nbsp;MemBrain&reg;10 100% Polyester Plain Weave 4.2 oz\/ydOder\u0113jums:&nbsp;100% Polyester Ripstop DWR 2.3oz\/ydSitin\u0101jums:&nbsp;Thermal [&hellip;]<\/p>\n","protected":false},"featured_media":0,"template":"","meta":[],"product_brand":[908],"product_cat":[4619,4640,4911],"product_tag":[],"class_list":{"0":"post-77499","1":"product","2":"type-product","3":"status-publish","5":"product_brand-marmot","6":"product_cat-winter-clothes-recreation","7":"product_cat-recreation","8":"product_cat-down-coats-winter-clothes-recreation","10":"first","11":"instock","12":"shipping-taxable","13":"purchasable","14":"product-type-simple"},"_links":{"self":[{"href":"https:\/\/sezona.lv\/en\/wp-json\/wp\/v2\/product\/77499","targetHints":{"allow":["GET"]}}],"collection":[{"href":"https:\/\/sezona.lv\/en\/wp-json\/wp\/v2\/product"}],"about":[{"href":"https:\/\/sezona.lv\/en\/wp-json\/wp\/v2\/types\/product"}],"wp:attachment":[{"href":"https:\/\/sezona.lv\/en\/wp-json\/wp\/v2\/media?parent=77499"}],"wp:term":[{"taxonomy":"product_brand","embeddable":true,"href":"https:\/\/sezona.lv\/en\/wp-json\/wp\/v2\/product_brand?post=77499"},{"taxonomy":"product_cat","embeddable":true,"href":"https:\/\/sezona.lv\/en\/wp-json\/wp\/v2\/product_cat?post=77499"},{"taxonomy":"product_tag","embeddable":true,"href":"https:\/\/sezona.lv\/en\/wp-json\/wp\/v2\/product_tag?post=77499"}],"curies":[{"name":"wp","href":"https:\/\/api.w.org\/{rel}","templated":true}]}}