{"id":77500,"date":"2025-07-14T15:07:36","date_gmt":"2025-07-14T12:07:36","guid":{"rendered":"https:\/\/demo8.ecube.lv\/sezona.lv\/products\/metelis-marmot-high-street-jacket-2\/"},"modified":"2025-07-14T15:07:36","modified_gmt":"2025-07-14T12:07:36","slug":"metelis-marmot-high-street-jacket-2","status":"publish","type":"product","link":"https:\/\/sezona.lv\/en\/products\/metelis-marmot-high-street-jacket-2\/","title":{"rendered":"M\u0113telis Marmot High Street Jacket"},"content":{"rendered":"<p align=\"justify\"><span style=\"font-size: x-small\">Lielsiks ikdienas rudens\/pavasara m\u0113telis ar outdoor tehnolo\u0123ij\u0101m! J\u0101, tie&scaron;i t\u0101ds ir Marmot High Street m\u0113telis. Pateicoties Marmot Membrain&reg; \u016bdensdro&scaron;ajai un elpojo&scaron;ai membr\u0101nai, &scaron;is m\u0113telis pasarg\u0101s no auksta v\u0113ja un lietus v\u0113laj\u0101s rudens dien\u0101s. Stil\u012bgs un \u013coti praktisks.&nbsp;<br \/><\/span><\/p>\n<p>&nbsp;<\/p>\n<p><span style=\"color: #800000;font-size: x-small\"><strong>Specifikacija:<\/strong><\/span><\/p>\n<p>&nbsp;<\/p>\n<p><span style=\"font-size: x-small\"><strong>Materi\u0101ls:&nbsp;<\/strong>MemBrain&reg; 100% Nylon Plain Weave 2.9 oz\/yd<br \/><strong>Muguras garums:<\/strong>&nbsp;94cm (M izm\u0113ram)<br \/><strong>Piegriezums:<\/strong>&nbsp;Regular Fit<br \/><strong>Svars:&nbsp;<\/strong>391 grams<br \/><strong>Kr\u0101sa:<\/strong>&nbsp;Br\u016bna, Mlena, Balta, Sarkana<\/span><\/p>\n<p>&nbsp;<\/p>\n<p><span style=\"color: #800000;font-size: x-small\"><strong>Raksturojums:<\/strong><\/span><\/p>\n<p>&nbsp;<\/p>\n<p><span style=\"font-size: x-small\"><img loading=\"lazy\" decoding=\"async\" src=\"http:\/\/www.virsotne.lv\/userfiles\/image\/ahaa\/marmot_logo_aplisM.gif\" alt=\"\" width=\"15\" height=\"15\" \/>&nbsp;100% p\u0101rl\u012bm\u0113tas visas &scaron;uves<br \/><img loading=\"lazy\" decoding=\"async\" src=\"http:\/\/www.virsotne.lv\/userfiles\/image\/ahaa\/marmot_logo_aplisM.gif\" alt=\"\" width=\"15\" height=\"15\" \/>&nbsp;Regul\u0113jams man\u017eetes<br \/><img loading=\"lazy\" decoding=\"async\" src=\"http:\/\/www.virsotne.lv\/userfiles\/image\/ahaa\/marmot_logo_aplisM.gif\" alt=\"\" width=\"15\" height=\"15\" \/>&nbsp;Iek&scaron;kabata ar r\u0101v\u0113jsl\u0113dz\u0113ju<br \/><img loading=\"lazy\" decoding=\"async\" src=\"http:\/\/www.virsotne.lv\/userfiles\/image\/ahaa\/marmot_logo_aplisM.gif\" alt=\"\" width=\"15\" height=\"15\" \/>&nbsp;Marmot Membrain&reg; membr\u0101na &#8211; \u016bdens iztur\u012bga un elpojo&scaron;a<br \/><img loading=\"lazy\" decoding=\"async\" src=\"http:\/\/www.virsotne.lv\/userfiles\/image\/ahaa\/marmot_logo_aplisM.gif\" alt=\"\" width=\"15\" height=\"15\" \/>&nbsp;No\u0146emama kapuce<br \/><img loading=\"lazy\" decoding=\"async\" src=\"http:\/\/www.virsotne.lv\/userfiles\/image\/ahaa\/marmot_logo_aplisM.gif\" alt=\"\" width=\"15\" height=\"15\" \/>&nbsp;S\u0101nu kabatas ar r\u0101v\u0113jsl\u0113z\u0113ju<\/span><\/p>\n","protected":false},"excerpt":{"rendered":"<p>Lielsiks ikdienas rudens\/pavasara m\u0113telis ar outdoor tehnolo\u0123ij\u0101m! J\u0101, tie&scaron;i t\u0101ds ir Marmot High Street m\u0113telis. Pateicoties Marmot Membrain&reg; \u016bdensdro&scaron;ajai un elpojo&scaron;ai membr\u0101nai, &scaron;is m\u0113telis pasarg\u0101s no auksta v\u0113ja un lietus v\u0113laj\u0101s rudens dien\u0101s. Stil\u012bgs un \u013coti praktisks.&nbsp; &nbsp; Specifikacija: &nbsp; Materi\u0101ls:&nbsp;MemBrain&reg; 100% Nylon Plain Weave 2.9 oz\/ydMuguras garums:&nbsp;94cm (M izm\u0113ram)Piegriezums:&nbsp;Regular FitSvars:&nbsp;391 gramsKr\u0101sa:&nbsp;Br\u016bna, Mlena, Balta, Sarkana [&hellip;]<\/p>\n","protected":false},"featured_media":0,"template":"","meta":[],"product_brand":[908],"product_cat":[4619,4640,4911],"product_tag":[],"class_list":{"0":"post-77500","1":"product","2":"type-product","3":"status-publish","5":"product_brand-marmot","6":"product_cat-winter-clothes-recreation","7":"product_cat-recreation","8":"product_cat-down-coats-winter-clothes-recreation","10":"first","11":"instock","12":"shipping-taxable","13":"purchasable","14":"product-type-simple"},"_links":{"self":[{"href":"https:\/\/sezona.lv\/en\/wp-json\/wp\/v2\/product\/77500","targetHints":{"allow":["GET"]}}],"collection":[{"href":"https:\/\/sezona.lv\/en\/wp-json\/wp\/v2\/product"}],"about":[{"href":"https:\/\/sezona.lv\/en\/wp-json\/wp\/v2\/types\/product"}],"wp:attachment":[{"href":"https:\/\/sezona.lv\/en\/wp-json\/wp\/v2\/media?parent=77500"}],"wp:term":[{"taxonomy":"product_brand","embeddable":true,"href":"https:\/\/sezona.lv\/en\/wp-json\/wp\/v2\/product_brand?post=77500"},{"taxonomy":"product_cat","embeddable":true,"href":"https:\/\/sezona.lv\/en\/wp-json\/wp\/v2\/product_cat?post=77500"},{"taxonomy":"product_tag","embeddable":true,"href":"https:\/\/sezona.lv\/en\/wp-json\/wp\/v2\/product_tag?post=77500"}],"curies":[{"name":"wp","href":"https:\/\/api.w.org\/{rel}","templated":true}]}}