{"id":77501,"date":"2025-07-14T15:07:37","date_gmt":"2025-07-14T12:07:37","guid":{"rendered":"https:\/\/demo8.ecube.lv\/sezona.lv\/products\/dunu-metelis-marmot-sieviesu-montreaux-coat\/"},"modified":"2025-07-14T15:07:37","modified_gmt":"2025-07-14T12:07:37","slug":"dunu-metelis-marmot-sieviesu-montreaux-coat","status":"publish","type":"product","link":"https:\/\/sezona.lv\/en\/products\/dunu-metelis-marmot-sieviesu-montreaux-coat\/","title":{"rendered":"D\u016bnu m\u0113telis Marmot sievie\u0161u Montreaux Coat"},"content":{"rendered":"<p align=\"justify\"><span style=\"font-size: x-small\">Pilna garuma sievie&scaron;u pils\u0113tas d\u016bnu m\u0113telis. Marmot Montreaux d\u016bnu m\u0113telis ar DWR mitrumdro&scaron;o apstr\u0101di \u0101rpus\u0113 un Down Defender d\u016bnu mitrumiztur\u012bbas tehnolo\u0123iju iek&scaron;pus\u0113, sniegs nevainojamu komfortu v\u0113sajos rudens un ziemas vakaros. Ar mikrofl\u012bsi oder\u0113ta kabatu iek&scaron;puse un torsa da\u013ca g\u0101d\u0101s par pat\u012bkam m\u0101j\u012bgumu. P\u0101rdom\u0101tais piegriezums izcels sievi&scaron;\u0137\u012bgumu un eleganci. &Scaron;im m\u0113telim ir no\u0146emama ar d\u016bn\u0101m pild\u012bta kapuce, k\u0101 ar\u012b atsevi&scaron;\u0137i nopog\u0101jama m\u0101ksl\u012bg\u0101 ka\u017eok\u0101das apmal\u012bte. Lielisks \u0101r\u0101 ap\u0123\u0113rbs jebkurai sievietei.<\/span><\/p>\n<p>&nbsp;<\/p>\n<p><span style=\"font-size: x-small\"><strong><span style=\"color: #800000\">Specifik\u0101cija:<\/span><\/strong><\/span><\/p>\n<p>&nbsp;<\/p>\n<p><span style=\"font-size: x-small\"><strong>Materi\u0101ls:<\/strong>&nbsp;100% Polyster DWR 1.8oz\/yd<br \/><\/span><span style=\"font-size: x-small\"><strong>Odere:<\/strong>&nbsp;100% Polyester Embossed WR 1.8 oz\/yd<br \/><\/span><span style=\"font-size: x-small\"><strong>Siltin\u0101t\u0101js:&nbsp;<\/strong>700 Fill Power Down ar Down Defender<br \/><\/span><span style=\"font-size: x-small\"><strong>Piegriezums:&nbsp;<\/strong>Regular Fit<br \/><\/span><span style=\"font-size: x-small\"><strong>Svars:&nbsp;<\/strong>1054 grami<br \/><\/span><span style=\"font-size: x-small\"><strong>Kr\u0101sa:<\/strong>&nbsp;Gai&scaron;i br\u016bns, pel\u0113ks, melns, be&scaron;s<br \/><\/span><span style=\"font-size: x-small\"><strong>Muguras garums:<\/strong>&nbsp;99cm (M izm\u0113ram)<\/span><\/p>\n<p>&nbsp;<\/p>\n<p><span style=\"color: #800000;font-size: x-small\"><strong>Raksturojums:<\/strong><\/span><\/p>\n<p>&nbsp;<\/p>\n<p><span style=\"font-size: x-small\"><img loading=\"lazy\" decoding=\"async\" src=\"http:\/\/www.virsotne.lv\/userfiles\/image\/ahaa\/marmot_logo_aplisM.gif\" alt=\"\" width=\"15\" height=\"15\" \/>&nbsp;700 FP d\u016bnas ar Down Defender apstr\u0101di<br \/><\/span><span style=\"font-size: x-small\"><img loading=\"lazy\" decoding=\"async\" src=\"http:\/\/www.virsotne.lv\/userfiles\/image\/ahaa\/marmot_logo_aplisM.gif\" alt=\"\" width=\"15\" height=\"15\" \/>&nbsp;Iek&scaron;kabata ar r\u0101v\u0113jsl\u0113dz\u0113ju<br \/><\/span><span style=\"font-size: x-small\"><img loading=\"lazy\" decoding=\"async\" src=\"http:\/\/www.virsotne.lv\/userfiles\/image\/ahaa\/marmot_logo_aplisM.gif\" alt=\"\" width=\"15\" height=\"15\" \/>&nbsp;Liela iek&scaron;kabata cimdiem vai cepurei<br \/><\/span><span style=\"font-size: x-small\"><img loading=\"lazy\" decoding=\"async\" src=\"http:\/\/www.virsotne.lv\/userfiles\/image\/ahaa\/marmot_logo_aplisM.gif\" alt=\"\" width=\"15\" height=\"15\" \/>&nbsp;Mikrofl\u012bsa ma\u017eetes<br \/><\/span><span style=\"font-size: x-small\"><img loading=\"lazy\" decoding=\"async\" src=\"http:\/\/www.virsotne.lv\/userfiles\/image\/ahaa\/marmot_logo_aplisM.gif\" alt=\"\" width=\"15\" height=\"15\" \/>&nbsp;Mikrofl\u012bsa oder\u0113jums s\u0101nu kabatas<br \/><\/span><span style=\"font-size: x-small\"><img loading=\"lazy\" decoding=\"async\" src=\"http:\/\/www.virsotne.lv\/userfiles\/image\/ahaa\/marmot_logo_aplisM.gif\" alt=\"\" width=\"15\" height=\"15\" \/>&nbsp;No\u0146emama kapuce<br \/><\/span><span style=\"font-size: x-small\"><img loading=\"lazy\" decoding=\"async\" src=\"http:\/\/www.virsotne.lv\/userfiles\/image\/ahaa\/marmot_logo_aplisM.gif\" alt=\"\" width=\"15\" height=\"15\" \/>&nbsp;No\u0146emama m\u0101ksl\u012bga ka\u017eok\u0101das apmal\u012bte<\/span><\/p>\n","protected":false},"excerpt":{"rendered":"<p>Pilna garuma sievie&scaron;u pils\u0113tas d\u016bnu m\u0113telis. Marmot Montreaux d\u016bnu m\u0113telis ar DWR mitrumdro&scaron;o apstr\u0101di \u0101rpus\u0113 un Down Defender d\u016bnu mitrumiztur\u012bbas tehnolo\u0123iju iek&scaron;pus\u0113, sniegs nevainojamu komfortu v\u0113sajos rudens un ziemas vakaros. Ar mikrofl\u012bsi oder\u0113ta kabatu iek&scaron;puse un torsa da\u013ca g\u0101d\u0101s par pat\u012bkam m\u0101j\u012bgumu. P\u0101rdom\u0101tais piegriezums izcels sievi&scaron;\u0137\u012bgumu un eleganci. &Scaron;im m\u0113telim ir no\u0146emama ar d\u016bn\u0101m pild\u012bta [&hellip;]<\/p>\n","protected":false},"featured_media":0,"template":"","meta":[],"product_brand":[908],"product_cat":[4619,4640,4911],"product_tag":[],"class_list":{"0":"post-77501","1":"product","2":"type-product","3":"status-publish","5":"product_brand-marmot","6":"product_cat-winter-clothes-recreation","7":"product_cat-recreation","8":"product_cat-down-coats-winter-clothes-recreation","10":"first","11":"instock","12":"shipping-taxable","13":"purchasable","14":"product-type-simple"},"_links":{"self":[{"href":"https:\/\/sezona.lv\/en\/wp-json\/wp\/v2\/product\/77501","targetHints":{"allow":["GET"]}}],"collection":[{"href":"https:\/\/sezona.lv\/en\/wp-json\/wp\/v2\/product"}],"about":[{"href":"https:\/\/sezona.lv\/en\/wp-json\/wp\/v2\/types\/product"}],"wp:attachment":[{"href":"https:\/\/sezona.lv\/en\/wp-json\/wp\/v2\/media?parent=77501"}],"wp:term":[{"taxonomy":"product_brand","embeddable":true,"href":"https:\/\/sezona.lv\/en\/wp-json\/wp\/v2\/product_brand?post=77501"},{"taxonomy":"product_cat","embeddable":true,"href":"https:\/\/sezona.lv\/en\/wp-json\/wp\/v2\/product_cat?post=77501"},{"taxonomy":"product_tag","embeddable":true,"href":"https:\/\/sezona.lv\/en\/wp-json\/wp\/v2\/product_tag?post=77501"}],"curies":[{"name":"wp","href":"https:\/\/api.w.org\/{rel}","templated":true}]}}