{"id":77502,"date":"2025-07-14T15:07:38","date_gmt":"2025-07-14T12:07:38","guid":{"rendered":"https:\/\/demo8.ecube.lv\/sezona.lv\/products\/dunu-metelis-marmot-sieviesu-chelsea-coat\/"},"modified":"2025-07-14T15:07:38","modified_gmt":"2025-07-14T12:07:38","slug":"dunu-metelis-marmot-sieviesu-chelsea-coat","status":"publish","type":"product","link":"https:\/\/sezona.lv\/en\/products\/dunu-metelis-marmot-sieviesu-chelsea-coat\/","title":{"rendered":"D\u016bnu m\u0113telis Marmot sievie\u0161u Chelsea Coat"},"content":{"rendered":"<p align=\"justify\"><span style=\"font-size: x-small\">Pils\u0113tvides ziemas m\u0113telis ar d\u016bnu pild\u012bjumu. Lielisks 700 FP d\u016bnu pild\u012bjuma un Marmot Membrain&reg; membr\u0101nas apvienojums, padara &scaron;o m\u0113telis ne tikai siltu, bet ar\u012b \u016bdens un v\u0113ja iztur\u012bgu. K\u0101 rad\u012bts m\u016bs re\u0123ionam, kur ziema var b\u016bt silta un slapja. \u0112rtais piegriezums sniedz lielisku kust\u012bbas br\u012bv\u012bbu un neierobe\u017eo d\u0101mas. No\u0146emama kapuce.<\/span><\/p>\n<p>&nbsp;<\/p>\n<p><span style=\"color: #800000;font-size: x-small\"><strong>Specifik\u0101cija:<\/strong><\/span><\/p>\n<p>&nbsp;<\/p>\n<p><span style=\"font-size: x-small\"><strong>Materi\u0101ls:<\/strong>&nbsp;MemBrain&reg; 100% Polyester Herringbone 4.6 oz\/yd<br \/><\/span><span style=\"font-size: x-small\"><strong>Oder\u0113jums:<\/strong>&nbsp;100% Polyester Embossed WR 1.3 oz\/yd<br \/><\/span><span style=\"font-size: x-small\"><strong>Siltin\u0101jums:<\/strong>&nbsp;700 Fill Power Down<br \/><\/span><span style=\"font-size: x-small\"><strong>Piegriezums:&nbsp;<\/strong>Regular Fit<br \/><strong>Muguras garums:&nbsp;<\/strong>96cm (M izm\u0113ram)<br \/><\/span><span style=\"font-size: x-small\"><strong>Svars:&nbsp;<\/strong>1165 grami (M izm\u0113ram)<br \/><strong>Kr\u0101sa:&nbsp;<\/strong>Melna, Gai&scaron;i pel\u0113ka, sarkanbr\u016bna<\/span><\/p>\n<p><span style=\"color: #800000;font-size: x-small\"><strong>Raksturojums:<\/strong><\/span><\/p>\n<p><span style=\"font-size: x-small\"><img loading=\"lazy\" decoding=\"async\" src=\"http:\/\/www.virsotne.lv\/userfiles\/image\/ahaa\/marmot_logo_aplisM.gif\" alt=\"\" width=\"15\" height=\"15\" \/>&nbsp;100% p\u0101rl\u012bm\u0113tas divus sl\u0101\u0146u &scaron;uves<br \/><img loading=\"lazy\" decoding=\"async\" src=\"http:\/\/www.virsotne.lv\/userfiles\/image\/ahaa\/marmot_logo_aplisM.gif\" alt=\"\" width=\"15\" height=\"15\" \/>&nbsp;Augst\u0101k\u0101s kvalit\u0101tes 700 FP d\u016bnas<br \/><img loading=\"lazy\" decoding=\"async\" src=\"http:\/\/www.virsotne.lv\/userfiles\/image\/ahaa\/marmot_logo_aplisM.gif\" alt=\"\" width=\"15\" height=\"15\" \/>&nbsp;No\u0146emama kapuce un kapuces spalva<br \/><img loading=\"lazy\" decoding=\"async\" src=\"http:\/\/www.virsotne.lv\/userfiles\/image\/ahaa\/marmot_logo_aplisM.gif\" alt=\"\" width=\"15\" height=\"15\" \/>&nbsp;Mikrofl\u012bsa oder\u0113jums kabat\u0101s<br \/><img loading=\"lazy\" decoding=\"async\" src=\"http:\/\/www.virsotne.lv\/userfiles\/image\/ahaa\/marmot_logo_aplisM.gif\" alt=\"\" width=\"15\" height=\"15\" \/>&nbsp;Fl\u012bsa oder\u0113jums man\u017eet\u0113s<br \/><img loading=\"lazy\" decoding=\"async\" src=\"http:\/\/www.virsotne.lv\/userfiles\/image\/ahaa\/marmot_logo_aplisM.gif\" alt=\"\" width=\"15\" height=\"15\" \/>&nbsp;Regul\u0113jamas man\u017eetes.<\/span><\/p>\n","protected":false},"excerpt":{"rendered":"<p>Pils\u0113tvides ziemas m\u0113telis ar d\u016bnu pild\u012bjumu. Lielisks 700 FP d\u016bnu pild\u012bjuma un Marmot Membrain&reg; membr\u0101nas apvienojums, padara &scaron;o m\u0113telis ne tikai siltu, bet ar\u012b \u016bdens un v\u0113ja iztur\u012bgu. K\u0101 rad\u012bts m\u016bs re\u0123ionam, kur ziema var b\u016bt silta un slapja. \u0112rtais piegriezums sniedz lielisku kust\u012bbas br\u012bv\u012bbu un neierobe\u017eo d\u0101mas. No\u0146emama kapuce. &nbsp; Specifik\u0101cija: &nbsp; Materi\u0101ls:&nbsp;MemBrain&reg; 100% [&hellip;]<\/p>\n","protected":false},"featured_media":0,"template":"","meta":[],"product_brand":[908],"product_cat":[4619,4640,4911],"product_tag":[],"class_list":{"0":"post-77502","1":"product","2":"type-product","3":"status-publish","5":"product_brand-marmot","6":"product_cat-winter-clothes-recreation","7":"product_cat-recreation","8":"product_cat-down-coats-winter-clothes-recreation","10":"first","11":"instock","12":"shipping-taxable","13":"purchasable","14":"product-type-simple"},"_links":{"self":[{"href":"https:\/\/sezona.lv\/en\/wp-json\/wp\/v2\/product\/77502","targetHints":{"allow":["GET"]}}],"collection":[{"href":"https:\/\/sezona.lv\/en\/wp-json\/wp\/v2\/product"}],"about":[{"href":"https:\/\/sezona.lv\/en\/wp-json\/wp\/v2\/types\/product"}],"wp:attachment":[{"href":"https:\/\/sezona.lv\/en\/wp-json\/wp\/v2\/media?parent=77502"}],"wp:term":[{"taxonomy":"product_brand","embeddable":true,"href":"https:\/\/sezona.lv\/en\/wp-json\/wp\/v2\/product_brand?post=77502"},{"taxonomy":"product_cat","embeddable":true,"href":"https:\/\/sezona.lv\/en\/wp-json\/wp\/v2\/product_cat?post=77502"},{"taxonomy":"product_tag","embeddable":true,"href":"https:\/\/sezona.lv\/en\/wp-json\/wp\/v2\/product_tag?post=77502"}],"curies":[{"name":"wp","href":"https:\/\/api.w.org\/{rel}","templated":true}]}}