{"id":77503,"date":"2025-07-14T15:07:39","date_gmt":"2025-07-14T12:07:39","guid":{"rendered":"https:\/\/demo8.ecube.lv\/sezona.lv\/products\/dunu-metelis-marmot-sieviesu-montreal-coat\/"},"modified":"2025-07-14T15:07:39","modified_gmt":"2025-07-14T12:07:39","slug":"dunu-metelis-marmot-sieviesu-montreal-coat","status":"publish","type":"product","link":"https:\/\/sezona.lv\/en\/products\/dunu-metelis-marmot-sieviesu-montreal-coat\/","title":{"rendered":"D\u016bnu m\u0113telis Marmot sievie\u0161u Montreal Coat"},"content":{"rendered":"<p align=\"justify\"><span style=\"font-size: x-small\">Pusgarais sievie&scaron;u d\u016bnu m\u0113telis pils\u0113tas videi. Paredz\u0113ts \u013coti aukstiem laikapst\u0101k\u013ciem. M\u0113telim ir no\u0146emama kapuce, kurai var atpog\u0101t ka\u017eok\u0101das mali\u0146u. Erganomisks piegriezums \u013caus jebkurai sievietei justies eleganti un vienlaic\u012bgi ar\u012b silti. Virs\u0113jam materi\u0101lam ir DWR apstr\u0101dem, kas nodro&scaron;in\u0101s aizsardz\u012bbu pret mitrumu.<br \/><\/span><\/p>\n<p><span style=\"color: #800000;font-size: x-small\"><strong>Specifik\u0101cija:<\/strong><\/span><\/p>\n<p><span style=\"font-size: x-small\"><strong>Materi\u0101ls:&nbsp;<\/strong>100% Polyster DWR<br \/><strong>Odere:<\/strong><\/span>&nbsp;<span style=\"font-size: x-small\">100% Polyester Embossed<br \/><strong>Siltin\u0101t\u0101js:<\/strong><\/span>&nbsp;<span style=\"font-size: x-small\">650 FP zosu d\u016bnas<br \/><strong>Svars:<\/strong><\/span>&nbsp;<span style=\"font-size: x-small\">670 grami<br \/><strong>Kr\u0101sa:<\/strong><\/span>&nbsp;<span style=\"font-size: x-small\">Melna, oliv<span style=\"font-size: x-small\">za\u013ca<\/span><br \/><strong>Muguras garums:&nbsp;<\/strong>84cm (M izm\u0113ram)<br \/><\/span><\/p>\n<p><span style=\"color: #800000;font-size: x-small\"><strong>Raksturojums:<\/strong><\/span><\/p>\n<p><span style=\"font-size: x-small\">No\u0146emama kapuce ar ka\u017eok\u0101das apmali<br \/><\/span><span style=\"font-size: x-small\">S\u0101nu kabatas ar r\u0101v\u0113jsl\u0113dz\u0113ju un fl\u012bsa oder\u0113jumu &#8211; pat\u012bkami sasild\u012bs rokas<br \/><\/span><span style=\"font-size: x-small\">Sievie&scaron;u piegriezums &#8211; izcels augumu nesamazinot kust\u012bbu br\u012bv\u012bbu<br \/><\/span><span style=\"font-size: x-small\">Dubults r\u0101v\u0113jsl\u0113dz\u0113js &#8211; var atv\u0113rt ar\u012b no apak&scaron;puses<\/span><\/p>\n","protected":false},"excerpt":{"rendered":"<p>Pusgarais sievie&scaron;u d\u016bnu m\u0113telis pils\u0113tas videi. Paredz\u0113ts \u013coti aukstiem laikapst\u0101k\u013ciem. M\u0113telim ir no\u0146emama kapuce, kurai var atpog\u0101t ka\u017eok\u0101das mali\u0146u. Erganomisks piegriezums \u013caus jebkurai sievietei justies eleganti un vienlaic\u012bgi ar\u012b silti. Virs\u0113jam materi\u0101lam ir DWR apstr\u0101dem, kas nodro&scaron;in\u0101s aizsardz\u012bbu pret mitrumu. Specifik\u0101cija: Materi\u0101ls:&nbsp;100% Polyster DWROdere:&nbsp;100% Polyester EmbossedSiltin\u0101t\u0101js:&nbsp;650 FP zosu d\u016bnasSvars:&nbsp;670 gramiKr\u0101sa:&nbsp;Melna, olivza\u013caMuguras garums:&nbsp;84cm (M izm\u0113ram) Raksturojums: [&hellip;]<\/p>\n","protected":false},"featured_media":0,"template":"","meta":[],"product_brand":[908],"product_cat":[4619,4640,4911],"product_tag":[],"class_list":{"0":"post-77503","1":"product","2":"type-product","3":"status-publish","5":"product_brand-marmot","6":"product_cat-winter-clothes-recreation","7":"product_cat-recreation","8":"product_cat-down-coats-winter-clothes-recreation","10":"first","11":"instock","12":"shipping-taxable","13":"purchasable","14":"product-type-simple"},"_links":{"self":[{"href":"https:\/\/sezona.lv\/en\/wp-json\/wp\/v2\/product\/77503","targetHints":{"allow":["GET"]}}],"collection":[{"href":"https:\/\/sezona.lv\/en\/wp-json\/wp\/v2\/product"}],"about":[{"href":"https:\/\/sezona.lv\/en\/wp-json\/wp\/v2\/types\/product"}],"wp:attachment":[{"href":"https:\/\/sezona.lv\/en\/wp-json\/wp\/v2\/media?parent=77503"}],"wp:term":[{"taxonomy":"product_brand","embeddable":true,"href":"https:\/\/sezona.lv\/en\/wp-json\/wp\/v2\/product_brand?post=77503"},{"taxonomy":"product_cat","embeddable":true,"href":"https:\/\/sezona.lv\/en\/wp-json\/wp\/v2\/product_cat?post=77503"},{"taxonomy":"product_tag","embeddable":true,"href":"https:\/\/sezona.lv\/en\/wp-json\/wp\/v2\/product_tag?post=77503"}],"curies":[{"name":"wp","href":"https:\/\/api.w.org\/{rel}","templated":true}]}}