{"id":77504,"date":"2025-07-14T15:07:40","date_gmt":"2025-07-14T12:07:40","guid":{"rendered":"https:\/\/demo8.ecube.lv\/sezona.lv\/products\/dunu-metelis-marmot-girls-montreaux-coat\/"},"modified":"2025-07-14T15:07:40","modified_gmt":"2025-07-14T12:07:40","slug":"dunu-metelis-marmot-girls-montreaux-coat","status":"publish","type":"product","link":"https:\/\/sezona.lv\/en\/products\/dunu-metelis-marmot-girls-montreaux-coat\/","title":{"rendered":"D\u016bnu m\u0113telis Marmot Girls Montreaux Coat"},"content":{"rendered":"<p align=\"justify\"><span style=\"font-size: x-small\">Meite\u0146u d\u016bnu m\u0113telis pils\u0113tas videi. Paredz\u0113ts \u013coti aukstiem laikapst\u0101k\u013ciem. M\u0113telim ir no\u0146emama kapuce, kurai var atpog\u0101t ka\u017eok\u0101das mali\u0146u. Erganomisks piegriezums \u013caus jebkurai meitenei justies eleganti un vienlaic\u012bgi ar\u012b silti.<\/span><\/p>\n<p><span style=\"color: #800000;font-size: x-small\"><strong>Specifik\u0101cija:<\/strong><\/span><\/p>\n<p><span style=\"font-size: x-small\"><strong>Materi\u0101ls:&nbsp;<\/strong><\/span><br \/><span style=\"font-size: x-small\">100% Polyester DWR 1.8 oz\/yd,&nbsp;<br \/><strong>Odere:<\/strong><\/span>&nbsp;<span style=\"font-size: x-small\"><span style=\"font-size: x-small\">56% Modacrylic, 33% Acrylic, 11% Polyester Fur Trim&nbsp;<br \/><\/span><strong>Siltin\u0101t\u0101js:<\/strong><\/span>&nbsp;<span style=\"font-size: x-small\">700 FP d\u016bnas<br \/><strong>Svars:<\/strong><\/span>&nbsp;<span style=\"font-size: x-small\">706 grami<br \/><strong>Kr\u0101sa:<\/strong><\/span>&nbsp;<span style=\"font-size: x-small\">violeta, roz\u0101, melna<br \/><strong>Muguras da\u013cas garams:<\/strong>&nbsp;74,3cm (M izm\u0113ram)<br \/><\/span><\/p>\n<p><span style=\"color: #800000;font-size: x-small\"><strong>Galven\u0101s \u012bpa&scaron;\u012bbas:<\/strong><\/span><\/p>\n<p><span style=\"font-size: x-small\">No\u0146emama kapuce ar ka\u017eok\u0101das apmali<br \/><\/span><span style=\"font-size: x-small\">S\u0101nu kabatas ar r\u0101v\u0113jsl\u0113dz\u0113ju un fl\u012bsa oder\u0113jumu &#8211; pat\u012bkami sasild\u012bs rokas<br \/><\/span><span style=\"font-size: x-small\">Sievie&scaron;u piegriezums &#8211; izcels augumu nesamazinot kust\u012bbu br\u012bv\u012bbu<\/span><\/p>\n","protected":false},"excerpt":{"rendered":"<p>Meite\u0146u d\u016bnu m\u0113telis pils\u0113tas videi. Paredz\u0113ts \u013coti aukstiem laikapst\u0101k\u013ciem. M\u0113telim ir no\u0146emama kapuce, kurai var atpog\u0101t ka\u017eok\u0101das mali\u0146u. Erganomisks piegriezums \u013caus jebkurai meitenei justies eleganti un vienlaic\u012bgi ar\u012b silti. Specifik\u0101cija: Materi\u0101ls:&nbsp;100% Polyester DWR 1.8 oz\/yd,&nbsp;Odere:&nbsp;56% Modacrylic, 33% Acrylic, 11% Polyester Fur Trim&nbsp;Siltin\u0101t\u0101js:&nbsp;700 FP d\u016bnasSvars:&nbsp;706 gramiKr\u0101sa:&nbsp;violeta, roz\u0101, melnaMuguras da\u013cas garams:&nbsp;74,3cm (M izm\u0113ram) Galven\u0101s \u012bpa&scaron;\u012bbas: No\u0146emama kapuce [&hellip;]<\/p>\n","protected":false},"featured_media":0,"template":"","meta":[],"product_brand":[908],"product_cat":[4619,4640,4911],"product_tag":[],"class_list":{"0":"post-77504","1":"product","2":"type-product","3":"status-publish","5":"product_brand-marmot","6":"product_cat-winter-clothes-recreation","7":"product_cat-recreation","8":"product_cat-down-coats-winter-clothes-recreation","10":"first","11":"instock","12":"shipping-taxable","13":"purchasable","14":"product-type-simple"},"_links":{"self":[{"href":"https:\/\/sezona.lv\/en\/wp-json\/wp\/v2\/product\/77504","targetHints":{"allow":["GET"]}}],"collection":[{"href":"https:\/\/sezona.lv\/en\/wp-json\/wp\/v2\/product"}],"about":[{"href":"https:\/\/sezona.lv\/en\/wp-json\/wp\/v2\/types\/product"}],"wp:attachment":[{"href":"https:\/\/sezona.lv\/en\/wp-json\/wp\/v2\/media?parent=77504"}],"wp:term":[{"taxonomy":"product_brand","embeddable":true,"href":"https:\/\/sezona.lv\/en\/wp-json\/wp\/v2\/product_brand?post=77504"},{"taxonomy":"product_cat","embeddable":true,"href":"https:\/\/sezona.lv\/en\/wp-json\/wp\/v2\/product_cat?post=77504"},{"taxonomy":"product_tag","embeddable":true,"href":"https:\/\/sezona.lv\/en\/wp-json\/wp\/v2\/product_tag?post=77504"}],"curies":[{"name":"wp","href":"https:\/\/api.w.org\/{rel}","templated":true}]}}