{"id":77505,"date":"2025-07-14T15:07:41","date_gmt":"2025-07-14T12:07:41","guid":{"rendered":"https:\/\/demo8.ecube.lv\/sezona.lv\/products\/dunu-metelis-marmot-sieviesu-sonya-jacket\/"},"modified":"2025-07-14T15:07:41","modified_gmt":"2025-07-14T12:07:41","slug":"dunu-metelis-marmot-sieviesu-sonya-jacket","status":"publish","type":"product","link":"https:\/\/sezona.lv\/en\/products\/dunu-metelis-marmot-sieviesu-sonya-jacket\/","title":{"rendered":"D\u016bnu m\u0113telis Marmot sievie\u0161u Sonya Jacket"},"content":{"rendered":"<p align=\"justify\"><span style=\"font-size: x-small\">\u013boti viegls, bet tai pat laik\u0101 \u013coti silts, sievie&scaron;u, ikdienas m\u0113telis v\u0113siem rudens vakariem, k\u0101 ar\u012b ziemai. Marmot Sonya d\u016bnu m\u0113telis ar DWR mitrumdro&scaron;o apstr\u0101di \u0101rpus\u0113 un Down Defender d\u016bnu mitrumiztur\u012bbas tehnolo\u0123iju iek&scaron;pus\u0113, sniegs nevainojamu komfortu, un pasarg\u0101s no viegliem nokri&scaron;\u0146iem. P\u0101rdom\u0101tais piegriezums izcels sievi&scaron;\u0137\u012bgumu un eleganci. Lielisks \u0101r\u0101 ap\u0123\u0113rbs jebkurai sievietei.<\/span><\/p>\n<p>&nbsp;<\/p>\n<p><span style=\"font-size: x-small\"><strong><span style=\"color: #800000\">Specifik\u0101cija:<\/span><\/strong><\/span><\/p>\n<p>&nbsp;<\/p>\n<p><span style=\"font-size: x-small\"><strong>Materi\u0101ls:<\/strong>&nbsp;100% Nylon Mini Rip 1.1 oz\/ yd&nbsp;<\/span><span style=\"font-size: x-small\"><br \/><\/span><span style=\"font-size: x-small\"><strong>Siltin\u0101t\u0101js:&nbsp;<\/strong>700 Fill Power Down ar Down Defender<br \/><\/span><span style=\"font-size: x-small\"><strong>Piegriezums:&nbsp;<\/strong>Regular Fit<br \/><\/span><span style=\"font-size: x-small\"><strong>Svars:&nbsp;<\/strong>348 grami<\/span><span style=\"font-size: x-small\"><br \/><\/span><span style=\"font-size: x-small\"><strong>Muguras garums:<\/strong>&nbsp;86cm<br \/><\/span><\/p>\n<p>&nbsp;<\/p>\n<p><span style=\"color: #800000;font-size: x-small\"><strong>Raksturojums:<\/strong><\/span><\/p>\n<p>&nbsp;<\/p>\n<p><span style=\"font-size: x-small\"><img loading=\"lazy\" decoding=\"async\" src=\"http:\/\/www.virsotne.lv\/userfiles\/image\/ahaa\/marmot_logo_aplisM.gif\" alt=\"\" width=\"15\" height=\"15\" \/>&nbsp;700 FP d\u016bnas ar Down Defender apstr\u0101di<br \/><\/span><span style=\"font-size: x-small\"><img loading=\"lazy\" decoding=\"async\" src=\"http:\/\/www.virsotne.lv\/userfiles\/image\/ahaa\/marmot_logo_aplisM.gif\" alt=\"\" width=\"15\" height=\"15\" \/>&nbsp;Iek&scaron;kabata ar r\u0101v\u0113jsl\u0113dz\u0113ju<br \/><\/span><span style=\"font-size: x-small\"><img loading=\"lazy\" decoding=\"async\" src=\"http:\/\/www.virsotne.lv\/userfiles\/image\/ahaa\/marmot_logo_aplisM.gif\" alt=\"\" width=\"15\" height=\"15\" \/>&nbsp;Liela iek&scaron;kabata cimdiem vai cepurei<\/span><\/p>\n","protected":false},"excerpt":{"rendered":"<p>\u013boti viegls, bet tai pat laik\u0101 \u013coti silts, sievie&scaron;u, ikdienas m\u0113telis v\u0113siem rudens vakariem, k\u0101 ar\u012b ziemai. Marmot Sonya d\u016bnu m\u0113telis ar DWR mitrumdro&scaron;o apstr\u0101di \u0101rpus\u0113 un Down Defender d\u016bnu mitrumiztur\u012bbas tehnolo\u0123iju iek&scaron;pus\u0113, sniegs nevainojamu komfortu, un pasarg\u0101s no viegliem nokri&scaron;\u0146iem. P\u0101rdom\u0101tais piegriezums izcels sievi&scaron;\u0137\u012bgumu un eleganci. Lielisks \u0101r\u0101 ap\u0123\u0113rbs jebkurai sievietei. &nbsp; Specifik\u0101cija: &nbsp; [&hellip;]<\/p>\n","protected":false},"featured_media":0,"template":"","meta":[],"product_brand":[908],"product_cat":[4619,4640,4911],"product_tag":[],"class_list":{"0":"post-77505","1":"product","2":"type-product","3":"status-publish","5":"product_brand-marmot","6":"product_cat-winter-clothes-recreation","7":"product_cat-recreation","8":"product_cat-down-coats-winter-clothes-recreation","10":"first","11":"instock","12":"shipping-taxable","13":"purchasable","14":"product-type-simple"},"_links":{"self":[{"href":"https:\/\/sezona.lv\/en\/wp-json\/wp\/v2\/product\/77505","targetHints":{"allow":["GET"]}}],"collection":[{"href":"https:\/\/sezona.lv\/en\/wp-json\/wp\/v2\/product"}],"about":[{"href":"https:\/\/sezona.lv\/en\/wp-json\/wp\/v2\/types\/product"}],"wp:attachment":[{"href":"https:\/\/sezona.lv\/en\/wp-json\/wp\/v2\/media?parent=77505"}],"wp:term":[{"taxonomy":"product_brand","embeddable":true,"href":"https:\/\/sezona.lv\/en\/wp-json\/wp\/v2\/product_brand?post=77505"},{"taxonomy":"product_cat","embeddable":true,"href":"https:\/\/sezona.lv\/en\/wp-json\/wp\/v2\/product_cat?post=77505"},{"taxonomy":"product_tag","embeddable":true,"href":"https:\/\/sezona.lv\/en\/wp-json\/wp\/v2\/product_tag?post=77505"}],"curies":[{"name":"wp","href":"https:\/\/api.w.org\/{rel}","templated":true}]}}