{"id":77506,"date":"2025-07-14T15:07:42","date_gmt":"2025-07-14T12:07:42","guid":{"rendered":"https:\/\/demo8.ecube.lv\/sezona.lv\/products\/jaka-leki-zipp-off-jacket-ladies\/"},"modified":"2025-07-14T15:07:42","modified_gmt":"2025-07-14T12:07:42","slug":"jaka-leki-zipp-off-jacket-ladies","status":"publish","type":"product","link":"https:\/\/sezona.lv\/en\/products\/jaka-leki-zipp-off-jacket-ladies\/","title":{"rendered":"Jaka Leki Zipp Off Jacket Ladies"},"content":{"rendered":"<p><span style=\"font-size: x-small\">Viegla sievie&scaron;u v\u0113jjaka ar no\u0146emam\u0101m piedurkn\u0113m. V\u0113ja aizturo&scaron;ais un elpojo&scaron;ais audums \u013caus \u0113rti justies n\u016bjojot vai skrienot r\u012bta krosus.<\/span><\/p>\n<p><strong><span style=\"color: #800000;font-size: x-small\">Specifik\u0101cija:<\/span><\/strong><\/p>\n<p><span style=\"font-size: x-small\"><strong>Materi\u0101ls:<\/strong>&nbsp;97% neilons, 3% PU<\/span><\/p>\n<p><span style=\"font-size: x-small\"><strong><span style=\"color: #800000\">Raksturojums:<\/span><\/strong><\/p>\n<p><strong><span style=\"color: #800000;font-size: small\">o&nbsp;<\/span><\/strong>\u016adens un v\u0113ja notur\u012bga<br \/><\/span><span style=\"font-size: x-small\"><span style=\"font-size: x-small\"><strong><span style=\"color: #800000;font-size: small\">o&nbsp;<\/span><\/strong><\/span>Viegla un elpojo&scaron;a<br \/><\/span><span style=\"font-size: x-small\"><span style=\"font-size: x-small\"><strong><span style=\"color: #800000;font-size: small\">o&nbsp;<\/span><\/strong><\/span>S\u0101nu kabatas ar r\u0101v\u0113jsl\u0113dz\u0113ju<br \/><\/span><span style=\"font-size: x-small\"><span style=\"font-size: x-small\"><strong><span style=\"color: #800000;font-size: small\">o&nbsp;<\/span><\/strong><\/span>Atstarojo&scaron;i elementi<\/span><\/p>\n","protected":false},"excerpt":{"rendered":"<p>Viegla sievie&scaron;u v\u0113jjaka ar no\u0146emam\u0101m piedurkn\u0113m. V\u0113ja aizturo&scaron;ais un elpojo&scaron;ais audums \u013caus \u0113rti justies n\u016bjojot vai skrienot r\u012bta krosus. Specifik\u0101cija: Materi\u0101ls:&nbsp;97% neilons, 3% PU Raksturojums: o&nbsp;\u016adens un v\u0113ja notur\u012bgao&nbsp;Viegla un elpojo&scaron;ao&nbsp;S\u0101nu kabatas ar r\u0101v\u0113jsl\u0113dz\u0113juo&nbsp;Atstarojo&scaron;i elementi<\/p>\n","protected":false},"featured_media":0,"template":"","meta":[],"product_brand":[932],"product_cat":[4619,4640,4912],"product_tag":[],"class_list":{"0":"post-77506","1":"product","2":"type-product","3":"status-publish","5":"product_brand-leki","6":"product_cat-winter-clothes-recreation","7":"product_cat-recreation","8":"product_cat-windbreakers-winter-clothes-recreation","10":"first","11":"instock","12":"shipping-taxable","13":"purchasable","14":"product-type-simple"},"_links":{"self":[{"href":"https:\/\/sezona.lv\/en\/wp-json\/wp\/v2\/product\/77506","targetHints":{"allow":["GET"]}}],"collection":[{"href":"https:\/\/sezona.lv\/en\/wp-json\/wp\/v2\/product"}],"about":[{"href":"https:\/\/sezona.lv\/en\/wp-json\/wp\/v2\/types\/product"}],"wp:attachment":[{"href":"https:\/\/sezona.lv\/en\/wp-json\/wp\/v2\/media?parent=77506"}],"wp:term":[{"taxonomy":"product_brand","embeddable":true,"href":"https:\/\/sezona.lv\/en\/wp-json\/wp\/v2\/product_brand?post=77506"},{"taxonomy":"product_cat","embeddable":true,"href":"https:\/\/sezona.lv\/en\/wp-json\/wp\/v2\/product_cat?post=77506"},{"taxonomy":"product_tag","embeddable":true,"href":"https:\/\/sezona.lv\/en\/wp-json\/wp\/v2\/product_tag?post=77506"}],"curies":[{"name":"wp","href":"https:\/\/api.w.org\/{rel}","templated":true}]}}